{"id":9734,"date":"2025-01-02T14:26:06","date_gmt":"2025-01-02T13:26:06","guid":{"rendered":"https:\/\/www.purpan.fr\/presentation-of-the-school\/"},"modified":"2025-02-07T10:18:45","modified_gmt":"2025-02-07T09:18:45","slug":"presentation-of-the-school","status":"publish","type":"page","link":"https:\/\/www.purpan.fr\/en\/presentation-of-the-school\/","title":{"rendered":"Presentation of the School"},"content":{"rendered":"\n<div class=\"wp-block-getwid-section\"><div class=\"wp-block-getwid-section__wrapper\"><div class=\"wp-block-getwid-section__inner-wrapper\"><div class=\"wp-block-getwid-section__background-holder\"><div class=\"wp-block-getwid-section__background\"><\/div><div class=\"wp-block-getwid-section__foreground\"><\/div><\/div><div class=\"wp-block-getwid-section__content\"><div class=\"wp-block-getwid-section__inner-content\">\n<div class=\"wp-block-columns is-layout-flex wp-container-core-columns-is-layout-9d6595d7 wp-block-columns-is-layout-flex\">\n<div class=\"wp-block-column is-layout-flow wp-block-column-is-layout-flow\">\n<p>The school trains students in life sciences, agriculture and agri-food. Each year, it welcomes almost 1700 students across its various courses (from 3 to 5 years of higher education) and employs almost 180 people, including almost 75 permanent research professors.<\/p>\n\n\n\n<p><\/p>\n\n\n\n<p>The school has eight state-of-the-art research laboratories and platforms. It is also one of only two schools in France to have its own farm: the Domaine de Lamothe.<\/p>\n\n\n\n<p>PURPAN est au c\u0153ur des r\u00e9seaux d\u2019enseignement, de recherche et de d\u00e9veloppement et elle est notamment <a href=\"https:\/\/www.univ-tlse3.fr\/comprendre-l-universite\/projet-detablissement-public-experimental\" target=\"_blank\" rel=\"noreferrer noopener\">\u00e9tablissement composante de l&#8217;\u00c9tablissement Public Exp\u00e9rimental &#8220;Universit\u00e9 de Toulouse&#8221; depuis le 1er janvier 2025<\/a>. Son r\u00e9seau international est d\u00e9ploy\u00e9 dans plus de 50 pays.<\/p>\n\n\n\n<p>PURPAN has a CSR approach and is committed by definition to environmental protection, sustainable development and agro-ecology, not only through its day-to-day actions but also through the research projects to which its research professors contribute.<\/p>\n<\/div>\n\n\n\n<div class=\"wp-block-column is-layout-flow wp-block-column-is-layout-flow\"><div class=\"anchor-summary\" style=\"background-image: url('https:\/\/www.purpan.fr\/wp-content\/uploads\/2022\/09\/G2205748-scaled.jpg')\">\n    <div>\n        <strong>Summary<\/strong>\n        \n        <ul id=\"anchor-summary__list\">\n            \n        <\/ul>\n    <\/div>\n<\/div><\/div>\n<\/div>\n<\/div><\/div><\/div><\/div><\/div>\n\n<div class=\"wp-block-getwid-section has-background-color-green has-height-undefined\"><div class=\"wp-block-getwid-section__wrapper\"><div class=\"wp-block-getwid-section__inner-wrapper\"><div class=\"wp-block-getwid-section__background-holder\"><div class=\"wp-block-getwid-section__background\"><\/div><div class=\"wp-block-getwid-section__foreground\"><\/div><\/div><div class=\"wp-block-getwid-section__content\"><div class=\"wp-block-getwid-section__inner-content\">\n<div class=\"wp-block-columns is-layout-flex wp-container-core-columns-is-layout-9d6595d7 wp-block-columns-is-layout-flex\">\n<div class=\"wp-block-column is-layout-flow wp-block-column-is-layout-flow\">\n<figure class=\"wp-block-image size-full\"><img decoding=\"async\" width=\"975\" height=\"903\" src=\"https:\/\/www.purpan.fr\/wp-content\/uploads\/2024\/05\/Eric-Latge-2-1.png\" alt=\"\" class=\"wp-image-7743\" srcset=\"https:\/\/www.purpan.fr\/wp-content\/uploads\/2024\/05\/Eric-Latge-2-1.png 975w, https:\/\/www.purpan.fr\/wp-content\/uploads\/2024\/05\/Eric-Latge-2-1-300x278.png 300w, https:\/\/www.purpan.fr\/wp-content\/uploads\/2024\/05\/Eric-Latge-2-1-768x711.png 768w\" sizes=\"(max-width: 975px) 100vw, 975px\" \/><\/figure>\n<\/div>\n\n\n\n<div class=\"wp-block-column is-layout-flow wp-block-column-is-layout-flow\">\n<h2 class=\"wp-block-heading\">Message to future PURPAN students<\/h2>\n\n\n\n<p class=\"has-medium-font-size\"><strong>More than just filling in boxes on ParcourSup.<\/strong><\/p>\n\n\n\n<p><strong>Choosing an engineering school is often difficult, because it is the choice of a lifetime. Of course there\u2019s the ParcourSup* application, then an oral at PURPAN if you\u2019re selected. But in the end, it\u2019s you who chooses us. So why PURPAN?<\/strong><\/p>\n\n\n\n<p><\/p>\n\n\n\n<p>&#8211; Because our teaching focuses on biodiversity, the environment and sustainable development.<\/p>\n\n\n\n<p>&#8211; Because agriculture is part of the solution to the climate transition.<\/p>\n\n\n\n<p>&#8211; Because we have a large number of researchers (78%) working in public research.<\/p>\n\n\n\n<p>&#8211; Because studying an agricultural or agri-food sector provides a global vision of a virtuous model of political, social, human, ecological, economic and financial organization.<\/p>\n\n\n\n<p>&#8211; Because with one or two periods spent abroad, international culture is developed in every course.<\/p>\n\n\n\n<p>&#8211; Because even if you change career, your individual and professional development based on personal development and a systemic vision will serve you well.<\/p>\n\n\n\n<p>&#8211; Because your experience of student life will be multifaceted and rich in unforgettable encounters, as we make student life an integral part of your personal development.<\/p>\n\n\n\n<p>&#8211; Because our PURPAN culture is caring and cheerful\u2026<\/p>\n\n\n\n<p>In choosing PURPAN you choose more than just a school. Your choice is part of the very contemporary world of a shared project between young people in search of a future and a teaching community that puts each individual at the center of its project.<\/p>\n\n\n\n<p class=\"has-medium-font-size\"><strong>With PURPAN, make ParcourSup* the opportunity for your future.<\/strong><\/p>\n\n\n\n<p class=\"has-text-align-right\"><strong>Eric LATG\u00c9<\/strong><br\/>Vice Chancellor<\/p>\n<\/div>\n<\/div>\n\n\n\n<p class=\"has-text-align-right has-small-font-size\">* Depending on your profile, you can also enroll at PURPAN outside ParcourSup.<\/p>\n<\/div><\/div><\/div><\/div><\/div>\n\n<div class=\"wp-block-getwid-section\"><div class=\"wp-block-getwid-section__wrapper\"><div class=\"wp-block-getwid-section__inner-wrapper\"><div class=\"wp-block-getwid-section__background-holder\"><div class=\"wp-block-getwid-section__background\"><\/div><div class=\"wp-block-getwid-section__foreground\"><\/div><\/div><div class=\"wp-block-getwid-section__content\"><div class=\"wp-block-getwid-section__inner-content\">\n<h2 class=\"wp-block-heading\">History and values<\/h2>\n\n\n\n<div class=\"wp-block-columns is-layout-flex wp-container-core-columns-is-layout-9d6595d7 wp-block-columns-is-layout-flex\">\n<div class=\"wp-block-column is-layout-flow wp-block-column-is-layout-flow\">\n<p>\u00c9cole d\u2019ing\u00e9nieurs de PURPAN was founded in 1919 by farmers and Jesuit educators.<\/p>\n\n\n\n<p>Using teaching methods for success based on Ignatian sources\u2014the importance of experience, its analysis, support and review\u2014PURPAN\u2019s ambition is to help students develop with a great capacity for action and adaptation, personal commitment, solidarity and a sense of action.<\/p>\n\n\n\n<p><\/p>\n\n\n\n<p>The school has a recognized public service mission (in line with the Rocard Law of 1984) in the fields of training, research, international cooperation and technology transfer.<\/p>\n\n\n\n<p>Driven by a sense of responsibility, enthusiasm, benevolence and involvement, PURPAN has been helping its students acquire a vision and a culture of the world around them for over 100 years. This openness helps students acquire technical skills, critical thinking and adaptability, as well as, and above all, the ability to ground themselves with convictions, values and points of reference that stand the test of time.<\/p>\n\n\n\n<p>PURPAN set its own foundations from the outset, and has continued to build on them over the decades: A Passion for the Earth, A Drive for Knowledge, Teaching based on Support, Human Strength.<\/p>\n\n\n\n<p>These four pillars structure its identity and illustrate its DNA, which can be summed up in two words:<br\/>\u201cCultivating Humanity.\u201d The administrative teams and research professors all embody this philosophy and commitment for the students and the professionals we support each year in their research, development and innovation projects.<\/p>\n\n\n\n<p><\/p>\n<\/div>\n\n\n\n<div class=\"wp-block-column is-layout-flow wp-block-column-is-layout-flow\">\n<figure class=\"wp-block-image size-full has-image-full-height background-image-yellow-point-right\"><img decoding=\"async\" width=\"658\" height=\"644\" src=\"https:\/\/www.purpan.fr\/wp-content\/uploads\/2022\/07\/Chateau-de-Purpan.jpg\" alt=\"\" class=\"wp-image-441\" srcset=\"https:\/\/www.purpan.fr\/wp-content\/uploads\/2022\/07\/Chateau-de-Purpan.jpg 658w, https:\/\/www.purpan.fr\/wp-content\/uploads\/2022\/07\/Chateau-de-Purpan-300x294.jpg 300w\" sizes=\"(max-width: 658px) 100vw, 658px\" \/><\/figure>\n<\/div>\n<\/div>\n<\/div><\/div><\/div><\/div><\/div>\n\n<div class=\"wp-block-getwid-section\"><div class=\"wp-block-getwid-section__wrapper\"><div class=\"wp-block-getwid-section__inner-wrapper\"><div class=\"wp-block-getwid-section__background-holder\"><div class=\"wp-block-getwid-section__background\"><\/div><div class=\"wp-block-getwid-section__foreground\"><\/div><\/div><div class=\"wp-block-getwid-section__content\"><div class=\"wp-block-getwid-section__inner-content\">\n<h2 class=\"wp-block-heading\">The school environment<\/h2>\n\n\n\n<div class=\"wp-block-columns is-layout-flex wp-container-core-columns-is-layout-9d6595d7 wp-block-columns-is-layout-flex\">\n<div class=\"wp-block-column is-layout-flow wp-block-column-is-layout-flow\">\n<figure class=\"wp-block-image size-large\"><img decoding=\"async\" width=\"1024\" height=\"681\" src=\"https:\/\/www.purpan.fr\/wp-content\/uploads\/2024\/02\/129-1024x681.jpg\" alt=\"\" class=\"wp-image-5993\" srcset=\"https:\/\/www.purpan.fr\/wp-content\/uploads\/2024\/02\/129-1024x681.jpg 1024w, https:\/\/www.purpan.fr\/wp-content\/uploads\/2024\/02\/129-300x200.jpg 300w, https:\/\/www.purpan.fr\/wp-content\/uploads\/2024\/02\/129-768x511.jpg 768w, https:\/\/www.purpan.fr\/wp-content\/uploads\/2024\/02\/129-1536x1022.jpg 1536w, https:\/\/www.purpan.fr\/wp-content\/uploads\/2024\/02\/129-2048x1363.jpg 2048w\" sizes=\"(max-width: 1024px) 100vw, 1024px\" \/><\/figure>\n<\/div>\n\n\n\n<div class=\"wp-block-column is-layout-flow wp-block-column-is-layout-flow\">\n<p>Located in Toulouse on a green, tree-filled 26-hectare site, \u00c9cole d\u2019ing\u00e9nieurs de PURPAN features a 15th-century ch\u00e2teau and an impressive magnolia tree, planted in around 1783 and now classified as one of the most beautiful trees in Europe.<br\/>The entire estate, owned by a foundation linked to the school, is located opposite the new Cartoucherie district.<\/p>\n\n\n\n<p>The Toulouse site boasts a modern infrastructure tailored to the latest developments in education.<br\/><br\/>Located in France\u2019s second-largest agricultural region, Toulouse is home to a wide variety of terroirs and a remarkable wealth of gastronomic delights.<br\/>The ultimate student city and France\u2019s fourth-largest college town with almost 130,000 students, Toulouse, the \u201cPink City,\u201d is a dynamic combination of cutting-edge industries, research and the art of living in a place where rugby is the emblematic sport.<\/p>\n<\/div>\n<\/div>\n<\/div><\/div><\/div><\/div><\/div>\n\n<div class=\"wp-block-getwid-section has-background-color-yellow has-height-undefined\"><div class=\"wp-block-getwid-section__wrapper\"><div class=\"wp-block-getwid-section__inner-wrapper\"><div class=\"wp-block-getwid-section__background-holder\"><div class=\"wp-block-getwid-section__background\"><\/div><div class=\"wp-block-getwid-section__foreground\"><\/div><\/div><div class=\"wp-block-getwid-section__content\"><div class=\"wp-block-getwid-section__inner-content\">\n<h2 class=\"wp-block-heading\">Our specificities<\/h2>\n\n\n\n<p><strong>Personal development at the heart of PURPAN\u2019s educational project<\/strong><\/p>\n\n\n\n<p>A progressive course designed to:<\/p>\n\n\n\n<p>\u2022 Grasp tomorrow\u2019s challenges: understand the world and its issues<br\/>\u2022 Get to know, listen to and accept yourself, so you can progress and play your part.<br\/>\u2022 Embrace complementarity when working in a group and discover cultural diversity in the world and in a company.<br\/>\u2022 Develop a taste for communication and the desire to communicate.<br\/>\u2022 Become autonomous and responsible.<br\/>\u2022 Build your skills as a future manager.<br\/>\u2022 Assimilate personal and corporate ethics.<\/p>\n\n\n\n<p>Our courses in <strong>8 key points<\/strong>:<\/p>\n\n\n\n<p>\u2022 Training at the heart of today\u2019s and tomorrow\u2019s challenges.<br\/>\u2022 Recognized teaching based on support..<br\/>\u2022 A strong emphasis on \u201chands-on practice.\u201d<br\/>\u2022 Significant corporate experience. <br\/>&#8211; Significant international experience.<br\/>\u2022 A customizable course.<br\/>\u2022 A school that combines teaching and applied research.<br\/>\u2022 Dynamic student and community life.<\/p>\n\n\n\n<p><\/p>\n\n\n\n<div class=\"wp-block-columns is-layout-flex wp-container-core-columns-is-layout-9d6595d7 wp-block-columns-is-layout-flex\">\n<div class=\"wp-block-column is-layout-flow wp-block-column-is-layout-flow\"><\/div>\n<\/div>\n<\/div><\/div><\/div><\/div><\/div>\n\n<div class=\"wp-block-getwid-section\"><div class=\"wp-block-getwid-section__wrapper\"><div class=\"wp-block-getwid-section__inner-wrapper\"><div class=\"wp-block-getwid-section__background-holder\"><div class=\"wp-block-getwid-section__background\"><\/div><div class=\"wp-block-getwid-section__foreground\"><\/div><\/div><div class=\"wp-block-getwid-section__content\"><div class=\"wp-block-getwid-section__inner-content\">\n<h2 class=\"wp-block-heading\">Gender Equality Index (Feb.2024)<\/h2>\n\n\n\n<div class=\"wp-block-columns is-layout-flex wp-container-core-columns-is-layout-9d6595d7 wp-block-columns-is-layout-flex\">\n<div class=\"wp-block-column is-layout-flow wp-block-column-is-layout-flow\">\n<figure class=\"wp-block-image size-large\"><img decoding=\"async\" width=\"1024\" height=\"768\" src=\"https:\/\/www.purpan.fr\/wp-content\/uploads\/2024\/02\/Photo-du-personnel-1024x768.jpg\" alt=\"\" class=\"wp-image-6578\" srcset=\"https:\/\/www.purpan.fr\/wp-content\/uploads\/2024\/02\/Photo-du-personnel-1024x768.jpg 1024w, https:\/\/www.purpan.fr\/wp-content\/uploads\/2024\/02\/Photo-du-personnel-300x225.jpg 300w, https:\/\/www.purpan.fr\/wp-content\/uploads\/2024\/02\/Photo-du-personnel-768x576.jpg 768w, https:\/\/www.purpan.fr\/wp-content\/uploads\/2024\/02\/Photo-du-personnel-1536x1152.jpg 1536w, https:\/\/www.purpan.fr\/wp-content\/uploads\/2024\/02\/Photo-du-personnel-2048x1536.jpg 2048w\" sizes=\"(max-width: 1024px) 100vw, 1024px\" \/><figcaption class=\"wp-element-caption\">\u201cBiodiversity\u201d staff day in Clermont-le-Fort<\/figcaption><\/figure>\n<\/div>\n\n\n\n<div class=\"wp-block-column is-layout-flow wp-block-column-is-layout-flow\">\n<p>\u00c9cole d\u2019ing\u00e9nieurs de PURPAN scored <strong>94\/100 <\/strong>on the gender equality index, with the following indicators:<\/p>\n\n\n\n<p>&#8211; gender pay gap\u00a0: 34<br\/>&#8211; individual pay rise gap: 35<br\/>&#8211; employees receiving a pay rise after returning from maternity leave: 15<br\/>&#8211; parity among the highest earners: 10<\/p>\n<\/div>\n<\/div>\n<\/div><\/div><\/div><\/div><\/div>\n","protected":false},"excerpt":{"rendered":"","protected":false},"author":4,"featured_media":0,"parent":0,"menu_order":91,"comment_status":"closed","ping_status":"closed","template":"","meta":{"inline_featured_image":false,"footnotes":""},"class_list":["post-9734","page","type-page","status-publish","hentry"],"_links":{"self":[{"href":"https:\/\/www.purpan.fr\/en\/wp-json\/wp\/v2\/pages\/9734","targetHints":{"allow":["GET"]}}],"collection":[{"href":"https:\/\/www.purpan.fr\/en\/wp-json\/wp\/v2\/pages"}],"about":[{"href":"https:\/\/www.purpan.fr\/en\/wp-json\/wp\/v2\/types\/page"}],"author":[{"embeddable":true,"href":"https:\/\/www.purpan.fr\/en\/wp-json\/wp\/v2\/users\/4"}],"replies":[{"embeddable":true,"href":"https:\/\/www.purpan.fr\/en\/wp-json\/wp\/v2\/comments?post=9734"}],"version-history":[{"count":7,"href":"https:\/\/www.purpan.fr\/en\/wp-json\/wp\/v2\/pages\/9734\/revisions"}],"predecessor-version":[{"id":11094,"href":"https:\/\/www.purpan.fr\/en\/wp-json\/wp\/v2\/pages\/9734\/revisions\/11094"}],"wp:attachment":[{"href":"https:\/\/www.purpan.fr\/en\/wp-json\/wp\/v2\/media?parent=9734"}],"curies":[{"name":"wp","href":"https:\/\/api.w.org\/{rel}","templated":true}]}}