{"id":9695,"date":"2024-12-27T17:20:17","date_gmt":"2024-12-27T16:20:17","guid":{"rendered":"https:\/\/www.purpan.fr\/research-platforms\/"},"modified":"2025-02-07T10:16:45","modified_gmt":"2025-02-07T09:16:45","slug":"research-platforms","status":"publish","type":"page","link":"https:\/\/www.purpan.fr\/en\/research\/research-platforms\/","title":{"rendered":"Research platforms"},"content":{"rendered":"\n<div class=\"wp-block-getwid-section\"><div class=\"wp-block-getwid-section__wrapper\"><div class=\"wp-block-getwid-section__inner-wrapper\"><div class=\"wp-block-getwid-section__background-holder\"><div class=\"wp-block-getwid-section__background\"><\/div><div class=\"wp-block-getwid-section__foreground\"><\/div><\/div><div class=\"wp-block-getwid-section__content\"><div class=\"wp-block-getwid-section__inner-content\">\n<div class=\"wp-block-columns is-layout-flex wp-container-core-columns-is-layout-9d6595d7 wp-block-columns-is-layout-flex\">\n<div class=\"wp-block-column is-layout-flow wp-block-column-is-layout-flow\">\n<p>Research at \u00c9cole d\u2019ing\u00e9nieurs de PURPAN is supported by<a href=\"https:\/\/www.purpan.fr\/recherche\/les-equipes-de-recherche\/\" target=\"_blank\" rel=\"noreferrer noopener\"> <strong>five research departments<\/strong><\/a><a href=\"https:\/\/www.purpan.fr\/recherche\/les-equipes-de-recherche\/\"><strong><\/strong><\/a> and is structured around <strong>eight shared research platforms<\/strong> which are available to these departments. <\/p>\n\n\n\n<p>Four are located on the Toulouse Campus, grouped together in the <strong>\u201cP\u00f4le de Recherche en agro-alimentaire et nutrition\u201d (agri-food and nutrition research hub)<\/strong>: <\/p>\n\n\n\n<ul class=\"wp-block-list\">\n<li>&#8211; the Agri-food Technologies Hall<\/li>\n\n\n\n<li>&#8211; the TOAsT platform (oxidative technologies for agriculture and food processing in Toulouse)<\/li>\n\n\n\n<li>&#8211; the TFFFC (Toulouse Field-Flow Fractionation Center) platform, renowned for its analytical chemistry tools for characterizing very large molecules<\/li>\n\n\n\n<li>&#8211; physical and chemical analysis, microbiology and molecular biology laboratories<\/li>\n<\/ul>\n\n\n\n<p><\/p>\n\n\n\n<p>The other four are located on the Lamothe Campus and are grouped together at <strong>\u201cP\u00f4le de Recherche et d\u2019exp\u00e9rimentation de Lamothe\u201d (Lamothe research and experimentation hub)<\/strong>: <\/p>\n\n\n\n<ul class=\"wp-block-list\">\n<li class=\"wp-embed-aspect-16-9 wp-has-aspect-ratio\">&#8211; the Agronomy, Physiology &amp; Plant Improvement Platform<\/li>\n\n\n\n<li class=\"wp-embed-aspect-16-9 wp-has-aspect-ratio\">&#8211; The Dairy Cow &amp; Poultry Living Lab<\/li>\n\n\n\n<li class=\"wp-embed-aspect-16-9 wp-has-aspect-ratio\">&#8211; The Methanization \/ Carbon \/ Energy Workshop<\/li>\n\n\n\n<li class=\"wp-embed-aspect-16-9 wp-has-aspect-ratio\">&#8211; The Biodiversity Observatory<\/li>\n<\/ul>\n\n\n\n<p><\/p>\n\n\n\n<p>Finally, there is a \u201cCenter of Excellence\u201d with two chairs: In\u2019FAAQT and BASE<\/p>\n<\/div>\n\n\n\n<div class=\"wp-block-column is-layout-flow wp-block-column-is-layout-flow\"><div class=\"anchor-summary\" style=\"background-image: url('https:\/\/www.purpan.fr\/wp-content\/uploads\/2022\/10\/gloved-hands-of-researcher-dropping-liquid-substan-2022-02-01-22-38-35-utc-scaled.jpg')\">\n    <div>\n        <strong>Summary<\/strong>\n        \n        <ul id=\"anchor-summary__list\">\n            \n        <\/ul>\n    <\/div>\n<\/div><\/div>\n<\/div>\n<\/div><\/div><\/div><\/div><\/div>\n\n<div class=\"wp-block-getwid-section has-background-color-green has-height-undefined\"><div class=\"wp-block-getwid-section__wrapper\"><div class=\"wp-block-getwid-section__inner-wrapper\"><div class=\"wp-block-getwid-section__background-holder\"><div class=\"wp-block-getwid-section__background\"><\/div><div class=\"wp-block-getwid-section__foreground\"><\/div><\/div><div class=\"wp-block-getwid-section__content\"><div class=\"wp-block-getwid-section__inner-content\">\n<div class=\"wp-block-columns is-layout-flex wp-container-core-columns-is-layout-9d6595d7 wp-block-columns-is-layout-flex\">\n<div class=\"wp-block-column is-layout-flow wp-block-column-is-layout-flow\">\n<h2 class=\"wp-block-heading\">Lamothe Research &amp; Experimentation Hub<\/h2>\n<\/div>\n\n\n\n<div class=\"wp-block-column is-layout-flow wp-block-column-is-layout-flow\"><\/div>\n<\/div>\n\n\n\n<div style=\"height:40px\" aria-hidden=\"true\" class=\"wp-block-spacer\"><\/div>\n\n\n\n<div class=\"wp-block-columns is-layout-flex wp-container-core-columns-is-layout-9d6595d7 wp-block-columns-is-layout-flex\">\n<div class=\"wp-block-column is-layout-flow wp-block-column-is-layout-flow\">\n<figure class=\"wp-block-image size-full\"><img decoding=\"async\" width=\"2560\" height=\"1704\" src=\"https:\/\/www.purpan.fr\/wp-content\/uploads\/2024\/02\/179-scaled.jpg\" alt=\"\" class=\"wp-image-6503\" srcset=\"https:\/\/www.purpan.fr\/wp-content\/uploads\/2024\/02\/179-scaled.jpg 2560w, https:\/\/www.purpan.fr\/wp-content\/uploads\/2024\/02\/179-300x200.jpg 300w, https:\/\/www.purpan.fr\/wp-content\/uploads\/2024\/02\/179-1024x681.jpg 1024w, https:\/\/www.purpan.fr\/wp-content\/uploads\/2024\/02\/179-768x511.jpg 768w, https:\/\/www.purpan.fr\/wp-content\/uploads\/2024\/02\/179-1536x1022.jpg 1536w, https:\/\/www.purpan.fr\/wp-content\/uploads\/2024\/02\/179-2048x1363.jpg 2048w\" sizes=\"(max-width: 2560px) 100vw, 2560px\" \/><\/figure>\n\n\n\n<div style=\"height:30px\" aria-hidden=\"true\" class=\"wp-block-spacer\"><\/div>\n\n\n\n<h3 class=\"wp-block-heading\"><mark style=\"background-color:rgba(0, 0, 0, 0)\" class=\"has-inline-color has-blanc-color\">Agronomy, Agro-physiology and Plant Improvement Platform<\/mark><\/h3>\n\n\n\n<p>Microplots, greenhouses, growth chambers, phytotrons.<\/p>\n\n\n\n<p>Three objectives: <br\/>&#8211; Design and evaluation of sustainable<br\/>crop systems: innovating in input management and guaranteeing profitability.<br\/>&#8211; Sustainable partnerships at plot, farm and regional levels: start-ups, agricultural supply companies, farmers and cooperatives, etc.<br\/>&#8211; Scientific dissemination, extension and<br\/>direct transfer of knowledge and experience to farms.<\/p>\n<\/div>\n\n\n\n<div class=\"wp-block-column is-layout-flow wp-block-column-is-layout-flow\">\n<figure class=\"wp-block-image size-full\"><img decoding=\"async\" width=\"1212\" height=\"808\" src=\"https:\/\/www.purpan.fr\/wp-content\/uploads\/2024\/11\/PLateforme-Living-Lab.png\" alt=\"\" class=\"wp-image-9392\" srcset=\"https:\/\/www.purpan.fr\/wp-content\/uploads\/2024\/11\/PLateforme-Living-Lab.png 1212w, https:\/\/www.purpan.fr\/wp-content\/uploads\/2024\/11\/PLateforme-Living-Lab-300x200.png 300w, https:\/\/www.purpan.fr\/wp-content\/uploads\/2024\/11\/PLateforme-Living-Lab-1024x683.png 1024w, https:\/\/www.purpan.fr\/wp-content\/uploads\/2024\/11\/PLateforme-Living-Lab-768x512.png 768w\" sizes=\"(max-width: 1212px) 100vw, 1212px\" \/><\/figure>\n\n\n\n<div style=\"height:30px\" aria-hidden=\"true\" class=\"wp-block-spacer\"><\/div>\n\n\n\n<h3 class=\"wp-block-heading\"><mark style=\"background-color:rgba(0, 0, 0, 0)\" class=\"has-inline-color has-blanc-color\">Dairy Cow &amp; Poultry Living Lab<\/mark><\/h3>\n\n\n\n<p>Analyze the milk production of our herd of 120 cows, improve immunity and assess animal welfare through nutrition in poultry.<\/p>\n\n\n\n<p><mark style=\"background-color:rgba(0, 0, 0, 0)\" class=\"has-inline-color has-blanc-color\">\u00a0<\/mark><\/p>\n<\/div>\n<\/div>\n\n\n\n<div class=\"wp-block-columns is-layout-flex wp-container-core-columns-is-layout-9d6595d7 wp-block-columns-is-layout-flex\">\n<div class=\"wp-block-column is-layout-flow wp-block-column-is-layout-flow\">\n<figure class=\"wp-block-image size-large\"><img decoding=\"async\" width=\"1024\" height=\"640\" src=\"https:\/\/www.purpan.fr\/wp-content\/uploads\/2024\/02\/Methanisation-1024x640.png\" alt=\"\" class=\"wp-image-6511\" srcset=\"https:\/\/www.purpan.fr\/wp-content\/uploads\/2024\/02\/Methanisation-1024x640.png 1024w, https:\/\/www.purpan.fr\/wp-content\/uploads\/2024\/02\/Methanisation-300x187.png 300w, https:\/\/www.purpan.fr\/wp-content\/uploads\/2024\/02\/Methanisation-768x480.png 768w, https:\/\/www.purpan.fr\/wp-content\/uploads\/2024\/02\/Methanisation-1536x960.png 1536w, https:\/\/www.purpan.fr\/wp-content\/uploads\/2024\/02\/Methanisation-2048x1280.png 2048w\" sizes=\"(max-width: 1024px) 100vw, 1024px\" \/><\/figure>\n\n\n\n<div style=\"height:30px\" aria-hidden=\"true\" class=\"wp-block-spacer\"><\/div>\n\n\n\n<h3 class=\"wp-block-heading\"><mark style=\"background-color:rgba(0, 0, 0, 0)\" class=\"has-inline-color has-blanc-color\">Methanization\/Carbon\/Energy workshop<\/mark><\/h3>\n\n\n\n<p>The prototype micro-methanization unit positions PURPAN as a key player in the development of micro-methanization, and as a strong influence in the field of renewable energies and energy transition.<\/p>\n\n\n\n<p>The prototype was developed between 2017 and 2022 as part of the MCube research project in partnership with ADG (Atelier des Graves), SIREA, INSA CRITT GPTE (Haute-Garonne), Ovalie Innovation. The project also included a thesis on the agronomic value of methanization digestates. The \u201cEPUROGAZ\u201d biogas purifier pilot (LCA UMR INPT\/INRAE 1010, EPURTEK, GRDF, ADG) is also hosted on site. In 2024, a study is underway to develop this prototype into a fully-fledged production tool on the farm, as well as to develop research and teaching activities there.\u00a0<\/p>\n<\/div>\n\n\n\n<div class=\"wp-block-column is-layout-flow wp-block-column-is-layout-flow\">\n<figure class=\"wp-block-image size-large\"><img decoding=\"async\" width=\"1024\" height=\"479\" src=\"https:\/\/www.purpan.fr\/wp-content\/uploads\/2024\/03\/lavande-abeille-papillon-1024x479.jpeg\" alt=\"\" class=\"wp-image-6715\" srcset=\"https:\/\/www.purpan.fr\/wp-content\/uploads\/2024\/03\/lavande-abeille-papillon-1024x479.jpeg 1024w, https:\/\/www.purpan.fr\/wp-content\/uploads\/2024\/03\/lavande-abeille-papillon-300x140.jpeg 300w, https:\/\/www.purpan.fr\/wp-content\/uploads\/2024\/03\/lavande-abeille-papillon-768x359.jpeg 768w, https:\/\/www.purpan.fr\/wp-content\/uploads\/2024\/03\/lavande-abeille-papillon.jpeg 1496w\" sizes=\"(max-width: 1024px) 100vw, 1024px\" \/><\/figure>\n\n\n\n<p><\/p>\n\n\n\n<h3 class=\"wp-block-heading\"><mark style=\"background-color:rgba(0, 0, 0, 0)\" class=\"has-inline-color has-blanc-color\">Biodiversity observatory<\/mark> <\/h3>\n\n\n\n<p>The Lamothe Campus built and launched a wide-ranging territorial and skills partnership by launching the \u201cReconquering Biodiversity in Agroforestry Environments\u201d program.<\/p>\n\n\n\n<p>This program benefits from the support and expertise of the Conservatoire des Espaces Naturels d\u2019Occitanie (CEN Occitanie), as the Lamothe Campus is part of the network of 50 pilot farms in the Life Biodi\u2019Paysanne project. PURPAN and CEN Occitanie formalized this collaboration by creating the \u201cAgro-Silvicultural Biodiversity and Environment\u201d (BASE) Chair<\/p>\n\n\n\n<p>Launched in a pedagogical context, the first significant actions won the Lamothe Campus an award at the 8th<sup> <\/sup>annual \u201cTroph\u00e9es des Campus Responsables\u201d awards in 2022. This ambitious program is searching for the human and financial resources to bring the following current or scheduled actions to fruition:<\/p>\n\n\n\n<p>&#8211; <strong>Planting\/restoring hedgerows<\/strong> <br\/>&#8211; <strong>Digging ponds<\/strong><br\/>&#8211; <strong>Securing a mature and established <\/strong>ten-hectare forest<br\/> &#8211; <strong>Arboretum in the grounds of the Lamothe Campus ch\u00e2teau<\/strong> <br\/>&#8211; Creating <strong>three types of agro-silvo-pastoral rangelands<\/strong><\/p>\n<\/div>\n<\/div>\n<\/div><\/div><\/div><\/div><\/div>\n\n<div class=\"wp-block-getwid-section\"><div class=\"wp-block-getwid-section__wrapper\"><div class=\"wp-block-getwid-section__inner-wrapper\"><div class=\"wp-block-getwid-section__background-holder\"><div class=\"wp-block-getwid-section__background\"><\/div><div class=\"wp-block-getwid-section__foreground\"><\/div><\/div><div class=\"wp-block-getwid-section__content\"><div class=\"wp-block-getwid-section__inner-content\">\n<div class=\"wp-block-columns is-layout-flex wp-container-core-columns-is-layout-9d6595d7 wp-block-columns-is-layout-flex\">\n<div class=\"wp-block-column is-layout-flow wp-block-column-is-layout-flow\">\n<h2 class=\"wp-block-heading\">Food &amp; Nutrition Research Hub<\/h2>\n<\/div>\n\n\n\n<div class=\"wp-block-column is-layout-flow wp-block-column-is-layout-flow\"><\/div>\n<\/div>\n\n\n\n<div class=\"wp-block-columns is-layout-flex wp-container-core-columns-is-layout-9d6595d7 wp-block-columns-is-layout-flex\">\n<div class=\"wp-block-column is-layout-flow wp-block-column-is-layout-flow\">\n<figure class=\"wp-block-embed is-type-video is-provider-youtube wp-block-embed-youtube wp-embed-aspect-16-9 wp-has-aspect-ratio\"><div class=\"wp-block-embed__wrapper\">\n<script>document.addEventListener('DOMContentLoaded', function() {(tarteaucitron.job = tarteaucitron.job || []).push('youtube');});<\/script><div class=\"youtube_player\" videoID=\"ByJliwLlDCM\" width=\"100%\" height=\"100%\" style=\"height:50vw\" theme=\"light\" rel=\"0\" controls=\"1\" showinfo=\"1\" autoplay=\"0\"><\/div>\n<\/div><\/figure>\n\n\n\n<h3 class=\"wp-block-heading\"><mark style=\"background-color:rgba(0, 0, 0, 0)\" class=\"has-inline-color has-vert-color\">Agri-food Technologies Hall<\/mark><\/h3>\n\n\n\n<p>The role of this 735 m\u00b2 facility is as much related to research as it is to teaching. It enables students to experiment with projects in different sectors of the agri-food market: milk, yogurt, cheese, bread, beer, pasta, fruit juices, wine, etc.<\/p>\n\n\n\n<p>They study <strong>food processing<\/strong> in practice while respecting its nutritional and health qualities.<\/p>\n\n\n\n<p>The hall is of great interest to research and development companies looking to design new products. PURPAN\u2019s research professors can support them in their endeavors, sometimes with help from the school\u2019s students if the project allows.<\/p>\n<\/div>\n\n\n\n<div class=\"wp-block-column is-layout-flow wp-block-column-is-layout-flow\">\n<figure class=\"wp-block-embed is-type-video is-provider-youtube wp-block-embed-youtube wp-embed-aspect-16-9 wp-has-aspect-ratio\"><div class=\"wp-block-embed__wrapper\">\n<script>document.addEventListener('DOMContentLoaded', function() {(tarteaucitron.job = tarteaucitron.job || []).push('youtube');});<\/script><div class=\"youtube_player\" videoID=\"yr8UaA_dHrE\" width=\"100%\" height=\"100%\" style=\"height:50vw\" theme=\"light\" rel=\"0\" controls=\"1\" showinfo=\"1\" autoplay=\"0\"><\/div>\n<\/div><\/figure>\n\n\n\n<h3 class=\"wp-block-heading\"><mark style=\"background-color:rgba(0, 0, 0, 0)\" class=\"has-inline-color has-vert-color\">TOAsT* platform<\/mark><\/h3>\n\n\n\n<p>Created in 2017, the objective of the TOAsT platform is to <strong>identify oxidative technologies and their conditions of use.<\/strong>\u00a0The low persistence of these oxidizing products would reduce phytosanitary product residues on consumer foodstuffs.<\/p>\n\n\n\n<p>Ozone in particular has been tested in these technologies, and the results obtained are promising for key stages in the production of plants, fruits, vegetables or cereals as a total or partial substitute for phytopharmaceutical products.<\/p>\n\n\n\n<p>*<em>Oxidative Technologies for Agriculture and Food Processing<\/em><\/p>\n<\/div>\n<\/div>\n\n\n\n<div style=\"height:296px\" aria-hidden=\"true\" class=\"wp-block-spacer\"><\/div>\n\n\n\n<hr class=\"wp-block-separator has-alpha-channel-opacity\"\/>\n\n\n\n<div class=\"wp-block-columns is-layout-flex wp-container-core-columns-is-layout-9d6595d7 wp-block-columns-is-layout-flex\">\n<div class=\"wp-block-column is-layout-flow wp-block-column-is-layout-flow\">\n<figure class=\"wp-block-embed is-type-video is-provider-youtube wp-block-embed-youtube wp-embed-aspect-16-9 wp-has-aspect-ratio\"><div class=\"wp-block-embed__wrapper\">\n<script>document.addEventListener('DOMContentLoaded', function() {(tarteaucitron.job = tarteaucitron.job || []).push('youtube');});<\/script><div class=\"youtube_player\" videoID=\"j2wK2Ex_VmE\" width=\"100%\" height=\"100%\" style=\"height:50vw\" theme=\"light\" rel=\"0\" controls=\"1\" showinfo=\"1\" autoplay=\"0\"><\/div>\n<\/div><\/figure>\n\n\n\n<h3 class=\"wp-block-heading\"><mark style=\"background-color:rgba(0, 0, 0, 0)\" class=\"has-inline-color has-vert-color\">TFFFC platform<\/mark> (Toulouse Field-Flow Fractionation Center)<\/h3>\n\n\n\n<p><strong>Field-Flow Fractionation<\/strong>\u00a0(FFF) techniques are of great interest in characterizing various complex samples (proteins, polypeptides, nanoparticles, polymers, emulsions, cells\/viruses, etc.) that are frequently encountered in many industrial sectors (pharmaceuticals, nanotechnology, agri-food, biotechnology, materials, etc.).<br\/>The Toulouse FFF Center,\u00a0<strong>the only platform of its kind in Europe<\/strong>, provides\u00a0<strong>industrial and academic partners\u00a0<\/strong>with access to\u00a0the various FFF techniques currently available (AsFlFFF, SdFFF, ThFFF, EAF4, etc.) coupled with different types of detectors (UV, RI, Mals, DLS, particle analyzers, etc.) as part of\u00a0<strong>collaborative research projects<\/strong>.<\/p>\n\n\n\n<div class=\"wp-block-buttons is-layout-flex wp-block-buttons-is-layout-flex\">\n<div class=\"wp-block-button\"><a class=\"wp-block-button__link wp-element-button\" href=\"mailto:plateformetfffc@purpan.fr\">Contact the platform<\/a><\/div>\n<\/div>\n\n\n\n<p><\/p>\n<\/div>\n\n\n\n<div class=\"wp-block-column is-layout-flow wp-block-column-is-layout-flow\">\n<figure class=\"wp-block-image size-full\"><img decoding=\"async\" width=\"1579\" height=\"881\" src=\"https:\/\/www.purpan.fr\/wp-content\/uploads\/2024\/02\/Labos.png\" alt=\"\" class=\"wp-image-6439\" srcset=\"https:\/\/www.purpan.fr\/wp-content\/uploads\/2024\/02\/Labos.png 1579w, https:\/\/www.purpan.fr\/wp-content\/uploads\/2024\/02\/Labos-300x167.png 300w, https:\/\/www.purpan.fr\/wp-content\/uploads\/2024\/02\/Labos-1024x571.png 1024w, https:\/\/www.purpan.fr\/wp-content\/uploads\/2024\/02\/Labos-768x429.png 768w, https:\/\/www.purpan.fr\/wp-content\/uploads\/2024\/02\/Labos-1536x857.png 1536w\" sizes=\"(max-width: 1579px) 100vw, 1579px\" \/><\/figure>\n\n\n\n<h3 class=\"wp-block-heading\"><mark style=\"background-color:rgba(0, 0, 0, 0)\" class=\"has-inline-color has-vert-color\">Physical and Chemical Analysis, Microbiology and Molecular Biology Laboratory<\/mark><\/h3>\n\n\n\n<p><strong>Physical and Chemical Analysis Laboratory<\/strong><br\/>This laboratory is equipped with the following techniques: GC, GC-MS, UHPLC, preparative HPLC, elemental analyzer, UV-visible spectrophotometer, NIRS, RAMAN, used to quantify and identify a broad spectrum of molecules (pesticides, metabolites, etc.)\u00a0<\/p>\n\n\n\n<p><strong>Microbiology and Molecular Biology Laboratory<\/strong><br\/>This laboratory is equipped with laminar flow hoods, PCR, RT-PCR, electrophoresis, extraction systems, etc.<br\/>It enables the identification and quantification of different types of microorganisms (bacteria, fungi, etc.) that make up either flora of interest in agricultural matrices (lactic bacteria in milk), or pathogenic flora on plants or fruit.<br\/>It also enables gene expression analysis, mainly of plant defense genes.<\/p>\n<\/div>\n<\/div>\n<\/div><\/div><\/div><\/div><\/div>\n\n<div class=\"wp-block-getwid-section has-background-color-yellow has-height-undefined\"><div class=\"wp-block-getwid-section__wrapper\"><div class=\"wp-block-getwid-section__inner-wrapper\"><div class=\"wp-block-getwid-section__background-holder\"><div class=\"wp-block-getwid-section__background\"><\/div><div class=\"wp-block-getwid-section__foreground\"><\/div><\/div><div class=\"wp-block-getwid-section__content\"><div class=\"wp-block-getwid-section__inner-content\">\n<div class=\"wp-block-columns is-layout-flex wp-container-core-columns-is-layout-9d6595d7 wp-block-columns-is-layout-flex\">\n<div class=\"wp-block-column is-layout-flow wp-block-column-is-layout-flow\">\n<h2 class=\"wp-block-heading\">Chairs<\/h2>\n<\/div>\n\n\n\n<div class=\"wp-block-column is-layout-flow wp-block-column-is-layout-flow\"><\/div>\n<\/div>\n\n\n\n<div class=\"wp-block-columns is-layout-flex wp-container-core-columns-is-layout-9d6595d7 wp-block-columns-is-layout-flex\">\n<div class=\"wp-block-column is-layout-flow wp-block-column-is-layout-flow\">\n<figure class=\"wp-block-image size-full\"><img decoding=\"async\" width=\"1920\" height=\"1280\" src=\"https:\/\/www.purpan.fr\/wp-content\/uploads\/2024\/02\/BASE.jpg\" alt=\"\" class=\"wp-image-6447\" srcset=\"https:\/\/www.purpan.fr\/wp-content\/uploads\/2024\/02\/BASE.jpg 1920w, https:\/\/www.purpan.fr\/wp-content\/uploads\/2024\/02\/BASE-300x200.jpg 300w, https:\/\/www.purpan.fr\/wp-content\/uploads\/2024\/02\/BASE-1024x683.jpg 1024w, https:\/\/www.purpan.fr\/wp-content\/uploads\/2024\/02\/BASE-768x512.jpg 768w, https:\/\/www.purpan.fr\/wp-content\/uploads\/2024\/02\/BASE-1536x1024.jpg 1536w\" sizes=\"(max-width: 1920px) 100vw, 1920px\" \/><\/figure>\n\n\n\n<p><\/p>\n\n\n\n<h3 class=\"wp-block-heading\"><mark style=\"background-color:rgba(0, 0, 0, 0)\" class=\"has-inline-color has-vert-color\">BASE Chair (Agro-Silvicultural Biodiversity and Environment)<\/mark> <\/h3>\n\n\n\n<p>Launched in 2022, this chair aims to design and implement communication, teaching and research activities, in particular in the fields of <strong>improving knowledge and implementing biodiversity conservation means in agrosystems and in forests<\/strong>.<\/p>\n\n\n\n<p>This mission involves several activities:<\/p>\n\n\n\n<ul class=\"wp-block-list\">\n<li><strong>Promoting<\/strong> to as many stakeholders as possible, and in particular <strong>to the general public<\/strong>; approaches to <strong>operational biodiversity conservation<\/strong>, taking part in or organizing information events.<\/li>\n\n\n\n<li><strong>Contributing to teaching initiatives<\/strong>: the BASE Chair contributes to the development and implementation of courses in applied biology and operational biodiversity conservation, targeting PURPAN undergraduates in particular.<\/li>\n\n\n\n<li><strong>Contributing to research initiatives<\/strong>: thanks to the support it receives, the BASE Chair proposes or contributes to research projects involving, for example, the use of shared equipment on different sites (Lamothe and Toulouse campuses for PURPAN, CEN d\u2019Occitanie sites).<\/li>\n<\/ul>\n\n\n\n<div class=\"wp-block-buttons is-layout-flex wp-block-buttons-is-layout-flex\">\n<div class=\"wp-block-button\"><a class=\"wp-block-button__link wp-element-button\" href=\"https:\/\/www.purpan.fr\/2022\/09\/08\/le-conservatoire-despaces-naturels-doccitanie-et-lecole-dingenieurs-de-purpan-signent-la-chaire-biodiversite-agro-sylvicole-et-environnement-base\/\" target=\"_blank\" rel=\"noreferrer noopener\">Read the press release about the signature<\/a><\/div>\n<\/div>\n<\/div>\n\n\n\n<div class=\"wp-block-column is-layout-flow wp-block-column-is-layout-flow\">\n<figure class=\"wp-block-image size-full\"><img decoding=\"async\" width=\"1012\" height=\"711\" src=\"https:\/\/www.purpan.fr\/wp-content\/uploads\/2024\/02\/INFAAQT.png\" alt=\"\" class=\"wp-image-6445\" srcset=\"https:\/\/www.purpan.fr\/wp-content\/uploads\/2024\/02\/INFAAQT.png 1012w, https:\/\/www.purpan.fr\/wp-content\/uploads\/2024\/02\/INFAAQT-300x211.png 300w, https:\/\/www.purpan.fr\/wp-content\/uploads\/2024\/02\/INFAAQT-768x540.png 768w\" sizes=\"(max-width: 1012px) 100vw, 1012px\" \/><\/figure>\n\n\n\n<p><\/p>\n\n\n\n<h3 class=\"wp-block-heading\"><mark style=\"background-color:rgba(0, 0, 0, 0)\" class=\"has-inline-color has-vert-color\">In\u2019FAAQT Chair (Innovation in the fields of Agricultural and Agri-food, Quality and the Regions)<\/mark><\/h3>\n\n\n\n<p>Launched in 2019, and the first <strong>teaching and research chair dedicated to qualification processes in agriculture<\/strong>, the In\u2019FAAQT Chair aims to support the transition of agricultural and agri-food businesses through socio-economic innovation within quality sectors in France. <\/p>\n\n\n\n<p>Local presence, generational renewal, governance and collective action, value chains, environmental sustainability, new consumer expectations, etc. <\/p>\n\n\n\n<p>Its 2020\u20132025 program focuses on research, training and disseminating the scientific insights generated in close collaboration with industry professionals. As it is not a separate legal entity in its own right, it is backed by the Fonds de Dotation de l\u2019Universit\u00e9 F\u00e9d\u00e9rale de Toulouse for its administrative and financial framework, as a sponsorship chair (up to 66% tax-free donations). <\/p>\n\n\n\n<p><a href=\"http:\/\/www.Infaaqt.fr\" target=\"_blank\" rel=\"noreferrer noopener\">www.Infaaqt.fr<\/a><\/p>\n\n\n\n<div class=\"wp-block-buttons is-layout-flex wp-block-buttons-is-layout-flex\">\n<div class=\"wp-block-button\"><a class=\"wp-block-button__link wp-element-button\" href=\"https:\/\/www.ensat.fr\/fr\/entreprises\/decouvrir-nos-chaires\/chaire-infaaqt.html\" target=\"_blank\" rel=\"noreferrer noopener\">Read more<\/a><\/div>\n<\/div>\n<\/div>\n<\/div>\n<\/div><\/div><\/div><\/div><\/div>\n","protected":false},"excerpt":{"rendered":"","protected":false},"author":1,"featured_media":0,"parent":9699,"menu_order":119,"comment_status":"closed","ping_status":"closed","template":"","meta":{"inline_featured_image":false,"footnotes":""},"class_list":["post-9695","page","type-page","status-publish","hentry"],"_links":{"self":[{"href":"https:\/\/www.purpan.fr\/en\/wp-json\/wp\/v2\/pages\/9695","targetHints":{"allow":["GET"]}}],"collection":[{"href":"https:\/\/www.purpan.fr\/en\/wp-json\/wp\/v2\/pages"}],"about":[{"href":"https:\/\/www.purpan.fr\/en\/wp-json\/wp\/v2\/types\/page"}],"author":[{"embeddable":true,"href":"https:\/\/www.purpan.fr\/en\/wp-json\/wp\/v2\/users\/1"}],"replies":[{"embeddable":true,"href":"https:\/\/www.purpan.fr\/en\/wp-json\/wp\/v2\/comments?post=9695"}],"version-history":[{"count":4,"href":"https:\/\/www.purpan.fr\/en\/wp-json\/wp\/v2\/pages\/9695\/revisions"}],"predecessor-version":[{"id":11079,"href":"https:\/\/www.purpan.fr\/en\/wp-json\/wp\/v2\/pages\/9695\/revisions\/11079"}],"up":[{"embeddable":true,"href":"https:\/\/www.purpan.fr\/en\/wp-json\/wp\/v2\/pages\/9699"}],"wp:attachment":[{"href":"https:\/\/www.purpan.fr\/en\/wp-json\/wp\/v2\/media?parent=9695"}],"curies":[{"name":"wp","href":"https:\/\/api.w.org\/{rel}","templated":true}]}}