{"id":9413,"date":"2022-06-08T10:15:40","date_gmt":"2022-06-08T08:15:40","guid":{"rendered":"https:\/\/www.purpan.fr\/organisation-de-lecole\/"},"modified":"2025-02-07T10:16:38","modified_gmt":"2025-02-07T09:16:38","slug":"school-organization","status":"publish","type":"page","link":"https:\/\/www.purpan.fr\/en\/school-organization\/","title":{"rendered":"School organization"},"content":{"rendered":"\n<div class=\"wp-block-getwid-section\"><div class=\"wp-block-getwid-section__wrapper\"><div class=\"wp-block-getwid-section__inner-wrapper\"><div class=\"wp-block-getwid-section__background-holder\"><div class=\"wp-block-getwid-section__background\"><\/div><div class=\"wp-block-getwid-section__foreground\"><\/div><\/div><div class=\"wp-block-getwid-section__content\"><div class=\"wp-block-getwid-section__inner-content\">\n<div class=\"wp-block-columns is-layout-flex wp-container-core-columns-is-layout-9d6595d7 wp-block-columns-is-layout-flex\">\n<div class=\"wp-block-column is-layout-flow wp-block-column-is-layout-flow\">\n<p>An organization focused on students and companies, based on three strong identities:<\/p>\n\n\n\n<p>\u2022 <strong>The Board of Directors<br\/>\u2022 The students<\/strong> at the heart of our organization<strong><br\/>\u2022 The companies<\/strong>, farmers and organizations, in close interaction with the school.<\/p>\n<\/div>\n\n\n\n<div class=\"wp-block-column is-layout-flow wp-block-column-is-layout-flow\"><div class=\"anchor-summary\" style=\"background-image: url('https:\/\/www.purpan.fr\/wp-content\/uploads\/2022\/09\/business-meeting-and-teamwork-by-business-people-2022-02-02-03-56-20-utc-scaled.jpg')\">\n    <div>\n        <strong>Summary<\/strong>\n        \n        <ul id=\"anchor-summary__list\">\n            \n        <\/ul>\n    <\/div>\n<\/div><\/div>\n<\/div>\n<\/div><\/div><\/div><\/div><\/div>\n\n<div class=\"wp-block-getwid-section has-background-color-green has-height-undefined\"><div class=\"wp-block-getwid-section__wrapper\"><div class=\"wp-block-getwid-section__inner-wrapper\"><div class=\"wp-block-getwid-section__background-holder\"><div class=\"wp-block-getwid-section__background\"><\/div><div class=\"wp-block-getwid-section__foreground\"><\/div><\/div><div class=\"wp-block-getwid-section__content\"><div class=\"wp-block-getwid-section__inner-content\">\n<h2 class=\"wp-block-heading\">Board of Directors<\/h2>\n\n\n\n<p>A Board of Directors, responsible for the institution and focused on the business, the purpose of our teaching and our external operations.<\/p>\n\n\n\n<div class=\"wp-block-columns is-layout-flex wp-container-core-columns-is-layout-9d6595d7 wp-block-columns-is-layout-flex\">\n<div class=\"wp-block-column is-layout-flow wp-block-column-is-layout-flow\">\n<p>\u2022 <strong>Chair &#8211; Ms. Myriam Cormary<\/strong> <em>(General Director of the Pyr\u00e9n\u00e9es-Orientales Chamber of Agriculture)<\/em><\/p>\n\n\n\n<p>\u2022 <strong>Vice-Chair &#8211; Mr. Christian Reclus <\/strong><em>(General Manager at Arterris)<\/em><\/p>\n\n\n\n<p>\u2022 <strong>Secretary &#8211; Ms. Genevi\u00e8ve Cazes-Valette<\/strong> <em>(Emeritus Professor of Toulouse Business School and Researcher in marketing and food anthropology)<\/em><\/p>\n\n\n\n<p>\u2022 <strong>Treasurer &#8211; Mr. Arnaud Gaset <\/strong><em>(Managing Partner of La Boulange d\u2019Angeline, Managing Partner of Th\u00e9m\u00e9lyo)<\/em><\/p>\n\n\n\n<p>\u2022 <strong>Elected member &#8211; Mr. Serge Clamagirand<\/strong> <em>(Former General Manager of the APO Group, retired)<\/em><\/p>\n\n\n\n<p>\u2022 <strong>Ex-officio member &#8211; Brother J\u00e9r\u00f4me Gu\u00e9, S.J.,<\/strong> <em>(Representative of the France Provincial of the Jesuit Order)<\/em><\/p>\n\n\n\n<p>\u2022 <strong>Ex-officio member &#8211; Prof. Fran\u00e7ois Moog<\/strong> <em>(Rector of the Institut Catholique de Toulouse)<\/em><\/p>\n\n\n\n<p>\u2022 <strong>Ex-officio member &#8211; Mr. Corentin Quemener <\/strong><em>(President of PURPAN Alumni, Managing Partner at Minuit Capital, Founding Partner at Canop\u00e9ee Consulting)<\/em><\/p>\n\n\n\n<p><\/p>\n<\/div>\n\n\n\n<div class=\"wp-block-column is-layout-flow wp-block-column-is-layout-flow\">\n<p>\u2022 <strong>Elected member &#8211; Mr. Olivier Dauvers<\/strong> <em>(Journalist and publisher specializing in mass-market retailing)<\/em><\/p>\n\n\n\n<p>\u2022 <strong>Elected member &#8211; Ms. Christine Huppert <\/strong><em>(General Manager of AREA Occitanie)<\/em><\/p>\n\n\n\n<p>\u2022 <strong>Elected member &#8211; Ms. Marguerite Timbal<\/strong> <em>(Organic farmer)<\/em><\/p>\n\n\n\n<p>\u2022<strong> Elected member &#8211; Mr. Laurent Teysseyre<\/strong> <em>(HR Manager for the Euralis Agricultural Division)<\/em><\/p>\n\n\n\n<p>\u2022 <strong>Elected member &#8211; Mr. Herv\u00e9 de Warren <\/strong><em>(Land expert and business\/management consultant, former CEO of the Saretec expert appraisal group, retired)<\/em><\/p>\n\n\n\n<p><strong>\u2022 President of the Student Union 2024\/2025<\/strong> &#8211; Mr. Thomas Vermes <em>(Second-<sup><\/sup>year student at \u00c9cole d\u2019ing\u00e9nieurs de PURPAN)<\/em><\/p>\n\n\n\n<p>\u2022 <strong>Secretary of the PURPAN Works Council <\/strong>&#8211; Mr. Olivier Rodrigues <em>(research professor at \u00c9cole d\u2019ing\u00e9nieurs de PURPAN)<\/em><\/p>\n<\/div>\n<\/div>\n<\/div><\/div><\/div><\/div><\/div>\n\n<div class=\"wp-block-getwid-section\"><div class=\"wp-block-getwid-section__wrapper\"><div class=\"wp-block-getwid-section__inner-wrapper\"><div class=\"wp-block-getwid-section__background-holder\"><div class=\"wp-block-getwid-section__background\"><\/div><div class=\"wp-block-getwid-section__foreground\"><\/div><\/div><div class=\"wp-block-getwid-section__content\"><div class=\"wp-block-getwid-section__inner-content\">\n<h2 class=\"wp-block-heading\">Management team<\/h2>\n\n\n\n<p>A management team leading an open organization, consisting of a <strong>Management Committee<\/strong> and a <strong>Steering Committee.<\/strong><br\/>Like the companies for which we train future leaders, the PURPAN management team\u2019s mission is to guide major strategic operational choices while preparing for the future by developing promising projects.<br\/>With this in mind, our teams work hard to make our organization as open as possible<br\/>Encouraging the emergence of cross-functional teams, fostering creativity and project management are our strengths,<br\/>meaning we experience what our engineering students will later discover in the workplace.<\/p>\n\n\n\n<div class=\"wp-block-columns is-layout-flex wp-container-core-columns-is-layout-9d6595d7 wp-block-columns-is-layout-flex\">\n<div class=\"wp-block-column is-layout-flow wp-block-column-is-layout-flow\">\n<div class=\"wp-block-getwid-accordion\" data-active-element=\"none\">\n<div class=\"wp-block-getwid-accordion__header-wrapper\"><span class=\"wp-block-getwid-accordion__header\"><a href=\"#\"><span class=\"wp-block-getwid-accordion__header-title\">Composition CODIR<\/span><span class=\"wp-block-getwid-accordion__icon is-active\"><i class=\"fas fa-angle-down\"><\/i><\/span><span class=\"wp-block-getwid-accordion__icon is-passive\"><i class=\"fas fa-angle-up\"><\/i><\/span><\/a><\/span><\/div><div class=\"wp-block-getwid-accordion__content-wrapper\"><div class=\"wp-block-getwid-accordion__content\">\n<ul class=\"wp-block-list\">\n<li><strong>Eric Latg\u00e9<\/strong>: General Manager<\/li>\n\n\n\n<li><strong>Herv\u00e9 Brustel<\/strong>: Biodiversity Director<\/li>\n\n\n\n<li><strong>Linda Galas<\/strong>: Human Resources Director and Head of the Personal Development Hub<\/li>\n\n\n\n<li><strong>Thierry LAGRAV\u00c8RE<\/strong> : R\u00e9f\u00e9rent ERP et d\u00e9veloppement de l&#8217;IA<\/li>\n\n\n\n<li><strong>Guillaume Lavalade<\/strong>: Director of Admissions, Promotion and Communications<\/li>\n\n\n\n<li><strong>Djamila LEKHAL<\/strong> : Adjointe \u00e0 la Direction de la Recherche<\/li>\n\n\n\n<li><strong>Sandrine MERINO<\/strong>\u00a0: Directrice Relations Entreprises et Human Career Center<\/li>\n\n\n\n<li><strong>Micha\u00ebl Mourez<\/strong>: PURPAN Deputy General Manager and Director of Innovation<\/li>\n\n\n\n<li><strong>Coraline Nanche<\/strong>: Director of Work-Study and Continuing Education<\/li>\n\n\n\n<li><strong>C\u00e9line Peltier<\/strong>: Director of Education<\/li>\n\n\n\n<li><strong>Pierre PRIM<\/strong>\u00a0: Directeur du Campus de Lamothe<\/li>\n\n\n\n<li><strong>Viviane Sassus<\/strong>: General Secretary and Chief Financial Officer<\/li>\n\n\n\n<li><strong>David Simon<\/strong>: Information Systems and Organization Director<\/li>\n\n\n\n<li><strong>Herv\u00e9 Soucheyre<\/strong>: General Facilities Officer and CSR Manager<\/li>\n\n\n\n<li><strong>Anna SURRA<\/strong>\u00a0: Directrice des Relations Internationales<\/li>\n\n\n\n<li><strong>Vassilia Theodorou<\/strong>:\u00a0Deputy Director of Toxalim and Head of Science &amp; Society<\/li>\n\n\n\n<li><strong>Fr\u00e9d\u00e9ric Violleau<\/strong>: Director of Research<\/li>\n\n\n\n<li><strong>Gervais Wallois<\/strong>: Operations Manager, Lamothe site<\/li>\n<\/ul>\n<\/div><\/div>\n<\/div>\n<\/div>\n\n\n\n<div class=\"wp-block-column is-layout-flow wp-block-column-is-layout-flow\">\n<div class=\"wp-block-getwid-accordion\" data-active-element=\"none\">\n<div class=\"wp-block-getwid-accordion__header-wrapper\"><span class=\"wp-block-getwid-accordion__header\"><a href=\"#\"><span class=\"wp-block-getwid-accordion__header-title\">Composition COMEX<\/span><span class=\"wp-block-getwid-accordion__icon is-active\"><i class=\"fas fa-angle-down\"><\/i><\/span><span class=\"wp-block-getwid-accordion__icon is-passive\"><i class=\"fas fa-angle-up\"><\/i><\/span><\/a><\/span><\/div><div class=\"wp-block-getwid-accordion__content-wrapper\"><div class=\"wp-block-getwid-accordion__content\">\n<ul class=\"wp-block-list\">\n<li><strong>Eric Latg\u00e9<\/strong>: General Manager<\/li>\n\n\n\n<li><strong>Linda Galas<\/strong>: Human Resources Director and Head of the Personal Development Hub<\/li>\n\n\n\n<li><strong>Sandrine Merino<\/strong>: Director of Corporate Relations and the Human Career Center<\/li>\n\n\n\n<li><strong>Micha\u00ebl Mourez<\/strong>: PURPAN Deputy General Manager and Director of Innovation<\/li>\n\n\n\n<li><strong>C\u00e9line Peltier<\/strong>: Director of Education<\/li>\n\n\n\n<li><strong>Viviane Sassus<\/strong>: General Secretary and Chief Financial Officer<\/li>\n\n\n\n<li><strong>Fr\u00e9d\u00e9ric Violleau<\/strong>: Director of Research<\/li>\n<\/ul>\n<\/div><\/div>\n<\/div>\n<\/div>\n<\/div>\n<\/div><\/div><\/div><\/div><\/div>\n\n<div class=\"wp-block-getwid-section has-background-color-yellow has-height-undefined\" style=\"margin-top:50px\"><div class=\"wp-block-getwid-section__wrapper\"><div class=\"wp-block-getwid-section__inner-wrapper\"><div class=\"wp-block-getwid-section__background-holder\"><div class=\"wp-block-getwid-section__background\"><\/div><div class=\"wp-block-getwid-section__foreground\"><\/div><\/div><div class=\"wp-block-getwid-section__content\"><div class=\"wp-block-getwid-section__inner-content\">\n<div class=\"wp-block-columns is-layout-flex wp-container-core-columns-is-layout-9d6595d7 wp-block-columns-is-layout-flex\">\n<div class=\"wp-block-column is-layout-flow wp-block-column-is-layout-flow\">\n<h2 class=\"wp-block-heading\">The five teaching and research departments<\/h2>\n\n\n\n<p>\u2022 Plant Sciences and Agronomy<br\/>\n\u2022 Animal Sciences and Livestock Systems<br\/>\n\u2022 Agri-food and Nutrition Sciences<br\/>\n\u2022 Environmental and Digital Sciences<br\/>\n\u2022 Human, Economic and Social Sciences<\/p>\n\n\n\n<div class=\"wp-block-buttons is-layout-flex wp-block-buttons-is-layout-flex\">\n<div class=\"wp-block-button\"><a class=\"wp-block-button__link wp-element-button\" href=\"https:\/\/www.purpan.fr\/recherche\/les-equipes-de-recherche\/\" target=\"_blank\" rel=\"noreferrer noopener\">Find out more about our research departments<\/a><\/div>\n<\/div>\n<\/div>\n\n\n\n<div class=\"wp-block-column is-layout-flow wp-block-column-is-layout-flow\">\n<figure class=\"wp-block-image size-full\"><img decoding=\"async\" width=\"576\" height=\"730\" src=\"https:\/\/www.purpan.fr\/wp-content\/uploads\/2022\/07\/Header_Recherche-1.jpg\" alt=\"\" class=\"wp-image-498\" srcset=\"https:\/\/www.purpan.fr\/wp-content\/uploads\/2022\/07\/Header_Recherche-1.jpg 576w, https:\/\/www.purpan.fr\/wp-content\/uploads\/2022\/07\/Header_Recherche-1-237x300.jpg 237w\" sizes=\"(max-width: 576px) 100vw, 576px\" \/><\/figure>\n<\/div>\n<\/div>\n<\/div><\/div><\/div><\/div><\/div>\n\n<div class=\"wp-block-getwid-section\" style=\"margin-top:50px\"><div class=\"wp-block-getwid-section__wrapper\"><div class=\"wp-block-getwid-section__inner-wrapper\"><div class=\"wp-block-getwid-section__background-holder\"><div class=\"wp-block-getwid-section__background\"><\/div><div class=\"wp-block-getwid-section__foreground\"><\/div><\/div><div class=\"wp-block-getwid-section__content\"><div class=\"wp-block-getwid-section__inner-content\">\n<h2 class=\"wp-block-heading\">The PURPAN Foundation<\/h2>\n\n\n\n<div class=\"wp-block-columns is-layout-flex wp-container-core-columns-is-layout-9d6595d7 wp-block-columns-is-layout-flex\">\n<div class=\"wp-block-column is-layout-flow wp-block-column-is-layout-flow\">\n<figure class=\"wp-block-image size-full\"><img decoding=\"async\" src=\"https:\/\/www.purpan.fr\/wp-content\/uploads\/2022\/07\/Capture-de&#x301;cran-2022-04-19-a&#x300;-17.07.05.jpg\" alt=\"\" class=\"wp-image-459\"\/><\/figure>\n<\/div>\n\n\n\n<div class=\"wp-block-column is-layout-flow wp-block-column-is-layout-flow\">\n<p>More than 100 years ago, the\u00a0<strong>\u201cAmis de Parpan\u201d<\/strong>\u00a0Association was created to\u00a0<strong>accommodate the real estate bequeathed by Toulouse farmers<\/strong>\u00a0and to create an agricultural school run by the Jesuit Order and the Institut Catholique de Toulouse.<\/p>\n\n\n\n<p>In 2010, to contribute to the school\u2019s development, the \u201cAmis de Parpan\u201d Association became\u00a0<strong>the \u201cFondation de PURPAN,\u201d a public interest foundation.<\/strong><\/p>\n\n\n\n<p>Its mission<strong>\u00a0<\/strong>is to support the development of PURPAN with sponsorship from companies, corporate foundations, institutions and individual donors<strong>, to promote its brand image and reputation in order to develop its national and international influence, to help build tomorrow\u2019s agricultural and agri-food sector, and more broadly, to promote PURPAN\u2019s values both within its community and with its partners and society at large.<\/strong><\/p>\n\n\n\n<p>At the heart of the PURPAN Group\u2019s ecosystem, the PURPAN Foundation strives to<strong>\u00a0unite a community of committed stakeholders with common causes<\/strong>\u00a0such as a passion for the Earth and sustainable development, a drive for knowledge and research, a social and human project, and teaching methods for success based on Ignatian values linked to experimentation.<\/p>\n\n\n\n<div class=\"wp-block-buttons is-layout-flex wp-block-buttons-is-layout-flex\">\n<div class=\"wp-block-button\"><a class=\"wp-block-button__link wp-element-button\" href=\"https:\/\/www.purpan.fr\/en\/school-foundation\/\" target=\"_blank\" rel=\"noreferrer noopener\">More about the foundation<\/a><\/div>\n<\/div>\n\n\n\n<div class=\"wp-block-buttons is-layout-flex wp-block-buttons-is-layout-flex\">\n<div class=\"wp-block-button\"><a class=\"wp-block-button__link has-jaune-background-color has-background wp-element-button\" href=\"https:\/\/www.fondation-purpan.fr\/don-en-ligne-pour-soutenir-la-fondation\/\" target=\"_blank\" rel=\"noreferrer noopener\">Support the foundation<\/a><\/div>\n<\/div>\n<\/div>\n<\/div>\n<\/div><\/div><\/div><\/div><\/div>\n\n<div class=\"wp-block-columns is-layout-flex wp-container-core-columns-is-layout-9d6595d7 wp-block-columns-is-layout-flex\"><\/div>\n\n<div class=\"wp-block-columns is-layout-flex wp-container-core-columns-is-layout-9d6595d7 wp-block-columns-is-layout-flex\"><\/div>\n\n<div class=\"wp-block-columns is-layout-flex wp-container-core-columns-is-layout-9d6595d7 wp-block-columns-is-layout-flex\"><\/div>\n\n<div class=\"wp-block-columns is-layout-flex wp-container-core-columns-is-layout-9d6595d7 wp-block-columns-is-layout-flex\"><\/div>\n\n<div class=\"wp-block-columns is-layout-flex wp-container-core-columns-is-layout-9d6595d7 wp-block-columns-is-layout-flex\"><\/div>\n","protected":false},"excerpt":{"rendered":"","protected":false},"author":1,"featured_media":0,"parent":0,"menu_order":97,"comment_status":"closed","ping_status":"closed","template":"","meta":{"inline_featured_image":false,"footnotes":""},"class_list":["post-9413","page","type-page","status-publish","hentry"],"_links":{"self":[{"href":"https:\/\/www.purpan.fr\/en\/wp-json\/wp\/v2\/pages\/9413","targetHints":{"allow":["GET"]}}],"collection":[{"href":"https:\/\/www.purpan.fr\/en\/wp-json\/wp\/v2\/pages"}],"about":[{"href":"https:\/\/www.purpan.fr\/en\/wp-json\/wp\/v2\/types\/page"}],"author":[{"embeddable":true,"href":"https:\/\/www.purpan.fr\/en\/wp-json\/wp\/v2\/users\/1"}],"replies":[{"embeddable":true,"href":"https:\/\/www.purpan.fr\/en\/wp-json\/wp\/v2\/comments?post=9413"}],"version-history":[{"count":9,"href":"https:\/\/www.purpan.fr\/en\/wp-json\/wp\/v2\/pages\/9413\/revisions"}],"predecessor-version":[{"id":11078,"href":"https:\/\/www.purpan.fr\/en\/wp-json\/wp\/v2\/pages\/9413\/revisions\/11078"}],"wp:attachment":[{"href":"https:\/\/www.purpan.fr\/en\/wp-json\/wp\/v2\/media?parent=9413"}],"curies":[{"name":"wp","href":"https:\/\/api.w.org\/{rel}","templated":true}]}}