{"id":5734,"date":"2024-01-25T10:30:26","date_gmt":"2024-01-25T09:30:26","guid":{"rendered":"https:\/\/www.purpan.fr\/?page_id=5734"},"modified":"2024-12-03T17:26:06","modified_gmt":"2024-12-03T16:26:06","slug":"mentions-legales","status":"publish","type":"page","link":"https:\/\/www.purpan.fr\/en\/mentions-legales\/","title":{"rendered":"Mentions l\u00e9gales"},"content":{"rendered":"\n<div class=\"wp-block-getwid-section\"><div class=\"wp-block-getwid-section__wrapper\"><div class=\"wp-block-getwid-section__inner-wrapper\"><div class=\"wp-block-getwid-section__background-holder\"><div class=\"wp-block-getwid-section__background\"><\/div><div class=\"wp-block-getwid-section__foreground\"><\/div><\/div><div class=\"wp-block-getwid-section__content\"><div class=\"wp-block-getwid-section__inner-content\">\n<h2 class=\"wp-block-heading\">Informations nominatives<\/h2>\n\n\n\n<p>Le site de l\u2019Ecole d\u2019Ing\u00e9nieurs de PURPAN comporte des informations nominatives. <br>A ce titre une d\u00e9claration a \u00e9t\u00e9 d\u00e9pos\u00e9e aupr\u00e8s de la CNIL (R\u00e9cepiss\u00e9 n\u00b0 1631183 vo).<\/p>\n\n\n\n<p>Compte tenu des caract\u00e9ristiques du r\u00e9seau Internet que sont la libre captation des informations diffus\u00e9es et la difficult\u00e9, voire l\u2019impossibilit\u00e9 de contr\u00f4ler l\u2019utilisation qui pourrait en \u00eatre faite par des tiers, les personnes dont des donn\u00e9es \u00e0 caract\u00e8re personnel figurent sur ce site, ou les sites en lien, ont la possibilit\u00e9 de s\u2019opposer \u00e0 la diffusion de ces donn\u00e9es.<\/p>\n\n\n\n<p>Conform\u00e9ment \u00e0 la loi \u00ab&nbsp;informatique et libert\u00e9s&nbsp;\u00bb du 6 janvier 1978 modifi\u00e9e, vous b\u00e9n\u00e9ficiez d\u2019un droit d\u2019acc\u00e8s et de rectification aux informations qui vous concernent, soit par courrier postale, \u00e0 l\u2019adresse suivante&nbsp;:<\/p>\n\n\n\n<p>Ecole d\u2019ing\u00e9nieurs de PURPAN<br>75, voie du TOEC<br>BP 57611<br>31076 Toulouse Cedex 3<\/p>\n\n\n\n<p>Soit par mail \u00e0 l\u2019adresse suivante&nbsp;:&nbsp;<a href=\"mailto:rgpd@purpan.fr\">rgpd@purpan.fr<\/a><\/p>\n\n\n\n<p><\/p>\n\n\n\n<div style=\"height:60px\" aria-hidden=\"true\" class=\"wp-block-spacer\"><\/div>\n\n\n\n<h2 class=\"wp-block-heading\">Propri\u00e9t\u00e9 intelectuelle<\/h2>\n\n\n\n<p>Le site de l\u2019Ecole d\u2019Ing\u00e9nieurs de PURPAN est une cr\u00e9ation \u00e9manant de l\u2019Ecole, prot\u00e9g\u00e9e par la l\u00e9gislation fran\u00e7aise et internationale sur le droit de la propri\u00e9t\u00e9 intellectuelle et les droits d\u2019auteur.<br>Aucune repr\u00e9sentation, reproduction, modification, diffusion ne peut \u00eatre r\u00e9alis\u00e9e sans autorisation expresse du Directeur de la publication de l\u2019Ecole d\u2019Ing\u00e9nieurs de PURPAN&nbsp;.<br>Cette interdiction vaut pour les documents t\u00e9l\u00e9chargeables, les \u00e9l\u00e9ments graphiques, les photographies, les images fixes ou anim\u00e9es.<br>En l\u2019absence d\u2019autorisation, toute reproduction ou distribution totale ou partielle de ces informations ou documents est interdite sous peine de poursuite au titre de la contrefa\u00e7on.<\/p>\n\n\n\n<div style=\"height:60px\" aria-hidden=\"true\" class=\"wp-block-spacer\"><\/div>\n\n\n\n<h2 class=\"wp-block-heading\">Marque et logo<\/h2>\n\n\n\n<p>Toute utilisation quelle qu\u2019elle soit, des noms de marques et logos de ce site est interdite sans l\u2019autorisation de l\u2019Ecole d\u2019Ing\u00e9nieurs de PURPAN.<\/p>\n\n\n\n<p><\/p>\n\n\n\n<div style=\"height:60px\" aria-hidden=\"true\" class=\"wp-block-spacer\"><\/div>\n\n\n\n<h2 class=\"wp-block-heading\">Clause de non responsabilit\u00e9<\/h2>\n\n\n\n<p>L\u2019Ecole d\u2019Ing\u00e9nieurs de PURPAN d\u00e9cline toute responsabilit\u00e9 concernant les erreurs ou omissions portant sur les informations diffus\u00e9es sur son site. Sa responsabilit\u00e9 ne peut \u00eatre engag\u00e9e, en aucune mani\u00e8re , quant au contenu des informations et \/ou cons\u00e9quences pouvant r\u00e9sulter de leur utilisation ou interpr\u00e9tation.<\/p>\n\n\n\n<p><\/p>\n\n\n\n<div style=\"height:60px\" aria-hidden=\"true\" class=\"wp-block-spacer\"><\/div>\n\n\n\n<h2 class=\"wp-block-heading\">Droit \u00e0 l&#8217;image<\/h2>\n\n\n\n<p>La majorit\u00e9 des photographies pr\u00e9sent\u00e9es sur le site est la propri\u00e9t\u00e9 de l\u2019Ecole d\u2019Ing\u00e9nieurs de PURPAN. Elles proviennent soit d\u2019une production propre \u00e0 l\u2019Ecole, soit de l\u2019achat de photographies dont les droits lui ont \u00e9t\u00e9 c\u00e9d\u00e9s.<\/p>\n\n\n\n<p><strong>Liens hypertextes<\/strong><br>Si des tiers souhaitent cr\u00e9er des liens hypertextes vers des pages ou documents diffus\u00e9s sur le site de l\u2019Ecole d\u2019Ing\u00e9nieurs de PURPAN, cela est possible uniquement dans la mesure o\u00f9 ces liens ne viennent pas contrecarrer les int\u00e9r\u00eats de l\u2019Ecole d\u2019Ing\u00e9nieurs de PURPAN, qu\u2019ils n\u2019\u00e9manent pas de structures \u00e0 caract\u00e8re philosophique, politique, religieux, syndical, sexuel, racial, ethnique.<\/p>\n<\/div><\/div><\/div><\/div><\/div>\n","protected":false},"excerpt":{"rendered":"","protected":false},"author":1,"featured_media":0,"parent":0,"menu_order":37,"comment_status":"closed","ping_status":"closed","template":"","meta":{"inline_featured_image":false,"footnotes":""},"class_list":["post-5734","page","type-page","status-publish","hentry"],"_links":{"self":[{"href":"https:\/\/www.purpan.fr\/en\/wp-json\/wp\/v2\/pages\/5734","targetHints":{"allow":["GET"]}}],"collection":[{"href":"https:\/\/www.purpan.fr\/en\/wp-json\/wp\/v2\/pages"}],"about":[{"href":"https:\/\/www.purpan.fr\/en\/wp-json\/wp\/v2\/types\/page"}],"author":[{"embeddable":true,"href":"https:\/\/www.purpan.fr\/en\/wp-json\/wp\/v2\/users\/1"}],"replies":[{"embeddable":true,"href":"https:\/\/www.purpan.fr\/en\/wp-json\/wp\/v2\/comments?post=5734"}],"version-history":[{"count":7,"href":"https:\/\/www.purpan.fr\/en\/wp-json\/wp\/v2\/pages\/5734\/revisions"}],"predecessor-version":[{"id":9491,"href":"https:\/\/www.purpan.fr\/en\/wp-json\/wp\/v2\/pages\/5734\/revisions\/9491"}],"wp:attachment":[{"href":"https:\/\/www.purpan.fr\/en\/wp-json\/wp\/v2\/media?parent=5734"}],"curies":[{"name":"wp","href":"https:\/\/api.w.org\/{rel}","templated":true}]}}