{"id":2291,"date":"2022-09-13T15:08:31","date_gmt":"2022-09-13T13:08:31","guid":{"rendered":"https:\/\/www.purpan.fr\/recruitment\/"},"modified":"2025-02-06T16:45:00","modified_gmt":"2025-02-06T15:45:00","slug":"recruitment","status":"publish","type":"page","link":"https:\/\/www.purpan.fr\/en\/company\/recruitment\/","title":{"rendered":"Recruitment"},"content":{"rendered":"\n<div class=\"wp-block-getwid-section\"><div class=\"wp-block-getwid-section__wrapper\"><div class=\"wp-block-getwid-section__inner-wrapper\"><div class=\"wp-block-getwid-section__background-holder\"><div class=\"wp-block-getwid-section__background\"><\/div><div class=\"wp-block-getwid-section__foreground\"><\/div><\/div><div class=\"wp-block-getwid-section__content\"><div class=\"wp-block-getwid-section__inner-content\">\n<div class=\"wp-block-columns is-layout-flex wp-container-core-columns-is-layout-9d6595d7 wp-block-columns-is-layout-flex\">\n<div class=\"wp-block-column is-layout-flow wp-block-column-is-layout-flow\">\n<p>Our links with companies reinforce the idea that training generalist engineers\/managers is more than ever in line with the<br>broad professional expectations of the agricultural and agri-food worlds.<br>Thanks in particular to their human training, which contributes to consolidating their employability through the values of attachment to the agricultural world, proximity to the field, adaptability, versatility and integrity, the graduates of \u00c9cole d\u2019ing\u00e9nieurs de PURPAN are <strong>in employment on leaving the School and 95% within 6 months<\/strong> (the remaining 5% decide to continue their studies or to take a gap year).<\/p>\n\n\n\n<div class=\"wp-block-buttons is-layout-flex wp-block-buttons-is-layout-flex\">\n<div class=\"wp-block-button\"><a class=\"wp-block-button__link wp-element-button\" href=\"https:\/\/purpan.jobteaser.com\/fr\/recruiter_account\/sign_in?back_to_after_login=%2Ffr%2Frecruiter_account%2Fjob_offers\" target=\"_blank\" rel=\"noreferrer noopener\">Submit and distribute your offer<\/a><\/div>\n<\/div>\n<\/div>\n\n\n\n<div class=\"wp-block-column is-layout-flow wp-block-column-is-layout-flow\"><\/div>\n<\/div>\n<\/div><\/div><\/div><\/div><\/div>\n\n\n\n<div class=\"wp-block-getwid-section has-background-color-green has-height-undefined\"><div class=\"wp-block-getwid-section__wrapper\"><div class=\"wp-block-getwid-section__inner-wrapper\"><div class=\"wp-block-getwid-section__background-holder\"><div class=\"wp-block-getwid-section__background\"><\/div><div class=\"wp-block-getwid-section__foreground\"><\/div><\/div><div class=\"wp-block-getwid-section__content\"><div class=\"wp-block-getwid-section__inner-content\">\n<div class=\"wp-block-columns is-layout-flex wp-container-core-columns-is-layout-9d6595d7 wp-block-columns-is-layout-flex\">\n<div class=\"wp-block-column is-layout-flow wp-block-column-is-layout-flow\">\n<h2 class=\"wp-block-heading\">Engineering and agro-bachelor internships <\/h2>\n\n\n\n<p>Throughout the courses, our students are immersed in a company.<\/p>\n\n\n\n<h3 class=\"wp-block-heading has-jaune-color has-text-color\">Engineering curriculum<\/h3>\n\n\n\n<p class=\"has-blanc-color has-text-color\">During their studies, student-engineers have many opportunities to enter the business world:<\/p>\n\n\n\n<ul class=\"wp-block-list has-blanc-color has-text-color\">\n<li><em>Le stage de troisi\u00e8me ann\u00e9e (10 semaines) est l\u2019occasion d\u2019en<\/em> <em>comprendre l\u2019organisation et les enjeux, et de r\u00e9pondre \u00e0 leur premi\u00e8re<\/em> <em>mission op\u00e9rationnelle.<\/em><\/li>\n<\/ul>\n\n\n\n<ul class=\"wp-block-list has-blanc-color has-text-color\">\n<li><em>Suit le stage de fin d\u2019\u00e9tudes (6 mois) qui favorise une immersion compl\u00e8te.<\/em> <em>L\u2019\u00e9tudiant travaille \u00e0 la r\u00e9solution d\u2019une probl\u00e9matique strat\u00e9gique<\/em>  <em>d\u2019une entit\u00e9 \u00e9conomique et sociale, et sort de cette exp\u00e9rience fort<\/em> <em>de la compr\u00e9hension du fonctionnement complexe de celle-ci.<\/em><\/li>\n<\/ul>\n\n\n\n<p>Students have the opportunity to follow a sandwich course:<\/p>\n\n\n\n<ul class=\"wp-block-list has-blanc-color has-text-color\">\n<li><em>Soit les trois derni\u00e8res ann\u00e9es du cycle de formation ing\u00e9nieur dans<\/em> <em>le cadre d\u2019un contrat d\u2019apprentissage.<\/em><\/li>\n\n\n\n<li><em>Soit la derni\u00e8re ann\u00e9e de formation du cycle ing\u00e9nieur dans le cadre<\/em> <em>d\u2019un contrat de professionnalisation.<\/em><\/li>\n<\/ul>\n\n\n\n<p><em>Dans les deux cas, ceci permet d\u2019anticiper vos recrutements et l\u2019int\u00e9gration<\/em> <em>a professionalization contract.<\/em><\/p>\n<\/div>\n\n\n\n<div class=\"wp-block-column is-layout-flow wp-block-column-is-layout-flow\">\n<figure class=\"wp-block-image size-full has-image-top\"><img decoding=\"async\" width=\"768\" height=\"833\" src=\"https:\/\/www.purpan.fr\/wp-content\/uploads\/2023\/07\/purpan-recrutement2.png\" alt=\"\" class=\"wp-image-3485\" srcset=\"https:\/\/www.purpan.fr\/wp-content\/uploads\/2023\/07\/purpan-recrutement2.png 768w, https:\/\/www.purpan.fr\/wp-content\/uploads\/2023\/07\/purpan-recrutement2-277x300.png 277w\" sizes=\"(max-width: 768px) 100vw, 768px\" \/><\/figure>\n<\/div>\n<\/div>\n\n\n\n<p><\/p>\n\n\n\n<p><\/p>\n<\/div><\/div><\/div><\/div><\/div>\n\n\n\n<div class=\"wp-block-getwid-section\"><div class=\"wp-block-getwid-section__wrapper\"><div class=\"wp-block-getwid-section__inner-wrapper\"><div class=\"wp-block-getwid-section__background-holder\"><div class=\"wp-block-getwid-section__background\"><\/div><div class=\"wp-block-getwid-section__foreground\"><\/div><\/div><div class=\"wp-block-getwid-section__content\"><div class=\"wp-block-getwid-section__inner-content\">\n<div class=\"wp-block-columns is-layout-flex wp-container-core-columns-is-layout-9d6595d7 wp-block-columns-is-layout-flex\">\n<div class=\"wp-block-column is-layout-flow wp-block-column-is-layout-flow\">\n<figure class=\"wp-block-image size-large\"><img decoding=\"async\" width=\"1024\" height=\"702\" src=\"https:\/\/www.purpan.fr\/wp-content\/uploads\/2023\/07\/purpan-recrutement3-1024x702.png\" alt=\"\" class=\"wp-image-3489\" srcset=\"https:\/\/www.purpan.fr\/wp-content\/uploads\/2023\/07\/purpan-recrutement3-1024x702.png 1024w, https:\/\/www.purpan.fr\/wp-content\/uploads\/2023\/07\/purpan-recrutement3-300x206.png 300w, https:\/\/www.purpan.fr\/wp-content\/uploads\/2023\/07\/purpan-recrutement3-768x527.png 768w, https:\/\/www.purpan.fr\/wp-content\/uploads\/2023\/07\/purpan-recrutement3.png 1054w\" sizes=\"(max-width: 1024px) 100vw, 1024px\" \/><\/figure>\n<\/div>\n\n\n\n<div class=\"wp-block-column is-layout-flow wp-block-column-is-layout-flow\">\n<h2 class=\"wp-block-heading\">Apprenticeships <\/h2>\n\n\n\n<p>It is possible to complete part of the course as an apprenticeship.<\/p>\n\n\n\n<p><strong>For the Purpan School&#8217;s Agro Engineering programme,<\/strong> the last three years can be completed in a sandwich course, under a 36-month apprenticeship contract.<\/p>\n\n\n\n<p><strong>For the Agro-bachelor programme <\/strong>(Bac+3), the third year is a sandwich course. (12-month apprenticeship contract).<\/p>\n\n\n\n<div class=\"wp-block-buttons is-layout-flex wp-block-buttons-is-layout-flex\">\n<div class=\"wp-block-button\"><a class=\"wp-block-button__link wp-element-button\" href=\"https:\/\/www.purpan.fr\/formations\/apprenticeship\/?lang=en\" target=\"_blank\" rel=\"noreferrer noopener\">Read more<\/a><\/div>\n<\/div>\n<\/div>\n<\/div>\n<\/div><\/div><\/div><\/div><\/div>\n\n\n\n<div class=\"wp-block-getwid-section has-background-color-yellow has-height-undefined\"><div class=\"wp-block-getwid-section__wrapper\"><div class=\"wp-block-getwid-section__inner-wrapper\"><div class=\"wp-block-getwid-section__background-holder\"><div class=\"wp-block-getwid-section__background\"><\/div><div class=\"wp-block-getwid-section__foreground\"><\/div><\/div><div class=\"wp-block-getwid-section__content\"><div class=\"wp-block-getwid-section__inner-content\">\n<div class=\"wp-block-columns is-layout-flex wp-container-core-columns-is-layout-9d6595d7 wp-block-columns-is-layout-flex\">\n<div class=\"wp-block-column is-layout-flow wp-block-column-is-layout-flow\">\n<h2 class=\"wp-block-heading\">Professionalization contract<\/h2>\n\n\n\n<p>The course covers the last 13 months of engineering training (5th year) covered by a professionalization contract.<br>\u2014<br>The alternation corresponds to 40 weeks in a company and<br>17 weeks at the School.<\/p>\n<\/div>\n\n\n\n<div class=\"wp-block-column is-layout-flow wp-block-column-is-layout-flow\">\n<figure class=\"wp-block-image size-full has-image-top\"><img decoding=\"async\" width=\"800\" height=\"563\" src=\"https:\/\/www.purpan.fr\/wp-content\/uploads\/2023\/07\/G1910747.jpg\" alt=\"\" class=\"wp-image-3481\" srcset=\"https:\/\/www.purpan.fr\/wp-content\/uploads\/2023\/07\/G1910747.jpg 800w, https:\/\/www.purpan.fr\/wp-content\/uploads\/2023\/07\/G1910747-300x211.jpg 300w, https:\/\/www.purpan.fr\/wp-content\/uploads\/2023\/07\/G1910747-768x540.jpg 768w\" sizes=\"(max-width: 800px) 100vw, 800px\" \/><\/figure>\n<\/div>\n<\/div>\n<\/div><\/div><\/div><\/div><\/div>\n\n\n\n<div class=\"wp-block-getwid-section has-background-color-green has-height-undefined\"><div class=\"wp-block-getwid-section__wrapper\"><div class=\"wp-block-getwid-section__inner-wrapper\"><div class=\"wp-block-getwid-section__background-holder\"><div class=\"wp-block-getwid-section__background\"><\/div><div class=\"wp-block-getwid-section__foreground\"><\/div><\/div><div class=\"wp-block-getwid-section__content\"><div class=\"wp-block-getwid-section__inner-content\">\n<div class=\"wp-block-columns is-layout-flex wp-container-core-columns-is-layout-9d6595d7 wp-block-columns-is-layout-flex\">\n<div class=\"wp-block-column is-layout-flow wp-block-column-is-layout-flow\">\n<h2 class=\"wp-block-heading\">Business Forum<\/h2>\n\n\n\n<figure class=\"wp-block-image size-large\"><img decoding=\"async\" width=\"2560\" height=\"1438\" src=\"https:\/\/www.purpan.fr\/wp-content\/uploads\/2022\/10\/G2205815-edited-scaled.jpg\" alt=\"\" class=\"wp-image-1809\" srcset=\"https:\/\/www.purpan.fr\/wp-content\/uploads\/2022\/10\/G2205815-edited-scaled.jpg 2560w, https:\/\/www.purpan.fr\/wp-content\/uploads\/2022\/10\/G2205815-edited-300x169.jpg 300w, https:\/\/www.purpan.fr\/wp-content\/uploads\/2022\/10\/G2205815-edited-1024x575.jpg 1024w, https:\/\/www.purpan.fr\/wp-content\/uploads\/2022\/10\/G2205815-edited-768x431.jpg 768w, https:\/\/www.purpan.fr\/wp-content\/uploads\/2022\/10\/G2205815-edited-1536x863.jpg 1536w, https:\/\/www.purpan.fr\/wp-content\/uploads\/2022\/10\/G2205815-edited-2048x1151.jpg 2048w\" sizes=\"(max-width: 2560px) 100vw, 2560px\" \/><\/figure>\n\n\n\n<div style=\"height:20px\" aria-hidden=\"true\" class=\"wp-block-spacer\"><\/div>\n\n\n\n<p>Each year, this event brings together, within the School itself, more than 80 companies that 4th and 5th year students and Agro-Bachelor students can approach, face to face, for mutually appreciated job dating, with a view to a first job or end-of-study placements.<br>This Forum remains a strong marker of the School&#8217;s integration into the business world, enhancing both the attractiveness and image of the School and the employability and enthusiasm of students.<\/p>\n\n\n\n<div class=\"wp-block-buttons is-layout-flex wp-block-buttons-is-layout-flex\">\n<div class=\"wp-block-button\"><a class=\"wp-block-button__link wp-element-button\" href=\"mailto:catherine.tocquer@purpan.fr\" target=\"_blank\" rel=\"noreferrer noopener\">Contact the Corporate Relations Department<\/a><\/div>\n<\/div>\n<\/div>\n\n\n\n<div class=\"wp-block-column is-layout-flow wp-block-column-is-layout-flow\">\n<h2 class=\"wp-block-heading\">Careers Forum<\/h2>\n\n\n\n<figure class=\"wp-block-image size-large\"><img decoding=\"async\" width=\"2560\" height=\"1438\" src=\"https:\/\/www.purpan.fr\/wp-content\/uploads\/2022\/10\/business-meeting-and-teamwork-by-business-people-2022-02-02-03-56-20-utc-1-edited-scaled.jpg\" alt=\"\" class=\"wp-image-1807\" srcset=\"https:\/\/www.purpan.fr\/wp-content\/uploads\/2022\/10\/business-meeting-and-teamwork-by-business-people-2022-02-02-03-56-20-utc-1-edited-scaled.jpg 2560w, https:\/\/www.purpan.fr\/wp-content\/uploads\/2022\/10\/business-meeting-and-teamwork-by-business-people-2022-02-02-03-56-20-utc-1-edited-300x169.jpg 300w, https:\/\/www.purpan.fr\/wp-content\/uploads\/2022\/10\/business-meeting-and-teamwork-by-business-people-2022-02-02-03-56-20-utc-1-edited-1024x575.jpg 1024w, https:\/\/www.purpan.fr\/wp-content\/uploads\/2022\/10\/business-meeting-and-teamwork-by-business-people-2022-02-02-03-56-20-utc-1-edited-768x431.jpg 768w, https:\/\/www.purpan.fr\/wp-content\/uploads\/2022\/10\/business-meeting-and-teamwork-by-business-people-2022-02-02-03-56-20-utc-1-edited-1536x863.jpg 1536w, https:\/\/www.purpan.fr\/wp-content\/uploads\/2022\/10\/business-meeting-and-teamwork-by-business-people-2022-02-02-03-56-20-utc-1-edited-2048x1151.jpg 2048w\" sizes=\"(max-width: 2560px) 100vw, 2560px\" \/><\/figure>\n\n\n\n<div style=\"height:20px\" aria-hidden=\"true\" class=\"wp-block-spacer\"><\/div>\n\n\n\n<p>In December of each year, the School and the Engineers&#8217; Association invite young graduates to come and present to the enthusiastic and admiring 3rd year students their current job, but above all the path (internships, choice of field of study, experience abroad, options and subjects, job search methods) which led them to their current position.<br>The event&#8217;s motto: &#8220;Guiding today&#8217;s students means accompanying tomorrow&#8217;s engineers!&#8221;<\/p>\n<\/div>\n<\/div>\n<\/div><\/div><\/div><\/div><\/div>\n\n\n\n<div class=\"wp-block-getwid-section\"><div class=\"wp-block-getwid-section__wrapper\"><div class=\"wp-block-getwid-section__inner-wrapper\"><div class=\"wp-block-getwid-section__background-holder\"><div class=\"wp-block-getwid-section__background\"><\/div><div class=\"wp-block-getwid-section__foreground\"><\/div><\/div><div class=\"wp-block-getwid-section__content\"><div class=\"wp-block-getwid-section__inner-content\">\n<div class=\"wp-block-columns is-layout-flex wp-container-core-columns-is-layout-9d6595d7 wp-block-columns-is-layout-flex\">\n<div class=\"wp-block-column is-layout-flow wp-block-column-is-layout-flow\">\n<h2 class=\"wp-block-heading\">The Human Career Center<\/h2>\n\n\n\n<p><br>The Human Career Center team, consisting of the Director of Corporate Relations, the Director of Professional Training and the two coordinators<br>of the Human Career Center (on the school side and the alumni side), acts as a link between the partner companies and the students.<br>Throughout the year, it organises face-to-face or distance learning events to promote the search for internships, work experience or jobs. The HCC provides an internet platform to centralise all internship, work-study and\/or graduate job offers submitted by partner companies. Coaching or personalised interviews are offered to students to support them in their career plans.<\/p>\n\n\n\n<div class=\"wp-block-buttons is-layout-flex wp-block-buttons-is-layout-flex\">\n<div class=\"wp-block-button\"><a class=\"wp-block-button__link wp-element-button\" href=\"https:\/\/purpan.jobteaser.com\/fr\/recruiter_account\/sign_in?back_to_after_login=%2Ffr%2Frecruiter_account%2Fjob_offers\" target=\"_blank\" rel=\"noreferrer noopener\">Post your job offer<\/a><\/div>\n<\/div>\n<\/div>\n\n\n\n<div class=\"wp-block-column is-layout-flow wp-block-column-is-layout-flow\">\n<figure class=\"wp-block-image size-large\"><img decoding=\"async\" width=\"1024\" height=\"598\" src=\"https:\/\/www.purpan.fr\/wp-content\/uploads\/2022\/10\/G2205772-1024x598.jpg\" alt=\"\" class=\"wp-image-1803\" srcset=\"https:\/\/www.purpan.fr\/wp-content\/uploads\/2022\/10\/G2205772-1024x598.jpg 1024w, https:\/\/www.purpan.fr\/wp-content\/uploads\/2022\/10\/G2205772-300x175.jpg 300w, https:\/\/www.purpan.fr\/wp-content\/uploads\/2022\/10\/G2205772-768x449.jpg 768w, https:\/\/www.purpan.fr\/wp-content\/uploads\/2022\/10\/G2205772-1536x897.jpg 1536w, https:\/\/www.purpan.fr\/wp-content\/uploads\/2022\/10\/G2205772-2048x1197.jpg 2048w\" sizes=\"(max-width: 1024px) 100vw, 1024px\" \/><\/figure>\n<\/div>\n<\/div>\n<\/div><\/div><\/div><\/div><\/div>\n\n\n\n<div class=\"wp-block-getwid-section has-background-color-yellow has-height-undefined\" style=\"margin-top:60px\"><div class=\"wp-block-getwid-section__wrapper\"><div class=\"wp-block-getwid-section__inner-wrapper\"><div class=\"wp-block-getwid-section__background-holder\"><div class=\"wp-block-getwid-section__background\"><\/div><div class=\"wp-block-getwid-section__foreground\"><\/div><\/div><div class=\"wp-block-getwid-section__content\"><div class=\"wp-block-getwid-section__inner-content\">\n<div class=\"wp-block-columns is-layout-flex wp-container-core-columns-is-layout-9d6595d7 wp-block-columns-is-layout-flex\">\n<div class=\"wp-block-column is-layout-flow wp-block-column-is-layout-flow\">\n<figure class=\"wp-block-image size-full has-image-full-height\"><img decoding=\"async\" width=\"768\" height=\"833\" src=\"https:\/\/www.purpan.fr\/wp-content\/uploads\/2023\/07\/purpan-recrutement1.png\" alt=\"\" class=\"wp-image-3477\" srcset=\"https:\/\/www.purpan.fr\/wp-content\/uploads\/2023\/07\/purpan-recrutement1.png 768w, https:\/\/www.purpan.fr\/wp-content\/uploads\/2023\/07\/purpan-recrutement1-277x300.png 277w\" sizes=\"(max-width: 768px) 100vw, 768px\" \/><\/figure>\n<\/div>\n\n\n\n<div class=\"wp-block-column is-layout-flow wp-block-column-is-layout-flow\">\n<h2 class=\"wp-block-heading\">1<sup>st<\/sup> job<\/h2>\n\n\n\n<p>Suspendisse ac nibh feugiat, sollicitudin justo sed, dictum metus. Interdum et malesuada fames ac ante ipsum primis in faucibus. Mauris quis hendrerit felis. Donec sed lacinia velit, sed sodales nunc. In hac habitasse platea dictumst. Sed volutpat consectetur porttitor. Integer pharetra elit vulputate tempus tempus.<\/p>\n\n\n\n<p>Praesent et iaculis lorem. Aenean ex velit, tincidunt ut feugiat a, tristique eu erat. Fusce libero purus, semper quis imperdiet ut, rutrum eget risus. Curabitur accumsan sapien sapien, id feugiat erat posuere non. Ut commodo venenatis justo vel finibus. Ut ac felis maximus, laoreet ex et, feugiat sapien. Cras lobortis sapien egestas sapien congue, nec suscipit nunc sollicitudin. Donec pulvinar felis lobortis dictum venenatis.<\/p>\n<\/div>\n<\/div>\n<\/div><\/div><\/div><\/div><\/div>\n","protected":false},"excerpt":{"rendered":"","protected":false},"author":1,"featured_media":0,"parent":2269,"menu_order":142,"comment_status":"closed","ping_status":"closed","template":"","meta":{"inline_featured_image":false,"footnotes":""},"class_list":["post-2291","page","type-page","status-publish","hentry"],"_links":{"self":[{"href":"https:\/\/www.purpan.fr\/en\/wp-json\/wp\/v2\/pages\/2291","targetHints":{"allow":["GET"]}}],"collection":[{"href":"https:\/\/www.purpan.fr\/en\/wp-json\/wp\/v2\/pages"}],"about":[{"href":"https:\/\/www.purpan.fr\/en\/wp-json\/wp\/v2\/types\/page"}],"author":[{"embeddable":true,"href":"https:\/\/www.purpan.fr\/en\/wp-json\/wp\/v2\/users\/1"}],"replies":[{"embeddable":true,"href":"https:\/\/www.purpan.fr\/en\/wp-json\/wp\/v2\/comments?post=2291"}],"version-history":[{"count":14,"href":"https:\/\/www.purpan.fr\/en\/wp-json\/wp\/v2\/pages\/2291\/revisions"}],"predecessor-version":[{"id":10985,"href":"https:\/\/www.purpan.fr\/en\/wp-json\/wp\/v2\/pages\/2291\/revisions\/10985"}],"up":[{"embeddable":true,"href":"https:\/\/www.purpan.fr\/en\/wp-json\/wp\/v2\/pages\/2269"}],"wp:attachment":[{"href":"https:\/\/www.purpan.fr\/en\/wp-json\/wp\/v2\/media?parent=2291"}],"curies":[{"name":"wp","href":"https:\/\/api.w.org\/{rel}","templated":true}]}}