{"id":14663,"date":"2025-12-04T16:54:04","date_gmt":"2025-12-04T15:54:04","guid":{"rendered":"https:\/\/www.purpan.fr\/?page_id=14663"},"modified":"2025-12-15T16:08:04","modified_gmt":"2025-12-15T15:08:04","slug":"les-grandes-formes-daccompagnement-a-purpan","status":"publish","type":"page","link":"https:\/\/www.purpan.fr\/en\/les-grandes-formes-daccompagnement-a-purpan\/","title":{"rendered":"Les grandes formes d\u2019accompagnement \u00e0 PURPAN"},"content":{"rendered":"\n<div class=\"wp-block-getwid-section\"><div class=\"wp-block-getwid-section__wrapper\"><div class=\"wp-block-getwid-section__inner-wrapper\"><div class=\"wp-block-getwid-section__background-holder\"><div class=\"wp-block-getwid-section__background\"><\/div><div class=\"wp-block-getwid-section__foreground\"><\/div><\/div><div class=\"wp-block-getwid-section__content\"><div class=\"wp-block-getwid-section__inner-content\">\n<div class=\"wp-block-columns is-layout-flex wp-container-core-columns-is-layout-9d6595d7 wp-block-columns-is-layout-flex\">\n<div class=\"wp-block-column is-layout-flow wp-block-column-is-layout-flow\">\n<div class=\"wp-block-columns is-layout-flex wp-container-core-columns-is-layout-9d6595d7 wp-block-columns-is-layout-flex\">\n<div class=\"wp-block-column is-layout-flow wp-block-column-is-layout-flow\">\n<p>\u00c0 PURPAN, l\u2019accompagnement est bien plus qu\u2019un dispositif : c\u2019est un h\u00e9ritage, un \u00e9tat d\u2019esprit, un pilier fondateur de l\u2019ADN de l\u2019\u00c9cole. Fid\u00e8le \u00e0 la tradition humaniste de ses fondateurs j\u00e9suites, PURPAN place chaque \u00e9tudiant(e) au c\u0153ur de son parcours. Cette attention sinc\u00e8re et exigeante est l\u2019une des singularit\u00e9s les plus fortes de l\u2019\u00c9cole.<\/p>\n\n\n\n<p>Concr\u00e8tement, accompagner signifie offrir \u00e0 chacun(e) un cadre qui l\u2019aide \u00e0 atteindre sa propre excellence et \u00e0 trouver sa voie. Cela se vit dans la relation, l\u2019\u00e9coute, la disponibilit\u00e9 des \u00e9quipes, le suivi personnalis\u00e9\u2026 mais aussi dans des <strong>op\u00e9rations p\u00e9dagogiques sp\u00e9cifiques (OPS)<\/strong> qui jalonnent la formation et permettent de faire le point, d\u2019avancer et de s\u2019orienter avec lucidit\u00e9 et discernement.<\/p>\n\n\n\n<p>Dans un monde en transition, PURPAN souhaite permettre \u00e0 chaque \u00e9tudiante et \u00e9tudiant de devenir une personne accomplie, capable d\u2019agir avec sens et responsabilit\u00e9.<\/p>\n\n\n\n<p>Sur cette page, vous d\u00e9couvrirez les diff\u00e9rentes formes d\u2019accompagnement mises au service de la r\u00e9ussite de chacun(e).<\/p>\n<\/div>\n\n\n\n<div class=\"wp-block-column is-layout-flow wp-block-column-is-layout-flow\"><div class=\"anchor-summary\" style=\"background-image: url('https:\/\/www.purpan.fr\/wp-content\/uploads\/2025\/12\/G232609-scaled.jpg')\">\n    <div>\n        <strong>Summary<\/strong>\n        \n        <ul id=\"anchor-summary__list\">\n            \n        <\/ul>\n    <\/div>\n<\/div><\/div>\n<\/div>\n<\/div>\n<\/div>\n<\/div><\/div><\/div><\/div><\/div>\n\n\n\n<div class=\"wp-block-getwid-section has-background-color-green has-height-undefined\"><div class=\"wp-block-getwid-section__wrapper\"><div class=\"wp-block-getwid-section__inner-wrapper\"><div class=\"wp-block-getwid-section__background-holder\"><div class=\"wp-block-getwid-section__background has-background has-vert-bleu-background-color\"><\/div><div class=\"wp-block-getwid-section__foreground\"><\/div><\/div><div class=\"wp-block-getwid-section__content\"><div class=\"wp-block-getwid-section__inner-content\">\n<h2 class=\"wp-block-heading\">L&#8217;accompagnement p\u00e9dagogique<\/h2>\n\n\n\n<p><strong>L\u2019un des piliers de l\u2019ADN de PURPAN, inspir\u00e9 de la p\u00e9dagogie ignatienne<\/strong>&nbsp;<\/p>\n\n\n\n<ul class=\"wp-block-list has-blanc-color has-text-color has-link-color wp-elements-efea4a46da871839e345f1508a797ec9\">\n<li>Accompagnement individualis\u00e9 tout au long du cursus&nbsp;<\/li>\n\n\n\n<li>Relecture des exp\u00e9riences (stages, projets, missions)&nbsp;<\/li>\n\n\n\n<li>Formation humaine comme socle de la p\u00e9dagogie&nbsp;<\/li>\n\n\n\n<li>D\u00e9veloppement du sens critique, de la responsabilit\u00e9, de l\u2019\u00e9thique&nbsp;<\/li>\n\n\n\n<li>Apprentissage du respect de soi et des autres&nbsp;<\/li>\n\n\n\n<li>Tutorat par du personnel de l\u2019\u00e9cole \u00e0 chaque p\u00e9riode de stage avec organisation d\u2019une astreinte 24h\/24&nbsp;\u2013&nbsp;7j\/7.&nbsp;<\/li>\n<\/ul>\n<\/div><\/div><\/div><\/div><\/div>\n\n\n\n<div class=\"wp-block-getwid-section has-background-color-yellow has-height-undefined\"><div class=\"wp-block-getwid-section__wrapper\"><div class=\"wp-block-getwid-section__inner-wrapper\"><div class=\"wp-block-getwid-section__background-holder\"><div class=\"wp-block-getwid-section__background has-background has-jaune-background-color\"><\/div><div class=\"wp-block-getwid-section__foreground\"><\/div><\/div><div class=\"wp-block-getwid-section__content\"><div class=\"wp-block-getwid-section__inner-content\">\n<h2 class=\"wp-block-heading\">L&#8217;accompagnement \u00e0 l\u2019ouverture internationale&nbsp;<\/h2>\n\n\n\n<p><strong>Former des&nbsp;\u00e9tudiants&nbsp;citoyens, mobiles et multiculturels<\/strong>&nbsp;<\/p>\n\n\n\n<ul class=\"wp-block-list\">\n<li>Stages \u00e0 l\u2019\u00e9tranger d\u00e8s la 2e ann\u00e9e&nbsp;avec&nbsp;accompagnement complet par le&nbsp;service des Relations internationales\u202fd\u00e8s la recherche&nbsp;<\/li>\n\n\n\n<li>Semestre universitaire \u00e0 l\u2019international (190 partenaires)&nbsp;<\/li>\n\n\n\n<li>Mission de Solidarit\u00e9 Internationale (MSI)&nbsp;<\/li>\n\n\n\n<li>Parcours recherche \u00e0 l\u2019international&nbsp;<\/li>\n\n\n\n<li>Double-dipl\u00f4mes internationaux&nbsp;<\/li>\n\n\n\n<li>Pr\u00e9paration linguistique (objectif TOEIC 785)&nbsp;<\/li>\n\n\n\n<li>Bourses mobilit\u00e9 et assurance sant\u00e9\/rapatriement&nbsp;<\/li>\n\n\n\n<li>Service d\u00e9di\u00e9 pour&nbsp;n\u00e9gocier les bourses ERASMUS et r\u00e9aliser l\u2019ing\u00e9nierie financi\u00e8re des bourses ERASMUS&nbsp;et&nbsp;autres minist\u00e8res de l\u2019agriculture, r\u00e9gion,&nbsp;mise \u00e0 disposition d\u2019un simulateur de bourses.&nbsp;<\/li>\n\n\n\n<li>Personnel de l\u2019Ecole joignable 7\/7 et 24H\/24H lors des stages ou cursus&nbsp;&nbsp;<\/li>\n\n\n\n<li>Assurance sant\u00e9\/rapatriement&nbsp;sans suppl\u00e9ment de co\u00fbts&nbsp;avec interlocuteur parlant fran\u00e7ais joignable 7j\/7 et 24h\/24, plateforme d\u00e9di\u00e9e&nbsp;et formation avant d\u00e9part&nbsp;&nbsp;<\/li>\n<\/ul>\n<\/div><\/div><\/div><\/div><\/div>\n\n\n\n<div class=\"wp-block-getwid-section\"><div class=\"wp-block-getwid-section__wrapper\"><div class=\"wp-block-getwid-section__inner-wrapper\"><div class=\"wp-block-getwid-section__background-holder\"><div class=\"wp-block-getwid-section__background has-background has-blanc-background-color\"><\/div><div class=\"wp-block-getwid-section__foreground\"><\/div><\/div><div class=\"wp-block-getwid-section__content\"><div class=\"wp-block-getwid-section__inner-content\">\n<h2 class=\"wp-block-heading\">L&#8217;accompagnement \u00e0 l\u2019insertion professionnelle&nbsp;<\/h2>\n\n\n\n<p><strong>Construire un projet solide et personnalis\u00e9<\/strong>&nbsp;<\/p>\n\n\n\n<ul class=\"wp-block-list\">\n<li>Human Career Center : coaching, orientation, forums m\u00e9tiers, ateliers &amp; webinaires,&nbsp;tutorat durant la dur\u00e9e de l\u2019exp\u00e9rience en entreprise&nbsp;&nbsp;<\/li>\n<\/ul>\n\n\n\n<ul class=\"wp-block-list\">\n<li>Tests de personnalit\u00e9, ateliers CV, simulation d\u2019entretiens&nbsp;<\/li>\n<\/ul>\n\n\n\n<ul class=\"wp-block-list\">\n<li>Forum entreprises deux fois par an&nbsp;(50 entreprises avec offres stage\/alternance)&nbsp;<\/li>\n<\/ul>\n\n\n\n<ul class=\"wp-block-list\">\n<li>PURPAN Network : mise en relation avec alumni et recruteurs&nbsp;(120 \u00e0 180 offres \/ semaine selon la p\u00e9riode)&nbsp;<\/li>\n<\/ul>\n\n\n\n<ul class=\"wp-block-list\">\n<li>Gestion administrative de l\u2019alternance prise en charge par l\u2019\u00e9cole&nbsp;<\/li>\n<\/ul>\n\n\n\n<ul class=\"wp-block-list\">\n<li>Incubateur \u201cLe Semoir\u201d et p\u00e9pini\u00e8re d\u2019entreprises&nbsp;<\/li>\n<\/ul>\n\n\n\n<ul class=\"wp-block-list\">\n<li>Statut \u00e9tudiant-entrepreneur, mentoring&nbsp;<\/li>\n\n\n\n<li>Application \u201cMon Parcours\u201d pour visualiser son cursus&nbsp;<\/li>\n<\/ul>\n<\/div><\/div><\/div><\/div><\/div>\n\n\n\n<div class=\"wp-block-getwid-section has-background-color-green has-height-undefined\"><div class=\"wp-block-getwid-section__wrapper\"><div class=\"wp-block-getwid-section__inner-wrapper\"><div class=\"wp-block-getwid-section__background-holder\"><div class=\"wp-block-getwid-section__background has-background has-vert-bleu-background-color\"><\/div><div class=\"wp-block-getwid-section__foreground\"><\/div><\/div><div class=\"wp-block-getwid-section__content\"><div class=\"wp-block-getwid-section__inner-content\">\n<h2 class=\"wp-block-heading\">L&#8217;accompagnement par l\u2019exp\u00e9rience et la professionnalisation&nbsp;<\/h2>\n\n\n\n<p><strong>Apprendre par l\u2019action, dans des environnements concrets<\/strong>&nbsp;<\/p>\n\n\n\n<ul class=\"wp-block-list has-blanc-color has-text-color has-link-color wp-elements-11eca33c5ffaa63e16ff40415758d443\">\n<li>Stages&nbsp;\/ s\u00e9jours&nbsp;immersifs&nbsp;chaque ann\u00e9e&nbsp;(jusqu\u2019\u00e0 18 mois sur 5 ans). L\u2019Ecole dispose de base de stages (exploitations agricoles, entreprises, laboratoires, \u2026)&nbsp;mise \u00e0 disposition&nbsp;des \u00e9tudiant(e)s au cours de leurs recherches&nbsp;<\/li>\n<\/ul>\n\n\n\n<ul class=\"wp-block-list has-blanc-color has-text-color has-link-color wp-elements-0ce93cf4d35b1e4def8e7e862ef47a2c\">\n<li>Alternance possible d\u00e8s la 3e ann\u00e9e&nbsp;<\/li>\n<\/ul>\n\n\n\n<ul class=\"wp-block-list has-blanc-color has-text-color has-link-color wp-elements-e2ccf2e907c5dd032473979019b3ab97\">\n<li>Travaux pratiques, visites terrain, projets tutor\u00e9s&nbsp;<\/li>\n<\/ul>\n\n\n\n<ul class=\"wp-block-list has-blanc-color has-text-color has-link-color wp-elements-9cf60cde763de8249213f52c504b84f4\">\n<li>Exploitation agricole propre (Lamothe) comme outil p\u00e9dagogique&nbsp;<\/li>\n<\/ul>\n\n\n\n<ul class=\"wp-block-list has-blanc-color has-text-color has-link-color wp-elements-9c5fbe5b62bea85cc0b53daa3a2e2f48\">\n<li>Halle agroalimentaire pour exp\u00e9rimenter la transformation&nbsp;<\/li>\n<\/ul>\n\n\n\n<ul class=\"wp-block-list has-blanc-color has-text-color has-link-color wp-elements-8e91e843e6654a2760d99d3e0c255944\">\n<li>Plateformes scientifiques et&nbsp;ateliers&nbsp;<\/li>\n<\/ul>\n<\/div><\/div><\/div><\/div><\/div>\n\n\n\n<div class=\"wp-block-getwid-section has-background-color-yellow has-height-undefined\"><div class=\"wp-block-getwid-section__wrapper\"><div class=\"wp-block-getwid-section__inner-wrapper\"><div class=\"wp-block-getwid-section__background-holder\"><div class=\"wp-block-getwid-section__background has-background has-jaune-background-color\"><\/div><div class=\"wp-block-getwid-section__foreground\"><\/div><\/div><div class=\"wp-block-getwid-section__content\"><div class=\"wp-block-getwid-section__inner-content\">\n<h2 class=\"wp-block-heading\">L&#8217;accompagnement&nbsp;\u00e0&nbsp;l\u2019engagement&nbsp;&nbsp;<\/h2>\n\n\n\n<p><strong>D\u00e9velopper la responsabilit\u00e9, la coop\u00e9ration et la vie collective<\/strong>&nbsp;<\/p>\n\n\n\n<ul class=\"wp-block-list\">\n<li>Clubs et associations (culture, sport, environnement, solidarit\u00e9)&nbsp;<\/li>\n<\/ul>\n\n\n\n<ul class=\"wp-block-list\">\n<li>Vie festive encadr\u00e9e et responsable&nbsp;<\/li>\n<\/ul>\n\n\n\n<ul class=\"wp-block-list\">\n<li>Engagement valoris\u00e9 dans la formation humaine&nbsp;(\u00e0 venir\u202f?)&nbsp;<\/li>\n<\/ul>\n\n\n\n<ul class=\"wp-block-list\">\n<li>Instances de dialogue : Conseil d\u2019\u00e9tablissement, Conseil d\u2019orientation, Comit\u00e9 d\u2019\u00e9thique, Responsable d\u2019ann\u00e9e, \u2026&nbsp;&nbsp;<\/li>\n<\/ul>\n<\/div><\/div><\/div><\/div><\/div>\n\n\n\n<div class=\"wp-block-getwid-section\"><div class=\"wp-block-getwid-section__wrapper\"><div class=\"wp-block-getwid-section__inner-wrapper\"><div class=\"wp-block-getwid-section__background-holder\"><div class=\"wp-block-getwid-section__background has-background has-blanc-background-color\"><\/div><div class=\"wp-block-getwid-section__foreground\"><\/div><\/div><div class=\"wp-block-getwid-section__content\"><div class=\"wp-block-getwid-section__inner-content\">\n<h2 class=\"wp-block-heading\">L&#8217;accompagnement psychologique et de la personne&nbsp;<\/h2>\n\n\n\n<p><strong>Pour garantir le bien-\u00eatre, la s\u00e9curit\u00e9 et l\u2019\u00e9coute<\/strong>&nbsp;<\/p>\n\n\n\n<ul class=\"wp-block-list\">\n<li>Psychologue sur le campus (accompagnement gratuit et confidentiel)&nbsp;<\/li>\n<\/ul>\n\n\n\n<ul class=\"wp-block-list\">\n<li>Cellule \u00c9coute interne form\u00e9e aux VSS&nbsp;<\/li>\n<\/ul>\n\n\n\n<ul class=\"wp-block-list\">\n<li>R\u00e9f\u00e9rentes-\u00e9galit\u00e9&nbsp;identifi\u00e9es et accessibles&nbsp;<\/li>\n<\/ul>\n\n\n\n<ul class=\"wp-block-list\">\n<li>Protocole VSS structur\u00e9 : pr\u00e9vention, \u00e9coute, enqu\u00eate, sanctions&nbsp;<\/li>\n<\/ul>\n\n\n\n<ul class=\"wp-block-list\">\n<li>R\u00e9f\u00e9rents-handicap et am\u00e9nagements sp\u00e9cifiques&nbsp;<\/li>\n<\/ul>\n\n\n\n<ul class=\"wp-block-list\">\n<li>Fonds social Purpan \u202f: Adoss\u00e9&nbsp;\u00e0 la fondation de Purpan,&nbsp;possibilit\u00e9 d\u2019accorder des bourses ou des pr\u00eats \u00e0 taux 0 (assistance aupr\u00e8s du Cr\u00e9dit Mutuel pour pr\u00eat \u00e0 taux 0), \u00e9tude des dossiers&nbsp;en toute confidentialit\u00e9&nbsp;tout au long de l\u2019ann\u00e9e&nbsp;<\/li>\n<\/ul>\n<\/div><\/div><\/div><\/div><\/div>\n\n\n\n<div class=\"wp-block-getwid-section has-background-color-green has-height-undefined\"><div class=\"wp-block-getwid-section__wrapper\"><div class=\"wp-block-getwid-section__inner-wrapper\"><div class=\"wp-block-getwid-section__background-holder\"><div class=\"wp-block-getwid-section__background has-background has-vert-bleu-background-color\"><\/div><div class=\"wp-block-getwid-section__foreground\"><\/div><\/div><div class=\"wp-block-getwid-section__content\"><div class=\"wp-block-getwid-section__inner-content\">\n<h2 class=\"wp-block-heading\">L&#8217;accompagnement \u00e0 la transition \u00e9cologique et sociale&nbsp;<\/h2>\n\n\n\n<p><strong>Le c\u0153ur m\u00eame&nbsp;de nos enseignements&nbsp;pour former des acteurs du changement<\/strong>.<\/p>\n<\/div><\/div><\/div><\/div><\/div>\n","protected":false},"excerpt":{"rendered":"","protected":false},"author":5,"featured_media":0,"parent":0,"menu_order":4,"comment_status":"closed","ping_status":"closed","template":"","meta":{"inline_featured_image":false,"footnotes":""},"class_list":["post-14663","page","type-page","status-publish","hentry"],"_links":{"self":[{"href":"https:\/\/www.purpan.fr\/en\/wp-json\/wp\/v2\/pages\/14663","targetHints":{"allow":["GET"]}}],"collection":[{"href":"https:\/\/www.purpan.fr\/en\/wp-json\/wp\/v2\/pages"}],"about":[{"href":"https:\/\/www.purpan.fr\/en\/wp-json\/wp\/v2\/types\/page"}],"author":[{"embeddable":true,"href":"https:\/\/www.purpan.fr\/en\/wp-json\/wp\/v2\/users\/5"}],"replies":[{"embeddable":true,"href":"https:\/\/www.purpan.fr\/en\/wp-json\/wp\/v2\/comments?post=14663"}],"version-history":[{"count":16,"href":"https:\/\/www.purpan.fr\/en\/wp-json\/wp\/v2\/pages\/14663\/revisions"}],"predecessor-version":[{"id":14856,"href":"https:\/\/www.purpan.fr\/en\/wp-json\/wp\/v2\/pages\/14663\/revisions\/14856"}],"wp:attachment":[{"href":"https:\/\/www.purpan.fr\/en\/wp-json\/wp\/v2\/media?parent=14663"}],"curies":[{"name":"wp","href":"https:\/\/api.w.org\/{rel}","templated":true}]}}