{"id":12883,"date":"2025-08-04T15:07:58","date_gmt":"2025-08-04T13:07:58","guid":{"rendered":"https:\/\/www.purpan.fr\/_-_-2\/"},"modified":"2025-10-30T15:37:14","modified_gmt":"2025-10-30T14:37:14","slug":"toast-platform","status":"publish","type":"page","link":"https:\/\/www.purpan.fr\/en\/toast-platform\/","title":{"rendered":"Oxidative Technologies for Agriculture and Food Processing Platform (TOAsT)"},"content":{"rendered":"\n<div class=\"wp-block-getwid-section\"><div class=\"wp-block-getwid-section__wrapper\"><div class=\"wp-block-getwid-section__inner-wrapper\"><div class=\"wp-block-getwid-section__background-holder\"><div class=\"wp-block-getwid-section__background\"><\/div><div class=\"wp-block-getwid-section__foreground\"><\/div><\/div><div class=\"wp-block-getwid-section__content\"><div class=\"wp-block-getwid-section__inner-content\">\n<div class=\"wp-block-columns is-layout-flex wp-container-core-columns-is-layout-9d6595d7 wp-block-columns-is-layout-flex\">\n<div class=\"wp-block-column is-layout-flow wp-block-column-is-layout-flow\"><\/div>\n\n\n\n<div class=\"wp-block-column is-layout-flow wp-block-column-is-layout-flow\"><\/div>\n<\/div>\n\n\n\n<div class=\"wp-block-columns is-layout-flex wp-container-core-columns-is-layout-9d6595d7 wp-block-columns-is-layout-flex\">\n<div class=\"wp-block-column is-layout-flow wp-block-column-is-layout-flow\">\n<p>The TOAST platform was founded in 2017. Its mission is to explore and develop innovative oxidative technologies, including ozone, in response to issues in the agriculture and agri-food sector. These solutions are characterized by their low persistence and high disinfectant power, and offer an alternative to conventional plant protection products. They can respond to the challenges of protecting the environment and to consumer expectations in terms of quality and sustainability.<\/p>\n\n\n\n<p>Tested at key stages in the production of plants, fruit, vegetables and cereals, both pre- and post-harvest, ozone enables total or partial substitution of phytopharmaceutical products, while preserving product quality.<\/p>\n\n\n\n<p>This platform is linked to <strong><a href=\"https:\/\/www.purpan.fr\/en\/?page_id=12873\" target=\"_blank\" rel=\"noreferrer noopener\">the Agri-food and Nutrition Sciences Department<\/a><\/strong>.<\/p>\n<\/div>\n\n\n\n<div class=\"wp-block-column is-layout-flow wp-block-column-is-layout-flow\"><div class=\"anchor-summary\" style=\"background-image: url('https:\/\/www.purpan.fr\/wp-content\/uploads\/2025\/04\/Capture-decran-65.png')\">\n    <div>\n        <strong>Summary<\/strong>\n        \n        <ul id=\"anchor-summary__list\">\n            \n        <\/ul>\n    <\/div>\n<\/div><\/div>\n<\/div>\n<\/div><\/div><\/div><\/div><\/div>\n\n<div class=\"wp-block-getwid-section has-background-color-yellow has-height-undefined\"><div class=\"wp-block-getwid-section__wrapper\"><div class=\"wp-block-getwid-section__inner-wrapper\"><div class=\"wp-block-getwid-section__background-holder\"><div class=\"wp-block-getwid-section__background has-background has-jaune-background-color\"><\/div><div class=\"wp-block-getwid-section__foreground\"><\/div><\/div><div class=\"wp-block-getwid-section__content\"><div class=\"wp-block-getwid-section__inner-content\">\n<div class=\"wp-block-columns is-layout-flex wp-container-core-columns-is-layout-9d6595d7 wp-block-columns-is-layout-flex\">\n<div class=\"wp-block-column is-layout-flow wp-block-column-is-layout-flow\">\n<h2 class=\"wp-block-heading\">Ozone applications<\/h2>\n\n\n\n<p>Ozone has a wide range of applications, directly linked to the research topics developed in the TOAST platform:<br\/>&#8211; <strong>Crop protection<\/strong>: Reduces fungal and bacterial diseases, while avoiding chemical residues.<br\/>&#8211; <strong>Food preservation<\/strong>: Limits losses and prolongs storage of foodstuffs (fruit, vegetables, grains, meat, fish) by disinfecting, disinsecting and degrading ethylene.<br\/>&#8211; <strong>Stimulates plant growth and health<\/strong>: Improves overall plant condition.<br\/>&#8211; <strong>Degradation of mycotoxins and phytosanitary products<\/strong>: Reduces mycotoxins and phytosanitary residues in post-harvest foodstuffs.<br\/>&#8211; <strong>Treatment of water and agro-industrial effluents<\/strong>: Widespread treatment for the decomposition of organic matter and for disinfecting water.<br\/>&#8211; <strong>Disinfection of equipment<\/strong>: Use for effective disinfection of surfaces and equipment.<\/p>\n<\/div>\n\n\n\n<div class=\"wp-block-column is-layout-flow wp-block-column-is-layout-flow\">\n<figure class=\"wp-block-embed is-type-video is-provider-youtube wp-block-embed-youtube wp-embed-aspect-16-9 wp-has-aspect-ratio\"><div class=\"wp-block-embed__wrapper\">\r\n<script>document.addEventListener('DOMContentLoaded', function() {(tarteaucitron.job = tarteaucitron.job || []).push('youtube');});<\/script><div class=\"youtube_player\" videoID=\"yr8UaA_dHrE\" width=\"100%\" height=\"100%\" style=\"height:50vw\" theme=\"light\" rel=\"0\" controls=\"1\" showinfo=\"1\" autoplay=\"0\"><\/div>\r\n<\/div><figcaption class=\"wp-element-caption\">Video presenting the TOAsT platform<\/figcaption><\/figure><br>\n<\/div>\n<\/div>\n<\/div><\/div><\/div><\/div><\/div>\n\n<div class=\"wp-block-getwid-section has-background-color-green has-height-undefined\"><div class=\"wp-block-getwid-section__wrapper\"><div class=\"wp-block-getwid-section__inner-wrapper\"><div class=\"wp-block-getwid-section__background-holder\"><div class=\"wp-block-getwid-section__background has-background has-vert-bleu-background-color\"><\/div><div class=\"wp-block-getwid-section__foreground\"><\/div><\/div><div class=\"wp-block-getwid-section__content\"><div class=\"wp-block-getwid-section__inner-content\">\n<div class=\"wp-block-columns is-layout-flex wp-container-core-columns-is-layout-9d6595d7 wp-block-columns-is-layout-flex\">\n<div class=\"wp-block-column is-layout-flow wp-block-column-is-layout-flow\">\n<figure class=\"wp-block-image size-large\"><img decoding=\"async\" width=\"1024\" height=\"471\" src=\"https:\/\/www.purpan.fr\/wp-content\/uploads\/2025\/04\/TOAsT-2-1024x471.png\" alt=\"\" class=\"wp-image-11876\" srcset=\"https:\/\/www.purpan.fr\/wp-content\/uploads\/2025\/04\/TOAsT-2-1024x471.png 1024w, https:\/\/www.purpan.fr\/wp-content\/uploads\/2025\/04\/TOAsT-2-300x138.png 300w, https:\/\/www.purpan.fr\/wp-content\/uploads\/2025\/04\/TOAsT-2-768x353.png 768w, https:\/\/www.purpan.fr\/wp-content\/uploads\/2025\/04\/TOAsT-2-1536x706.png 1536w, https:\/\/www.purpan.fr\/wp-content\/uploads\/2025\/04\/TOAsT-2.png 1920w\" sizes=\"(max-width: 1024px) 100vw, 1024px\" \/><figcaption class=\"wp-element-caption\">Growing rooms<\/figcaption><\/figure>\n<\/div>\n\n\n\n<div class=\"wp-block-column is-layout-flow wp-block-column-is-layout-flow\">\n<h2 class=\"wp-block-heading\">Techniques and equipment<\/h2>\n\n\n\n<p><strong>Original technologies<\/strong><br\/>&#8211; Production of ozone gas and ozonated water.<br\/>&#8211; Coupling of ozone gas with controlled atmosphere.<br\/>&#8211; Ozone and UV systems<br\/>&#8211; Synthesis and characterization of ozonated oils<br\/>&#8211; SIFT-MS mass spectrometry for real-time analysis.<\/p>\n\n\n\n<p><strong>Unique infrastructures<\/strong><br\/>&#8211; Growing rooms: Three rooms of 12 m\u00b3, temperature, humidity and lighting control.<br\/>&#8211; Storage rooms: Control of CO\u2082, O\u2082 and ozone levels to extend preservation.<br\/>&#8211; Ozonation chamber: Ozone production adapted to different materials and applications.<\/p>\n\n\n\n<p><strong>International mobility<\/strong><br\/>&#8211; O3PAL: Ozone Plug &amp; Play Lab: A self-contained mobile laboratory for on-site operations worldwide.<\/p>\n<\/div>\n<\/div>\n<\/div><\/div><\/div><\/div><\/div>\n\n<div class=\"wp-block-getwid-section\"><div class=\"wp-block-getwid-section__wrapper\"><div class=\"wp-block-getwid-section__inner-wrapper\"><div class=\"wp-block-getwid-section__background-holder\"><div class=\"wp-block-getwid-section__background has-background has-blanc-background-color\"><\/div><div class=\"wp-block-getwid-section__foreground\"><\/div><\/div><div class=\"wp-block-getwid-section__content\"><div class=\"wp-block-getwid-section__inner-content\">\n<div class=\"wp-block-columns is-layout-flex wp-container-core-columns-is-layout-9d6595d7 wp-block-columns-is-layout-flex\">\n<div class=\"wp-block-column is-layout-flow wp-block-column-is-layout-flow\">\n<h2 class=\"wp-block-heading\">Our services<\/h2>\n\n\n\n<p><strong>For professionals and researchers<\/strong><br\/>&#8211; Academic and industrial collaboration (annual contracts, calls for projects) at national and international level.<br\/>&#8211; Customized testing and analysis services.<\/p>\n\n\n\n<p><strong>For students<\/strong><br\/>&#8211; Thesis or internship opportunities.<br\/>&#8211; Training in cutting-edge technologies.<\/p>\n\n\n\n<p><strong>On-site services<\/strong><br\/>&#8211; Use of the O3PAL mobile laboratory for international projects.<\/p>\n<\/div>\n\n\n\n<div class=\"wp-block-column is-layout-flow wp-block-column-is-layout-flow\">\n<figure class=\"wp-block-image size-large\"><img decoding=\"async\" width=\"1024\" height=\"768\" src=\"https:\/\/www.purpan.fr\/wp-content\/uploads\/2025\/04\/WhatsApp-Image-2024-04-15-a-14.40.19_881be1a5-1024x768.jpg\" alt=\"\" class=\"wp-image-11871\" srcset=\"https:\/\/www.purpan.fr\/wp-content\/uploads\/2025\/04\/WhatsApp-Image-2024-04-15-a-14.40.19_881be1a5-1024x768.jpg 1024w, https:\/\/www.purpan.fr\/wp-content\/uploads\/2025\/04\/WhatsApp-Image-2024-04-15-a-14.40.19_881be1a5-300x225.jpg 300w, https:\/\/www.purpan.fr\/wp-content\/uploads\/2025\/04\/WhatsApp-Image-2024-04-15-a-14.40.19_881be1a5-768x576.jpg 768w, https:\/\/www.purpan.fr\/wp-content\/uploads\/2025\/04\/WhatsApp-Image-2024-04-15-a-14.40.19_881be1a5-1536x1152.jpg 1536w, https:\/\/www.purpan.fr\/wp-content\/uploads\/2025\/04\/WhatsApp-Image-2024-04-15-a-14.40.19_881be1a5.jpg 2040w\" sizes=\"(max-width: 1024px) 100vw, 1024px\" \/><figcaption class=\"wp-element-caption\">O3PAL mobile laboratory<\/figcaption><\/figure>\n<\/div>\n<\/div>\n<\/div><\/div><\/div><\/div><\/div>\n\n<div class=\"wp-block-getwid-section has-background-color-yellow has-height-undefined\"><div class=\"wp-block-getwid-section__wrapper\"><div class=\"wp-block-getwid-section__inner-wrapper\"><div class=\"wp-block-getwid-section__background-holder\"><div class=\"wp-block-getwid-section__background has-background has-jaune-background-color\"><\/div><div class=\"wp-block-getwid-section__foreground\"><\/div><\/div><div class=\"wp-block-getwid-section__content\"><div class=\"wp-block-getwid-section__inner-content\">\n<div class=\"wp-block-columns is-layout-flex wp-container-core-columns-is-layout-9d6595d7 wp-block-columns-is-layout-flex\">\n<div class=\"wp-block-column is-layout-flow wp-block-column-is-layout-flow\">\n<figure class=\"wp-block-embed is-type-video is-provider-youtube wp-block-embed-youtube wp-embed-aspect-16-9 wp-has-aspect-ratio\"><div class=\"wp-block-embed__wrapper\">\r\n<script>document.addEventListener('DOMContentLoaded', function() {(tarteaucitron.job = tarteaucitron.job || []).push('youtube');});<\/script><div class=\"youtube_player\" videoID=\"rQDNL-Aa8-M\" width=\"100%\" height=\"100%\" style=\"height:50vw\" theme=\"light\" rel=\"0\" controls=\"1\" showinfo=\"1\" autoplay=\"0\"><\/div>\r\n<\/div><figcaption class=\"wp-element-caption\">Presentation of the ATMOZFR project<\/figcaption><\/figure><br>\n<\/div>\n\n\n\n<div class=\"wp-block-column is-layout-flow wp-block-column-is-layout-flow\">\n<h2 class=\"wp-block-heading\">Current research projects<\/h2>\n\n\n\n<p><strong>ATMOZFR (<a href=\"https:\/\/www.purpan.fr\/en\/european-programs\/\" target=\"_blank\" rel=\"noreferrer noopener\">find out more<\/a><\/strong>)<br\/><strong>Objective<\/strong>: Limit fungal contamination and extend fruit shelf life.<br\/><strong>Partners<\/strong>: PURPAN Engineering School (project manager), Compagnie Fruiti\u00e8re, CIRAD, Absoger, Boyer.<br\/><strong>Results<\/strong>:<br\/>&#8211; Reduced losses due to disease on fruits such as bananas, plums and melons.<br\/>&#8211; Improved water quality in packing stations.<\/p>\n\n\n\n<p><strong>SOLSTICE<\/strong><br\/><strong>Objective<\/strong>: Develop biocontrol solutions for vines and other crops.<br\/><strong>Partners<\/strong>: Certis Belchim, PURPAN Engineering School, LRSV, CNRS, INRAe, Hennessy, TEC pulv\u00e9risation, SBM Group,<br\/><strong>Results<\/strong>: Optimization of ozonated water spraying for crop protection. Efficiency in the laboratory against grapevine downy mildew.<\/p>\n\n\n\n<p><strong>\u201c(R\u00e9)G\u00e9n\u00e9ration Fruit\u201d<\/strong><br\/><strong>Objective<\/strong>: Speed up the agro-ecological transition in the arboricultural sector.<br\/><strong>Partners<\/strong>: BlueWhale (project manager), PURPAN Engineering School, Asclepiostech, INRAe, MAF RODA, Micropep<\/p>\n\n\n\n<p><strong>CIFRE STRO3BERRY thesis<\/strong><br\/><strong>Objective<\/strong>: Evaluation of the effect of ozonated water irrigation on plant and fruit quality in strawberry production<br\/><strong>Partners<\/strong>: Fruits Rouges &amp; Co, PURPAN Engineering School<\/p>\n\n\n\n<p><strong>CIFRE BOOST thesis<\/strong><br\/><strong>Objective<\/strong>: Synthesis, characterization and assessment of the efficacy of ozonated oils on fungal problems in banana cultivation<br\/><strong>Partners<\/strong>: Compagnie Fruiti\u00e8re, EIPURPAN Engineering School, CIRAD<\/p>\n<\/div>\n<\/div>\n\n\n\n<div class=\"wp-block-columns is-layout-flex wp-container-core-columns-is-layout-9d6595d7 wp-block-columns-is-layout-flex\">\n<div class=\"wp-block-column is-layout-flow wp-block-column-is-layout-flow\">\n<p><\/p>\n<\/div>\n\n\n\n<div class=\"wp-block-column is-layout-flow wp-block-column-is-layout-flow\"><\/div>\n<\/div>\n<\/div><\/div><\/div><\/div><\/div>\n\n<div class=\"wp-block-getwid-section\"><div class=\"wp-block-getwid-section__wrapper\"><div class=\"wp-block-getwid-section__inner-wrapper\"><div class=\"wp-block-getwid-section__background-holder\"><div class=\"wp-block-getwid-section__background has-background has-blanc-background-color\"><\/div><div class=\"wp-block-getwid-section__foreground\"><\/div><\/div><div class=\"wp-block-getwid-section__content\"><div class=\"wp-block-getwid-section__inner-content\">\n<div class=\"wp-block-columns is-layout-flex wp-container-core-columns-is-layout-9d6595d7 wp-block-columns-is-layout-flex\">\n<div class=\"wp-block-column is-layout-flow wp-block-column-is-layout-flow\">\n<h2 class=\"wp-block-heading\">Contact and resources<\/h2>\n\n\n\n<p>Email: plateforme.toast@purpan.fr<br\/>Phone: +33 (0)5 61 15 30 30<br\/>Address: 75 voie du TOEC, BP 57611, 31076 Toulouse Cedex 3, France<br\/>Technical notes and publications: <br\/><br\/>Follow us on LinkedIn by clicking on the logo below.<\/p>\n\n\n\n<ul class=\"wp-block-social-links is-layout-flex wp-block-social-links-is-layout-flex\"><li class=\"wp-social-link wp-social-link-linkedin  wp-block-social-link\"><a href=\"https:\/\/www.linkedin.com\/company\/plateforme-toast-purpan\/\" class=\"wp-block-social-link-anchor\"><svg width=\"24\" height=\"24\" viewBox=\"0 0 24 24\" version=\"1.1\" xmlns=\"http:\/\/www.w3.org\/2000\/svg\" aria-hidden=\"true\" focusable=\"false\"><path d=\"M19.7,3H4.3C3.582,3,3,3.582,3,4.3v15.4C3,20.418,3.582,21,4.3,21h15.4c0.718,0,1.3-0.582,1.3-1.3V4.3 C21,3.582,20.418,3,19.7,3z M8.339,18.338H5.667v-8.59h2.672V18.338z M7.004,8.574c-0.857,0-1.549-0.694-1.549-1.548 c0-0.855,0.691-1.548,1.549-1.548c0.854,0,1.547,0.694,1.547,1.548C8.551,7.881,7.858,8.574,7.004,8.574z M18.339,18.338h-2.669 v-4.177c0-0.996-0.017-2.278-1.387-2.278c-1.389,0-1.601,1.086-1.601,2.206v4.249h-2.667v-8.59h2.559v1.174h0.037 c0.356-0.675,1.227-1.387,2.526-1.387c2.703,0,3.203,1.779,3.203,4.092V18.338z\"><\/path><\/svg><span class=\"wp-block-social-link-label screen-reader-text\">LinkedIn<\/span><\/a><\/li><\/ul>\n<\/div>\n\n\n\n<div class=\"wp-block-column is-layout-flow wp-block-column-is-layout-flow\">\n<figure class=\"wp-block-image size-large\"><img decoding=\"async\" width=\"1024\" height=\"575\" src=\"https:\/\/www.purpan.fr\/wp-content\/uploads\/2025\/04\/Capture-decran-71-1024x575.png\" alt=\"\" class=\"wp-image-11873\" srcset=\"https:\/\/www.purpan.fr\/wp-content\/uploads\/2025\/04\/Capture-decran-71-1024x575.png 1024w, https:\/\/www.purpan.fr\/wp-content\/uploads\/2025\/04\/Capture-decran-71-300x169.png 300w, https:\/\/www.purpan.fr\/wp-content\/uploads\/2025\/04\/Capture-decran-71-768x432.png 768w, https:\/\/www.purpan.fr\/wp-content\/uploads\/2025\/04\/Capture-decran-71.png 1379w\" sizes=\"(max-width: 1024px) 100vw, 1024px\" \/><\/figure>\n<\/div>\n<\/div>\n<\/div><\/div><\/div><\/div><\/div>\n","protected":false},"excerpt":{"rendered":"","protected":false},"author":5,"featured_media":0,"parent":0,"menu_order":21,"comment_status":"closed","ping_status":"closed","template":"","meta":{"inline_featured_image":false,"footnotes":""},"class_list":["post-12883","page","type-page","status-publish","hentry"],"_links":{"self":[{"href":"https:\/\/www.purpan.fr\/en\/wp-json\/wp\/v2\/pages\/12883","targetHints":{"allow":["GET"]}}],"collection":[{"href":"https:\/\/www.purpan.fr\/en\/wp-json\/wp\/v2\/pages"}],"about":[{"href":"https:\/\/www.purpan.fr\/en\/wp-json\/wp\/v2\/types\/page"}],"author":[{"embeddable":true,"href":"https:\/\/www.purpan.fr\/en\/wp-json\/wp\/v2\/users\/5"}],"replies":[{"embeddable":true,"href":"https:\/\/www.purpan.fr\/en\/wp-json\/wp\/v2\/comments?post=12883"}],"version-history":[{"count":4,"href":"https:\/\/www.purpan.fr\/en\/wp-json\/wp\/v2\/pages\/12883\/revisions"}],"predecessor-version":[{"id":14189,"href":"https:\/\/www.purpan.fr\/en\/wp-json\/wp\/v2\/pages\/12883\/revisions\/14189"}],"wp:attachment":[{"href":"https:\/\/www.purpan.fr\/en\/wp-json\/wp\/v2\/media?parent=12883"}],"curies":[{"name":"wp","href":"https:\/\/api.w.org\/{rel}","templated":true}]}}