{"id":12807,"date":"2025-07-31T11:33:42","date_gmt":"2025-07-31T09:33:42","guid":{"rendered":"https:\/\/www.purpan.fr\/?page_id=12807"},"modified":"2026-04-01T13:59:42","modified_gmt":"2026-04-01T11:59:42","slug":"plateformes-experimentales-en-agronomie-et-agrophysiologie-et-amelioration-des-plantes","status":"publish","type":"page","link":"https:\/\/www.purpan.fr\/en\/plateformes-experimentales-en-agronomie-et-agrophysiologie-et-amelioration-des-plantes\/","title":{"rendered":"Plateformes exp\u00e9rimentales en Agronomie et Agrophysiologie et Am\u00e9lioration des Plantes\u00a0\u00a0"},"content":{"rendered":"\n<div class=\"wp-block-getwid-section\"><div class=\"wp-block-getwid-section__wrapper\"><div class=\"wp-block-getwid-section__inner-wrapper\"><div class=\"wp-block-getwid-section__background-holder\"><div class=\"wp-block-getwid-section__background\"><\/div><div class=\"wp-block-getwid-section__foreground\"><\/div><\/div><div class=\"wp-block-getwid-section__content\"><div class=\"wp-block-getwid-section__inner-content\">\n<div class=\"wp-block-columns is-layout-flex wp-container-core-columns-is-layout-9d6595d7 wp-block-columns-is-layout-flex\">\n<div class=\"wp-block-column is-layout-flow wp-block-column-is-layout-flow\">\n<p>Les Plateformes exp\u00e9rimentales en <strong>Agronomie<\/strong> et <strong>Agrophysiologie et Am\u00e9lioration des Plantes<\/strong> de l\u2019Ecole d\u2019Ing\u00e9nieurs de PURPAN sont des dispositifs de recherche et de d\u00e9veloppement con\u00e7us pour r\u00e9pondre aux enjeux actuels et futurs du monde agricole. L\u2019expertise exp\u00e9rimentale, de l\u2019\u00e9chelle de la plante \u00e0 celle de l\u2019agro\u00e9cosyst\u00e8me, acquise aux travers de diff\u00e9rents projets de recherche pluridisciplinaires permet \u00e0 l\u2019Ecole d\u2019Ing\u00e9nieurs de PURPAN d\u2019\u00eatre un acteur de la transition agro\u00e9cologique \u00e0 l\u2019\u00e9chelle r\u00e9gionale, nationale voire internationale.&nbsp;<\/p>\n\n\n\n<p>La <strong>plateforme agronomique<\/strong> est situ\u00e9e \u00e0 Lamothe, exploitation agricole en polyculture-\u00e9levage de l\u2019Ecole d\u2019Ing\u00e9nieurs de PURPAN. Elle est le support de projets de recherche et de d\u00e9veloppement en agronomie en lien avec la transition agro\u00e9cologique.&nbsp;&nbsp;<\/p>\n\n\n\n<p>La <strong>plateforme d\u2019Agrophysiologie et Am\u00e9lioration des Plantes<\/strong> est, quant \u00e0 elle, situ\u00e9e sur le site de PURPAN.&nbsp;&nbsp;<\/p>\n\n\n\n<p>Ces 2 plateformes op\u00e8rent en synergie. Ainsi, les potentialit\u00e9s offertes par <strong>la plateforme Agrophysiologie et Am\u00e9lioration des Plantes, <\/strong><a href=\"https:\/\/www.purpan.fr\/recherche\/les-unites-de-recherche-de-nos-enseignants-chercheurs\/upr-ppgv\/\" target=\"_blank\" rel=\"noreferrer noopener\"><strong>l\u2019UPR PPGV <\/strong>(Physiologie Pathologie et G\u00e9n\u00e9tique V\u00e9g\u00e9tales)<\/a> et <strong>la plateforme agronomique de Lamothe<\/strong> constituent un v\u00e9ritable levier d\u2019innovation et de recherche appliqu\u00e9e.\u00a0\u00a0<\/p>\n\n\n\n<div class=\"wp-block-buttons is-layout-flex wp-block-buttons-is-layout-flex\">\n<div class=\"wp-block-button\"><a class=\"wp-block-button__link wp-element-button\" href=\"https:\/\/www.purpan.fr\/recherche\/les-unites-de-recherche-de-nos-enseignants-chercheurs\/upr-ppgv\/\" target=\"_blank\" rel=\"noreferrer noopener\">UPR PPGV<\/a><\/div>\n<\/div>\n\n\n\n<div style=\"height:27px\" aria-hidden=\"true\" class=\"wp-block-spacer\"><\/div>\n\n\n\n<p>Cette collaboration \u00e9troite permet de combiner les infrastructures technologiques avanc\u00e9es (serres, chambres de culture, outils de ph\u00e9notypage) avec les capacit\u00e9s d\u2019exp\u00e9rimentation en plein champ offertes par la plateforme agronomique du site de Lamothe.&nbsp;&nbsp;<\/p>\n\n\n\n<p>En mobilisant des comp\u00e9tences compl\u00e9mentaires, elle favorise une approche int\u00e9gr\u00e9e, allant des \u00e9tudes en conditions contr\u00f4l\u00e9es \u00e0 la validation des r\u00e9sultats en environnement r\u00e9el.&nbsp;&nbsp;<\/p>\n\n\n\n<div class=\"wp-block-group is-nowrap is-layout-flex wp-container-core-group-is-layout-ad2f72ca wp-block-group-is-layout-flex\">\n<p>Cette dynamique stimule le d\u00e9veloppement de solutions durables et innovantes pour r\u00e9pondre aux d\u00e9fis agricoles actuels, tout en renfor\u00e7ant les partenariats avec les acteurs acad\u00e9miques et industriels.&nbsp;<\/p>\n<\/div>\n<\/div>\n\n\n\n<div class=\"wp-block-column is-layout-flow wp-block-column-is-layout-flow\"><div class=\"anchor-summary\" style=\"background-image: url('https:\/\/www.purpan.fr\/wp-content\/uploads\/2025\/07\/IMG_8225-scaled.jpg')\">\n    <div>\n        <strong>Summary<\/strong>\n        \n        <ul id=\"anchor-summary__list\">\n            \n        <\/ul>\n    <\/div>\n<\/div><\/div>\n<\/div>\n<\/div><\/div><\/div><\/div><\/div>\n\n\n\n<div class=\"wp-block-columns is-layout-flex wp-container-core-columns-is-layout-9d6595d7 wp-block-columns-is-layout-flex\">\n<div class=\"wp-block-column is-layout-flow wp-block-column-is-layout-flow\"><\/div>\n<\/div>\n\n\n\n<div class=\"wp-block-getwid-section has-background-color-yellow has-height-undefined\"><div class=\"wp-block-getwid-section__wrapper\"><div class=\"wp-block-getwid-section__inner-wrapper\"><div class=\"wp-block-getwid-section__background-holder\"><div class=\"wp-block-getwid-section__background has-background has-jaune-background-color\"><\/div><div class=\"wp-block-getwid-section__foreground\"><\/div><\/div><div class=\"wp-block-getwid-section__content\"><div class=\"wp-block-getwid-section__inner-content\">\n<div class=\"wp-block-columns is-layout-flex wp-container-core-columns-is-layout-9d6595d7 wp-block-columns-is-layout-flex\">\n<div class=\"wp-block-column is-layout-flow wp-block-column-is-layout-flow\">\n<h2 class=\"wp-block-heading\">Plateforme agronomique<\/h2>\n\n\n\n<p>Sur le site de Lamothe, la <strong>plateforme agronomique<\/strong> de l&#8217;\u00c9cole d&#8217;Ing\u00e9nieurs de PURPAN s\u2019attache \u00e0 co-concevoir et exp\u00e9rimenter des syst\u00e8mes de cultures innovant, produire des connaissances et comp\u00e9tences autour de ses syst\u00e8mes afin de contribuer \u00e0 l\u2019accompagnement des acteurs agricoles vers une transition agro\u00e9cologique dans un contexte de changement climatique.&nbsp;<\/p>\n\n\n\n<div class=\"wp-block-buttons is-layout-flex wp-block-buttons-is-layout-flex\">\n<div class=\"wp-block-button\"><a class=\"wp-block-button__link wp-element-button\" href=\"https:\/\/www.purpan.fr\/plateforme-agronomique\/\" target=\"_blank\" rel=\"noreferrer noopener\">En savoir plus<\/a><\/div>\n<\/div>\n<\/div>\n\n\n\n<div class=\"wp-block-column is-layout-flow wp-block-column-is-layout-flow\">\n<figure class=\"wp-block-image size-large\"><img decoding=\"async\" width=\"1024\" height=\"768\" src=\"https:\/\/www.purpan.fr\/wp-content\/uploads\/2025\/07\/DJI_0770-1024x768.jpg\" alt=\"\" class=\"wp-image-12812\" srcset=\"https:\/\/www.purpan.fr\/wp-content\/uploads\/2025\/07\/DJI_0770-1024x768.jpg 1024w, https:\/\/www.purpan.fr\/wp-content\/uploads\/2025\/07\/DJI_0770-300x225.jpg 300w, https:\/\/www.purpan.fr\/wp-content\/uploads\/2025\/07\/DJI_0770-768x576.jpg 768w, https:\/\/www.purpan.fr\/wp-content\/uploads\/2025\/07\/DJI_0770-1536x1152.jpg 1536w, https:\/\/www.purpan.fr\/wp-content\/uploads\/2025\/07\/DJI_0770-2048x1536.jpg 2048w\" sizes=\"(max-width: 1024px) 100vw, 1024px\" \/><\/figure>\n<\/div>\n<\/div>\n<\/div><\/div><\/div><\/div><\/div>\n\n\n\n<div class=\"wp-block-getwid-section has-background-color-green has-height-undefined\"><div class=\"wp-block-getwid-section__wrapper\"><div class=\"wp-block-getwid-section__inner-wrapper\"><div class=\"wp-block-getwid-section__background-holder\"><div class=\"wp-block-getwid-section__background has-background has-vert-bleu-background-color\"><\/div><div class=\"wp-block-getwid-section__foreground\"><\/div><\/div><div class=\"wp-block-getwid-section__content\"><div class=\"wp-block-getwid-section__inner-content\">\n<div class=\"wp-block-columns is-layout-flex wp-container-core-columns-is-layout-9d6595d7 wp-block-columns-is-layout-flex\">\n<div class=\"wp-block-column is-layout-flow wp-block-column-is-layout-flow\">\n<figure class=\"wp-block-image size-large\"><img decoding=\"async\" width=\"1024\" height=\"683\" src=\"https:\/\/www.purpan.fr\/wp-content\/uploads\/2025\/07\/IMG_8266-1024x683.jpg\" alt=\"\" class=\"wp-image-12810\" srcset=\"https:\/\/www.purpan.fr\/wp-content\/uploads\/2025\/07\/IMG_8266-1024x683.jpg 1024w, https:\/\/www.purpan.fr\/wp-content\/uploads\/2025\/07\/IMG_8266-300x200.jpg 300w, https:\/\/www.purpan.fr\/wp-content\/uploads\/2025\/07\/IMG_8266-768x512.jpg 768w, https:\/\/www.purpan.fr\/wp-content\/uploads\/2025\/07\/IMG_8266-1536x1024.jpg 1536w, https:\/\/www.purpan.fr\/wp-content\/uploads\/2025\/07\/IMG_8266-2048x1365.jpg 2048w\" sizes=\"(max-width: 1024px) 100vw, 1024px\" \/><\/figure>\n<\/div>\n\n\n\n<div class=\"wp-block-column is-layout-flow wp-block-column-is-layout-flow\">\n<h2 class=\"wp-block-heading\">Plateforme de physiologie v\u00e9g\u00e9tale<\/h2>\n\n\n\n<p>Cr\u00e9\u00e9e en 2012 et situ\u00e9e au sein de l\u2019Ecole d\u2019Ing\u00e9nieurs de PURPAN, la <strong>Plateforme Agrophysiologie et Am\u00e9lioration des Plantes<\/strong> est un lieu de d\u00e9veloppement d\u2019\u00e9tudes portant sur :&nbsp;<\/p>\n\n\n\n<p>&#8211; Des approches agro physiologiques et d\u2019am\u00e9lioration des plantes ax\u00e9es sur les m\u00e9tabolites secondaires&nbsp;<br>&#8211; La valorisation des d\u00e9chets agricoles pour le d\u00e9veloppement des amendements \/fertilisants nouvelle g\u00e9n\u00e9ration&nbsp;<br>&#8211; L&#8217;impact de l\u2019agriphotovoltaisme sur les cultures&nbsp;<br>&#8211; L\u2019\u00e9tude de solutions de biocontr\u00f4le ax\u00e9es sur la r\u00e9ponse aux enjeux agro\u00e9cologiques et climatiques&nbsp;&nbsp;<\/p>\n<\/div>\n<\/div>\n<\/div><\/div><\/div><\/div><\/div>\n","protected":false},"excerpt":{"rendered":"","protected":false},"author":5,"featured_media":0,"parent":0,"menu_order":10,"comment_status":"closed","ping_status":"closed","template":"","meta":{"inline_featured_image":false,"footnotes":""},"class_list":["post-12807","page","type-page","status-publish","hentry"],"_links":{"self":[{"href":"https:\/\/www.purpan.fr\/en\/wp-json\/wp\/v2\/pages\/12807","targetHints":{"allow":["GET"]}}],"collection":[{"href":"https:\/\/www.purpan.fr\/en\/wp-json\/wp\/v2\/pages"}],"about":[{"href":"https:\/\/www.purpan.fr\/en\/wp-json\/wp\/v2\/types\/page"}],"author":[{"embeddable":true,"href":"https:\/\/www.purpan.fr\/en\/wp-json\/wp\/v2\/users\/5"}],"replies":[{"embeddable":true,"href":"https:\/\/www.purpan.fr\/en\/wp-json\/wp\/v2\/comments?post=12807"}],"version-history":[{"count":10,"href":"https:\/\/www.purpan.fr\/en\/wp-json\/wp\/v2\/pages\/12807\/revisions"}],"predecessor-version":[{"id":16487,"href":"https:\/\/www.purpan.fr\/en\/wp-json\/wp\/v2\/pages\/12807\/revisions\/16487"}],"wp:attachment":[{"href":"https:\/\/www.purpan.fr\/en\/wp-json\/wp\/v2\/media?parent=12807"}],"curies":[{"name":"wp","href":"https:\/\/api.w.org\/{rel}","templated":true}]}}