{"id":12517,"date":"2025-06-30T14:36:42","date_gmt":"2025-06-30T12:36:42","guid":{"rendered":"https:\/\/www.purpan.fr\/?page_id=12517"},"modified":"2025-08-29T09:20:17","modified_gmt":"2025-08-29T07:20:17","slug":"halle-de-technologies-agroalimentaires","status":"publish","type":"page","link":"https:\/\/www.purpan.fr\/en\/halle-de-technologies-agroalimentaires\/","title":{"rendered":"Halle de technologies Agroalimentaires"},"content":{"rendered":"\n<div class=\"wp-block-getwid-section\"><div class=\"wp-block-getwid-section__wrapper\"><div class=\"wp-block-getwid-section__inner-wrapper\"><div class=\"wp-block-getwid-section__background-holder\"><div class=\"wp-block-getwid-section__background\"><\/div><div class=\"wp-block-getwid-section__foreground\"><\/div><\/div><div class=\"wp-block-getwid-section__content\"><div class=\"wp-block-getwid-section__inner-content\">\n<div class=\"wp-block-columns is-layout-flex wp-container-core-columns-is-layout-9d6595d7 wp-block-columns-is-layout-flex\">\n<div class=\"wp-block-column is-layout-flow wp-block-column-is-layout-flow\"><\/div>\n\n\n\n<div class=\"wp-block-column is-layout-flow wp-block-column-is-layout-flow\"><\/div>\n<\/div>\n\n\n\n<div class=\"wp-block-columns is-layout-flex wp-container-core-columns-is-layout-9d6595d7 wp-block-columns-is-layout-flex\">\n<div class=\"wp-block-column is-layout-flow wp-block-column-is-layout-flow\">\n<p>Cr\u00e9\u00e9 en 2014, la Halle est utilis\u00e9e pour la r\u00e9alisation de projets de recherche et pour des op\u00e9rations p\u00e9dagogiques. Elle permet d\u2019exp\u00e9rimenter des projets dans diff\u00e9rents secteurs du march\u00e9 agroalimentaire : lait, yaourt, fromage, pain, bi\u00e8re, p\u00e2tes, jus de fruits, vin, etc.<br>Elle offre la possibilit\u00e9 de faire d\u00e9couvrir aux \u00e9tudiant(e)s concr\u00e8tement l\u2019acte de transformation des aliments, dans le respect de leurs qualit\u00e9s nutritionnelles et sanitaires.<\/p>\n\n\n\n<p>La Halle pr\u00e9sente un grand int\u00e9r\u00eat pour la Recherche et le D\u00e9veloppement des entreprises cherchant \u00e0 concevoir de nouveaux produits. Les enseignant(e)s-chercheur(e)s de PURPAN proposent de les accompagner dans leurs d\u00e9marches, avec parfois, si le projet le permet, la contribution d&#8217;\u00e9tudiant(e)s de l&#8217;\u00c9cole. <\/p>\n\n\n\n<p>Cette plateforme est en lien avec les d\u00e9partements suivants : le <strong><a href=\"https:\/\/www.purpan.fr\/recherche\/departements-enseignement-recherche\/departement-sciences-humaines-economique-et-sociales\/\" target=\"_blank\" rel=\"noreferrer noopener\">D\u00e9partement Sciences Humaines, \u00c9conomiques et Sociales<\/a><\/strong> ainsi que le <strong><a href=\"https:\/\/www.purpan.fr\/recherche\/departements-enseignement-recherche\/departement-sciences-de-lagroalimentaire-et-de-la-nutrition\/\" target=\"_blank\" rel=\"noreferrer noopener\">D\u00e9partement Sciences de l&#8217;Agroalimentaire et de la Nutrition.<\/a><\/strong><\/p>\n<\/div>\n\n\n\n<div class=\"wp-block-column is-layout-flow wp-block-column-is-layout-flow\"><div class=\"anchor-summary\" style=\"background-image: url('https:\/\/www.purpan.fr\/wp-content\/uploads\/2025\/06\/IBC-ProgramAtPurpan_30-1.jpg')\">\n    <div>\n        <strong>Summary<\/strong>\n        \n        <ul id=\"anchor-summary__list\">\n            \n        <\/ul>\n    <\/div>\n<\/div><\/div>\n<\/div>\n<\/div><\/div><\/div><\/div><\/div>\n\n\n\n<div class=\"wp-block-getwid-section has-background-color-green has-height-undefined\"><div class=\"wp-block-getwid-section__wrapper\"><div class=\"wp-block-getwid-section__inner-wrapper\"><div class=\"wp-block-getwid-section__background-holder\"><div class=\"wp-block-getwid-section__background has-background has-vert-bleu-background-color\"><\/div><div class=\"wp-block-getwid-section__foreground\"><\/div><\/div><div class=\"wp-block-getwid-section__content\"><div class=\"wp-block-getwid-section__inner-content\">\n<div class=\"wp-block-columns is-layout-flex wp-container-core-columns-is-layout-9d6595d7 wp-block-columns-is-layout-flex\">\n<div class=\"wp-block-column is-layout-flow wp-block-column-is-layout-flow\">\n<h2 class=\"wp-block-heading\">Un outil unique et polyvalent \u00e0 Toulouse<\/h2>\n\n\n\n<p>Originellement centr\u00e9e sur une dimension p\u00e9dagogique, les \u00e9tudiant(e)s de PURPAN b\u00e9n\u00e9ficient de la Halle. Les \u00e9tudiant(e)s de troisi\u00e8mes ann\u00e9es de PURPAN ainsi que ceux de 5e ann\u00e9e du Domaine d&#8217;approfondissement &#8220;Innovation et qualit\u00e9&#8221; utilisent la Halle pour d\u00e9couvrir les domaines de la transformation alimentaire (production, R&amp;D, qualit\u00e9,&#8230;). Des \u00e9tudiant(e)s-entrepreneur(e)s peuvent \u00e9galement r\u00e9fl\u00e9chir \u00e0 d\u00e9velopper des produits alimentaires. La Halle est ouverte \u00e0 diff\u00e9rentes \u00e9coles de la r\u00e9gion, qui sont r\u00e9guli\u00e8rement accueillies.<\/p>\n\n\n\n<p>La Halle Agroalimentaire m\u00e8ne sp\u00e9cifiquement des travaux de recherche sur les produits laitiers, c\u00e9r\u00e9aliers et le vin. De la mati\u00e8re premi\u00e8re au produit fini, nos \u00e9quipes travaillent sur l\u2019am\u00e9lioration de la qualit\u00e9 de ces produits alimentaires. L&#8217;une des sp\u00e9cificit\u00e9s de nos projets de&nbsp;recherche porte sur la caract\u00e9risation des produits de fermentations laiti\u00e8res, et plus pr\u00e9cis\u00e9ment des microorganismes qui interviennent dans la transformation d&#8217;une matrice lait en matrice yaourt ou en matrice fromage mais \u00e9galement sur la valorisation de lactos\u00e9rum (petit lait), coproduit du fromage.\u200b<\/p>\n\n\n\n<p>Les \u00e9quipes utilisent la Halle comme outil pour r\u00e9aliser des prestations de services de d\u00e9veloppement de produits alimentaires ou des projets de recherche. \u200b<\/p>\n\n\n\n<p>La plateforme et les \u00e9quipements peuvent \u00eatre mis en location pour des entreprises ayant besoin d&#8217;un centre de R&amp;D. \u200b<\/p>\n<\/div>\n\n\n\n<div class=\"wp-block-column is-layout-flow wp-block-column-is-layout-flow\">\n<figure class=\"wp-block-embed is-type-video is-provider-youtube wp-block-embed-youtube wp-embed-aspect-16-9 wp-has-aspect-ratio\"><div class=\"wp-block-embed__wrapper\">\n<script>document.addEventListener('DOMContentLoaded', function() {(tarteaucitron.job = tarteaucitron.job || []).push('youtube');});<\/script><div class=\"youtube_player\" videoID=\"ByJliwLlDCM\" width=\"100%\" height=\"100%\" style=\"height:50vw\" theme=\"light\" rel=\"0\" controls=\"1\" showinfo=\"1\" autoplay=\"0\"><\/div>\n<\/div><figcaption class=\"wp-element-caption\">Vid\u00e9o de pr\u00e9sentation de la Halle Agroalimentaire<\/figcaption><\/figure>\n<\/div>\n<\/div>\n<\/div><\/div><\/div><\/div><\/div>\n\n\n\n<div class=\"wp-block-getwid-section has-background-color-yellow has-height-undefined\"><div class=\"wp-block-getwid-section__wrapper\"><div class=\"wp-block-getwid-section__inner-wrapper\"><div class=\"wp-block-getwid-section__background-holder\"><div class=\"wp-block-getwid-section__background has-background has-jaune-background-color\"><\/div><div class=\"wp-block-getwid-section__foreground\"><\/div><\/div><div class=\"wp-block-getwid-section__content\"><div class=\"wp-block-getwid-section__inner-content\">\n<div class=\"wp-block-columns is-layout-flex wp-container-core-columns-is-layout-9d6595d7 wp-block-columns-is-layout-flex\">\n<div class=\"wp-block-column is-layout-flow wp-block-column-is-layout-flow\">\n<figure class=\"wp-block-embed is-type-video is-provider-youtube wp-block-embed-youtube wp-embed-aspect-16-9 wp-has-aspect-ratio\"><div class=\"wp-block-embed__wrapper\">\n<iframe loading=\"lazy\" title=\"Une journ\u00e9e en \u00e9cole d&#039;ing\u00e9nieurs \u00e0 PURPAN\" width=\"563\" height=\"1000\" src=\"https:\/\/www.youtube.com\/embed\/AehFeb2LKg0?feature=oembed\" frameborder=\"0\" allow=\"accelerometer; autoplay; clipboard-write; encrypted-media; gyroscope; picture-in-picture; web-share\" referrerpolicy=\"strict-origin-when-cross-origin\" allowfullscreen><\/iframe>\n<\/div><figcaption class=\"wp-element-caption\">Suivez Pierre-Marie en TP \u00e0 la Halle !<\/figcaption><\/figure>\n<\/div>\n\n\n\n<div class=\"wp-block-column is-layout-flow wp-block-column-is-layout-flow\">\n<h2 class=\"wp-block-heading\">Organisation et moyens au sein de la Halle<\/h2>\n\n\n\n<p>La Halle Agroalimentaire est un b\u00e2timent d&#8217;une surface de 735 m\u00b2. Elle est structur\u00e9e en unit\u00e9s de fabrication. On y retrouve :<br>&#8211; Un atelier fromager : transformation et affinage de fromages<br>&#8211; Un atelier de fabrication de produits laitiers frais<br>&#8211; Une salle multiproduit(s) aux \u00e9quipements pilotes polyvalents<br>&#8211; Un laboratoire de microbiologie<br>&#8211; Un laboratoire de physico-chimie<br>&#8211; Un espace p\u00e9dagogique\u200b<\/p>\n\n\n\n<p>Elle poss\u00e8de de nombreux moyens techniques :<br>&#8211; Une fromagerie : pate press\u00e9e, lactique, pate molle, beurre, \u2026\u200b<br>&#8211; Une salle d\u00e9di\u00e9e au d\u00e9veloppement de produits frais : yaourts, cr\u00e8me dessert, produits v\u00e9g\u00e9taux ferment\u00e9s,&#8230;\u200b avec micro-pilote de filtration\u200b et des outils de caract\u00e9risation de la fermentation : suivi de pH et de texture du gel laitier (micro-rh\u00e9ologie)\u200b<br>&#8211; Une salle &#8220;op\u00e9rations unitaires&#8221;, permettant le d\u00e9veloppement de produits snacking, traiteur (tartinable, pain \/ brioche)\u200b, jus de pommes, bi\u00e8re, p\u00e2tes alimentaires\u200b,&#8230;<br>&#8211; Une salle de caract\u00e9risation sensorielle, qui d\u00e9passe le cadre sp\u00e9cifique des produits laitiers pour aller vers le th\u00e9, le vin, la bi\u00e8re, les p\u00e2tes, \u2026<\/p>\n\n\n\n<p>Moyens humains (cliquez sur les noms pour acc\u00e9der aux CVs) :<br><a href=\"https:\/\/www.purpan.fr\/enseignant\/loubnah-belahcen\/\" target=\"_blank\" rel=\"noreferrer noopener\">Loubnah BELACEN<\/a><br><a href=\"https:\/\/www.purpan.fr\/enseignant\/christel-couderc\/\" target=\"_blank\" rel=\"noreferrer noopener\">Christel COUDERC<\/a><br><a href=\"https:\/\/www.purpan.fr\/enseignant\/olivier-geffroy\/\" target=\"_blank\" rel=\"noreferrer noopener\">Olivier GEFFROY<\/a><br><a href=\"https:\/\/www.purpan.fr\/enseignant\/marianne-gosset\/\" target=\"_blank\" rel=\"noreferrer noopener\">Marianne GOSSET<\/a><br><a href=\"https:\/\/www.purpan.fr\/enseignant\/gwenaelle-jard\/\" target=\"_blank\" rel=\"noreferrer noopener\">Gwena\u00eblle JARD<\/a><br><a href=\"https:\/\/www.purpan.fr\/enseignant\/helene-tormo-coulibaly\/\" target=\"_blank\" rel=\"noreferrer noopener\">H\u00e9l\u00e8ne TORMO<\/a><\/p>\n<\/div>\n<\/div>\n<\/div><\/div><\/div><\/div><\/div>\n\n\n\n<div class=\"wp-block-getwid-section has-background-color-green has-height-undefined\"><div class=\"wp-block-getwid-section__wrapper\"><div class=\"wp-block-getwid-section__inner-wrapper\"><div class=\"wp-block-getwid-section__background-holder\"><div class=\"wp-block-getwid-section__background has-background has-vert-bleu-background-color\"><\/div><div class=\"wp-block-getwid-section__foreground\"><\/div><\/div><div class=\"wp-block-getwid-section__content\"><div class=\"wp-block-getwid-section__inner-content\">\n<div class=\"wp-block-columns is-layout-flex wp-container-core-columns-is-layout-9d6595d7 wp-block-columns-is-layout-flex\">\n<div class=\"wp-block-column is-layout-flow wp-block-column-is-layout-flow\">\n<h2 class=\"wp-block-heading\">Exemples de projets<\/h2>\n\n\n\n<ul class=\"wp-block-list\">\n<li class=\"has-blanc-color has-text-color has-link-color wp-elements-8de9cd7dba6db7e40189bbad60c3e818\">&#8211; Caract\u00e9risation et Elaboration d\u2019un levain lactique de terroir&nbsp;pour l\u2019AOP Rocamadour &nbsp; \u200b<br>&#8211; Caract\u00e9risation de produits ferment\u00e9s traditionnels (empreinte terroir) : cas d\u2019\u00e9tudes au Liban et au Kazakhstan \u200b<\/li>\n\n\n\n<li class=\"has-blanc-color has-text-color has-link-color wp-elements-38df4a16d69bee92130fbd80a6f7b532\">&#8211; Etude de faisabilit\u00e9 d\u2019un atelier de transformation de produits laitiers\u200b<br>&#8211; Valorisation du&nbsp;lactos\u00e9rum : D\u00e9veloppement de produits alimentaires \u00e0 base de &#8220;petit lait&#8221;\u200b<br>&#8211; D\u00e9veloppement de gammes de produits laitiers ferment\u00e9s (yaourt , beurre, fromage)\u200b<br>&#8211; Caract\u00e9risation sensorielle de th\u00e9s cultiv\u00e9s et transform\u00e9s&nbsp;en France\u200b<br>&#8211; Accompagnement des innovations technologiques et de la cr\u00e9ation de valeur dans la fili\u00e8re bl\u00e9 artisanale en Occitanie<\/li>\n<\/ul>\n<\/div>\n\n\n\n<div class=\"wp-block-column is-layout-flow wp-block-column-is-layout-flow\">\n<figure class=\"wp-block-image size-large\"><img decoding=\"async\" width=\"1024\" height=\"768\" src=\"https:\/\/www.purpan.fr\/wp-content\/uploads\/2025\/06\/Fromage-la-hALLE-1024x768.jpg\" alt=\"\" class=\"wp-image-12524\" srcset=\"https:\/\/www.purpan.fr\/wp-content\/uploads\/2025\/06\/Fromage-la-hALLE-1024x768.jpg 1024w, https:\/\/www.purpan.fr\/wp-content\/uploads\/2025\/06\/Fromage-la-hALLE-300x225.jpg 300w, https:\/\/www.purpan.fr\/wp-content\/uploads\/2025\/06\/Fromage-la-hALLE-768x576.jpg 768w, https:\/\/www.purpan.fr\/wp-content\/uploads\/2025\/06\/Fromage-la-hALLE-1536x1152.jpg 1536w, https:\/\/www.purpan.fr\/wp-content\/uploads\/2025\/06\/Fromage-la-hALLE.jpg 1600w\" sizes=\"(max-width: 1024px) 100vw, 1024px\" \/><\/figure>\n<\/div>\n<\/div>\n<\/div><\/div><\/div><\/div><\/div>\n\n\n\n<div class=\"wp-block-getwid-section\"><div class=\"wp-block-getwid-section__wrapper\"><div class=\"wp-block-getwid-section__inner-wrapper\"><div class=\"wp-block-getwid-section__background-holder\"><div class=\"wp-block-getwid-section__background has-background has-blanc-background-color\"><\/div><div class=\"wp-block-getwid-section__foreground\"><\/div><\/div><div class=\"wp-block-getwid-section__content\"><div class=\"wp-block-getwid-section__inner-content\">\n<div class=\"wp-block-columns is-layout-flex wp-container-core-columns-is-layout-9d6595d7 wp-block-columns-is-layout-flex\">\n<div class=\"wp-block-column is-layout-flow wp-block-column-is-layout-flow\">\n<h2 class=\"wp-block-heading\">Ils nous font confiance<\/h2>\n<\/div>\n<\/div>\n\n\n\n<div class=\"wp-block-columns is-layout-flex wp-container-core-columns-is-layout-9d6595d7 wp-block-columns-is-layout-flex\">\n<div class=\"wp-block-column is-layout-flow wp-block-column-is-layout-flow\"><div class=\"wp-block-image\">\n<figure class=\"aligncenter size-large\"><img decoding=\"async\" width=\"1024\" height=\"330\" src=\"https:\/\/www.purpan.fr\/wp-content\/uploads\/2025\/06\/acapella_caf_the_cacao_cover-1024x330.jpg\" alt=\"\" class=\"wp-image-12526\" srcset=\"https:\/\/www.purpan.fr\/wp-content\/uploads\/2025\/06\/acapella_caf_the_cacao_cover-1024x330.jpg 1024w, https:\/\/www.purpan.fr\/wp-content\/uploads\/2025\/06\/acapella_caf_the_cacao_cover-300x97.jpg 300w, https:\/\/www.purpan.fr\/wp-content\/uploads\/2025\/06\/acapella_caf_the_cacao_cover-768x247.jpg 768w, https:\/\/www.purpan.fr\/wp-content\/uploads\/2025\/06\/acapella_caf_the_cacao_cover-1536x494.jpg 1536w, https:\/\/www.purpan.fr\/wp-content\/uploads\/2025\/06\/acapella_caf_the_cacao_cover-2048x659.jpg 2048w\" sizes=\"(max-width: 1024px) 100vw, 1024px\" \/><\/figure>\n<\/div><\/div>\n\n\n\n<div class=\"wp-block-column is-layout-flow wp-block-column-is-layout-flow\"><div class=\"wp-block-image\">\n<figure class=\"aligncenter size-full is-resized\"><img decoding=\"async\" width=\"300\" height=\"177\" src=\"https:\/\/www.purpan.fr\/wp-content\/uploads\/2025\/06\/biochamps-logo.300-white.jpg\" alt=\"\" class=\"wp-image-12528\" style=\"width:202px;height:auto\"\/><\/figure>\n<\/div><\/div>\n\n\n\n<div class=\"wp-block-column is-layout-flow wp-block-column-is-layout-flow\"><div class=\"wp-block-image\">\n<figure class=\"aligncenter size-large is-resized\"><img decoding=\"async\" width=\"419\" height=\"235\" src=\"https:\/\/www.purpan.fr\/wp-content\/uploads\/2025\/06\/LaBriqueRose_logo_Yeo_Frais.png\" alt=\"\" class=\"wp-image-12530\" style=\"width:209px;height:auto\" srcset=\"https:\/\/www.purpan.fr\/wp-content\/uploads\/2025\/06\/LaBriqueRose_logo_Yeo_Frais.png 419w, https:\/\/www.purpan.fr\/wp-content\/uploads\/2025\/06\/LaBriqueRose_logo_Yeo_Frais-300x168.png 300w\" sizes=\"(max-width: 419px) 100vw, 419px\" \/><\/figure>\n<\/div>\n\n<div class=\"wp-block-image\">\n<figure class=\"aligncenter size-large is-resized\"><img decoding=\"async\" width=\"1024\" height=\"850\" src=\"https:\/\/www.purpan.fr\/wp-content\/uploads\/2025\/06\/89-yeo-frais-v-logo-1024x850.png\" alt=\"\" class=\"wp-image-12532\" style=\"width:194px;height:auto\" srcset=\"https:\/\/www.purpan.fr\/wp-content\/uploads\/2025\/06\/89-yeo-frais-v-logo-1024x850.png 1024w, https:\/\/www.purpan.fr\/wp-content\/uploads\/2025\/06\/89-yeo-frais-v-logo-300x249.png 300w, https:\/\/www.purpan.fr\/wp-content\/uploads\/2025\/06\/89-yeo-frais-v-logo-768x638.png 768w, https:\/\/www.purpan.fr\/wp-content\/uploads\/2025\/06\/89-yeo-frais-v-logo.png 1514w\" sizes=\"(max-width: 1024px) 100vw, 1024px\" \/><\/figure>\n<\/div><\/div>\n<\/div>\n<\/div><\/div><\/div><\/div><\/div>\n\n\n\n<div class=\"wp-block-getwid-section has-background-color-green has-height-undefined\"><div class=\"wp-block-getwid-section__wrapper\"><div class=\"wp-block-getwid-section__inner-wrapper\"><div class=\"wp-block-getwid-section__background-holder\"><div class=\"wp-block-getwid-section__background has-background has-vert-bleu-background-color\"><\/div><div class=\"wp-block-getwid-section__foreground\"><\/div><\/div><div class=\"wp-block-getwid-section__content\"><div class=\"wp-block-getwid-section__inner-content\">\n<div class=\"wp-block-columns is-layout-flex wp-container-core-columns-is-layout-9d6595d7 wp-block-columns-is-layout-flex\">\n<div class=\"wp-block-column is-layout-flow wp-block-column-is-layout-flow\">\n<h2 class=\"wp-block-heading\">Chiffres cl\u00e9s<\/h2>\n\n\n\n<div class=\"wp-block-columns is-layout-flex wp-container-core-columns-is-layout-9d6595d7 wp-block-columns-is-layout-flex\">\n<div class=\"wp-block-column is-layout-flow wp-block-column-is-layout-flow\">\n<div class=\"wp-block-getwid-counter\"><div class=\"wp-block-getwid-counter__wrapper\" data-start=\"0\" data-end=\"750\" data-decimal-places=\"0\" data-duration=\"3\" data-use-easing=\"true\" data-use-grouping=\"true\" data-separator=\",\" data-decimal=\".\" data-easing-fn=\"outExpo\" data-numerals=\"default\"><span class=\"wp-block-getwid-counter__number has-text-color has-blanc-color\">0<\/span><p class=\"wp-block-getwid-counter__suffix\">m\u00b2 de surface<\/p><\/div><\/div>\n<\/div>\n\n\n\n<div class=\"wp-block-column is-layout-flow wp-block-column-is-layout-flow\">\n<div class=\"wp-block-getwid-counter\"><div class=\"wp-block-getwid-counter__wrapper\" data-start=\"0\" data-end=\"2014\" data-decimal-places=\"0\" data-duration=\"3\" data-use-easing=\"true\" data-use-grouping=\"true\" data-separator=\"\" data-decimal=\"\" data-easing-fn=\"outExpo\" data-numerals=\"default\"><span class=\"wp-block-getwid-counter__number has-text-color has-blanc-color\">0<\/span><p class=\"wp-block-getwid-counter__suffix\">ann\u00e9e de cr\u00e9ation<\/p><\/div><\/div>\n<\/div>\n\n\n\n<div class=\"wp-block-column is-layout-flow wp-block-column-is-layout-flow\">\n<div class=\"wp-block-getwid-counter\"><div class=\"wp-block-getwid-counter__wrapper\" data-start=\"0\" data-end=\"10\" data-decimal-places=\"0\" data-duration=\"3\" data-use-easing=\"true\" data-use-grouping=\"true\" data-separator=\",\" data-decimal=\".\" data-easing-fn=\"outExpo\" data-numerals=\"default\"><p class=\"wp-block-getwid-counter__prefix\">Plus de<\/p><span class=\"wp-block-getwid-counter__number has-text-color has-blanc-color\">0<\/span><p class=\"wp-block-getwid-counter__suffix\">projets r\u00e9alis\u00e9s par an<\/p><\/div><\/div>\n<\/div>\n<\/div>\n<\/div>\n<\/div>\n\n\n\n<div class=\"wp-block-columns is-layout-flex wp-container-core-columns-is-layout-9d6595d7 wp-block-columns-is-layout-flex\">\n<div class=\"wp-block-column is-layout-flow wp-block-column-is-layout-flow\">\n<div class=\"wp-block-getwid-counter\"><div class=\"wp-block-getwid-counter__wrapper\" data-start=\"0\" data-end=\"50\" data-decimal-places=\"0\" data-duration=\"3\" data-use-easing=\"true\" data-use-grouping=\"true\" data-separator=\",\" data-decimal=\".\" data-easing-fn=\"outExpo\" data-numerals=\"default\"><span class=\"wp-block-getwid-counter__number has-text-color has-blanc-color\">0<\/span><p class=\"wp-block-getwid-counter__suffix\">% du temps d\u00e9di\u00e9 \u00e0 la p\u00e9dagogie<\/p><\/div><\/div>\n<\/div>\n\n\n\n<div class=\"wp-block-column is-layout-flow wp-block-column-is-layout-flow\">\n<div class=\"wp-block-getwid-counter\"><div class=\"wp-block-getwid-counter__wrapper\" data-start=\"0\" data-end=\"400\" data-decimal-places=\"0\" data-duration=\"3\" data-use-easing=\"true\" data-use-grouping=\"true\" data-separator=\",\" data-decimal=\".\" data-easing-fn=\"outExpo\" data-numerals=\"default\"><span class=\"wp-block-getwid-counter__number has-text-color has-blanc-color\">0<\/span><p class=\"wp-block-getwid-counter__suffix\">\u00e9tudiant(e)s par an form\u00e9(e)s aux transformations alimentaires<\/p><\/div><\/div>\n<\/div>\n<\/div>\n<\/div><\/div><\/div><\/div><\/div>\n\n\n\n<div class=\"wp-block-getwid-section has-background-color-yellow has-height-undefined\"><div class=\"wp-block-getwid-section__wrapper\"><div class=\"wp-block-getwid-section__inner-wrapper\"><div class=\"wp-block-getwid-section__background-holder\"><div class=\"wp-block-getwid-section__background has-background has-jaune-background-color\"><\/div><div class=\"wp-block-getwid-section__foreground\"><\/div><\/div><div class=\"wp-block-getwid-section__content\"><div class=\"wp-block-getwid-section__inner-content\">\n<div class=\"wp-block-columns is-layout-flex wp-container-core-columns-is-layout-9d6595d7 wp-block-columns-is-layout-flex\">\n<div class=\"wp-block-column is-layout-flow wp-block-column-is-layout-flow\">\n<figure class=\"wp-block-image size-full\"><img decoding=\"async\" width=\"825\" height=\"619\" src=\"https:\/\/www.purpan.fr\/wp-content\/uploads\/2025\/06\/087677f3-a404-46a6-b82b-5bfbb3c4-edited.jpg\" alt=\"\" class=\"wp-image-12546\" srcset=\"https:\/\/www.purpan.fr\/wp-content\/uploads\/2025\/06\/087677f3-a404-46a6-b82b-5bfbb3c4-edited.jpg 825w, https:\/\/www.purpan.fr\/wp-content\/uploads\/2025\/06\/087677f3-a404-46a6-b82b-5bfbb3c4-edited-300x225.jpg 300w, https:\/\/www.purpan.fr\/wp-content\/uploads\/2025\/06\/087677f3-a404-46a6-b82b-5bfbb3c4-edited-768x576.jpg 768w\" sizes=\"(max-width: 825px) 100vw, 825px\" \/><\/figure>\n<\/div>\n\n\n\n<div class=\"wp-block-column is-layout-flow wp-block-column-is-layout-flow\">\n<h2 class=\"wp-block-heading\">Contact et ressources<\/h2>\n\n\n\n<p>Cliquez sur le bouton ci-dessous pour nous contacter :<\/p>\n\n\n\n<div class=\"wp-block-buttons is-layout-flex wp-block-buttons-is-layout-flex\">\n<div class=\"wp-block-button\"><a class=\"wp-block-button__link wp-element-button\" href=\"mailto:halle@purpan.fr\">Contacter les \u00e9quipes de la Halle<\/a><\/div>\n<\/div>\n\n\n\n<div style=\"height:64px\" aria-hidden=\"true\" class=\"wp-block-spacer\"><\/div>\n\n\n\n<p>D\u00e9couvrez les notes d&#8217;application :<\/p>\n<\/div>\n<\/div>\n<\/div><\/div><\/div><\/div><\/div>\n","protected":false},"excerpt":{"rendered":"","protected":false},"author":5,"featured_media":0,"parent":0,"menu_order":22,"comment_status":"closed","ping_status":"closed","template":"","meta":{"inline_featured_image":false,"footnotes":""},"class_list":["post-12517","page","type-page","status-publish","hentry"],"_links":{"self":[{"href":"https:\/\/www.purpan.fr\/en\/wp-json\/wp\/v2\/pages\/12517","targetHints":{"allow":["GET"]}}],"collection":[{"href":"https:\/\/www.purpan.fr\/en\/wp-json\/wp\/v2\/pages"}],"about":[{"href":"https:\/\/www.purpan.fr\/en\/wp-json\/wp\/v2\/types\/page"}],"author":[{"embeddable":true,"href":"https:\/\/www.purpan.fr\/en\/wp-json\/wp\/v2\/users\/5"}],"replies":[{"embeddable":true,"href":"https:\/\/www.purpan.fr\/en\/wp-json\/wp\/v2\/comments?post=12517"}],"version-history":[{"count":22,"href":"https:\/\/www.purpan.fr\/en\/wp-json\/wp\/v2\/pages\/12517\/revisions"}],"predecessor-version":[{"id":13009,"href":"https:\/\/www.purpan.fr\/en\/wp-json\/wp\/v2\/pages\/12517\/revisions\/13009"}],"wp:attachment":[{"href":"https:\/\/www.purpan.fr\/en\/wp-json\/wp\/v2\/media?parent=12517"}],"curies":[{"name":"wp","href":"https:\/\/api.w.org\/{rel}","templated":true}]}}