{"id":11913,"date":"2025-04-28T10:56:22","date_gmt":"2025-04-28T08:56:22","guid":{"rendered":"https:\/\/www.purpan.fr\/?page_id=11913"},"modified":"2025-09-18T16:39:58","modified_gmt":"2025-09-18T14:39:58","slug":"centre-de-documentation","status":"publish","type":"page","link":"https:\/\/www.purpan.fr\/en\/centre-de-documentation\/","title":{"rendered":"Centre de documentation"},"content":{"rendered":"\n<div class=\"wp-block-getwid-section\"><div class=\"wp-block-getwid-section__wrapper\"><div class=\"wp-block-getwid-section__inner-wrapper\"><div class=\"wp-block-getwid-section__background-holder\"><div class=\"wp-block-getwid-section__background\"><\/div><div class=\"wp-block-getwid-section__foreground\"><\/div><\/div><div class=\"wp-block-getwid-section__content\"><div class=\"wp-block-getwid-section__inner-content\">\n<div class=\"wp-block-columns is-layout-flex wp-container-core-columns-is-layout-9d6595d7 wp-block-columns-is-layout-flex\">\n<div class=\"wp-block-column is-layout-flow wp-block-column-is-layout-flow\">\n<p>Le centre de documentation de PURPAN est un appui essentiel pour les \u00e9tudiant(e)s, les enseignant(e)s-chercheur(e)s ainsi que les doctorant(e)s pour leurs cours, travaux de documentation scientifique ou leur ouverture au monde.<\/p>\n\n\n\n<p>Le fonds couvre les domaines enseign\u00e9s \u00e0 l\u2019\u00c9cole :<br>\u2013 Sciences fondamentales et auxiliaires de l\u2019agriculture<br>\u2013 Productions animales, productions v\u00e9g\u00e9tales, agro-industries<br>\u2013 Sciences \u00e9conomiques, d\u00e9veloppement et am\u00e9nagement territorial, et bien plus encore \u2026<\/p>\n\n\n\n<p>Il propose \u00e9galement un fonds de culture g\u00e9n\u00e9rale, d\u2019apprentissage des langues et de jeux pour le plaisir mais aussi la p\u00e9dagogie.<\/p>\n\n\n\n<p><\/p>\n<\/div>\n\n\n\n<div class=\"wp-block-column is-layout-flow wp-block-column-is-layout-flow\"><div class=\"anchor-summary\" style=\"background-image: url('https:\/\/www.purpan.fr\/wp-content\/uploads\/2025\/04\/G232357-scaled.jpg')\">\n    <div>\n        <strong>Summary<\/strong>\n        \n        <ul id=\"anchor-summary__list\">\n            \n        <\/ul>\n    <\/div>\n<\/div><\/div>\n<\/div>\n<\/div><\/div><\/div><\/div><\/div>\n\n\n\n<div class=\"wp-block-getwid-section has-background-color-green has-height-undefined\"><div class=\"wp-block-getwid-section__wrapper\"><div class=\"wp-block-getwid-section__inner-wrapper\"><div class=\"wp-block-getwid-section__background-holder\"><div class=\"wp-block-getwid-section__background has-background has-vert-bleu-background-color\"><\/div><div class=\"wp-block-getwid-section__foreground\"><\/div><\/div><div class=\"wp-block-getwid-section__content\"><div class=\"wp-block-getwid-section__inner-content\">\n<div class=\"wp-block-columns is-layout-flex wp-container-core-columns-is-layout-9d6595d7 wp-block-columns-is-layout-flex\">\n<div class=\"wp-block-column is-layout-flow wp-block-column-is-layout-flow\">\n<figure class=\"wp-block-embed is-type-video is-provider-youtube wp-block-embed-youtube wp-embed-aspect-16-9 wp-has-aspect-ratio\"><div class=\"wp-block-embed__wrapper\">\n<script>document.addEventListener('DOMContentLoaded', function() {(tarteaucitron.job = tarteaucitron.job || []).push('youtube');});<\/script><div class=\"youtube_player\" videoID=\"5BmG9wrQOQg\" width=\"100%\" height=\"100%\" style=\"height:50vw\" theme=\"light\" rel=\"0\" controls=\"1\" showinfo=\"1\" autoplay=\"0\"><\/div>\n<\/div><figcaption class=\"wp-element-caption\">Pr\u00e9sentation du centre de documentation de PURPAN<\/figcaption><\/figure>\n<\/div>\n\n\n\n<div class=\"wp-block-column is-layout-flow wp-block-column-is-layout-flow\">\n<h2 class=\"wp-block-heading\">Fonctionnement<\/h2>\n\n\n\n<p>Le centre de documentation est accessible aux \u00e9tudiant(e) et personnel de l\u2019\u00c9cole ainsi qu\u2019aux personnes ext\u00e9rieures, aux horaires suivants qui peuvent varier au cours de l\u2019ann\u00e9e :<br><strong>\u2013 le\u00a0lundi,\u00a0mardi\u00a0et\u00a0jeudi\u00a0de\u00a08h30 \u00e0 18h00<\/strong><br><strong>\u2013 le\u00a0mercredi\u00a0de\u00a09h \u00e0 18h00<\/strong><br><strong>\u2013 le\u00a0vendredi\u00a0de\u00a09h \u00e0 17h<\/strong><\/p>\n<\/div>\n<\/div>\n<\/div><\/div><\/div><\/div><\/div>\n\n\n\n<div class=\"wp-block-getwid-section\"><div class=\"wp-block-getwid-section__wrapper\"><div class=\"wp-block-getwid-section__inner-wrapper\"><div class=\"wp-block-getwid-section__background-holder\"><div class=\"wp-block-getwid-section__background\"><\/div><div class=\"wp-block-getwid-section__foreground\"><\/div><\/div><div class=\"wp-block-getwid-section__content\"><div class=\"wp-block-getwid-section__inner-content\">\n<div class=\"wp-block-columns is-layout-flex wp-container-core-columns-is-layout-9d6595d7 wp-block-columns-is-layout-flex\">\n<div class=\"wp-block-column is-layout-flow wp-block-column-is-layout-flow\">\n<h2 class=\"wp-block-heading\">Portail documentaire<\/h2>\n\n\n\n<p>Le centre de documentation dispose de son&nbsp;<strong>portail documentaire en ligne<\/strong>&nbsp;celui-ci pr\u00e9sente l\u2019ensemble de la documentation disponible, que ce soit des livres, des revues, ou bien des jeux. Il donne \u00e9galement acc\u00e8s \u00e0 des bases de donn\u00e9es scientifiques internationales.<\/p>\n\n\n\n<div class=\"wp-block-buttons is-layout-flex wp-block-buttons-is-layout-flex\">\n<div class=\"wp-block-button\"><a class=\"wp-block-button__link wp-element-button\" href=\"https:\/\/centrededoc.purpan.fr\/\" target=\"_blank\" rel=\"noreferrer noopener\">D\u00e9couvrir le portail documentaire<\/a><\/div>\n<\/div>\n\n\n\n<div style=\"height:46px\" aria-hidden=\"true\" class=\"wp-block-spacer\"><\/div>\n\n\n\n<p>Une revue de presse est \u00e9galement accessible en lien avec les diff\u00e9rentes th\u00e9matiques enseign\u00e9es. Des manifestations culturelles sont r\u00e9guli\u00e8rement propos\u00e9es autour de sujets d\u2019actualit\u00e9.<\/p>\n\n\n\n<div class=\"wp-block-buttons is-layout-flex wp-block-buttons-is-layout-flex\">\n<div class=\"wp-block-button\"><a class=\"wp-block-button__link wp-element-button\" href=\"https:\/\/www.scoop.it\/topic\/centredocpurpan\" target=\"_blank\" rel=\"noreferrer noopener\">D\u00e9couvrir la revue de presse<\/a><\/div>\n<\/div>\n<\/div>\n\n\n\n<div class=\"wp-block-column is-layout-flow wp-block-column-is-layout-flow\">\n<figure class=\"wp-block-image size-large\"><img decoding=\"async\" width=\"1024\" height=\"683\" src=\"https:\/\/www.purpan.fr\/wp-content\/uploads\/2025\/04\/G232358-1024x683.jpg\" alt=\"\" class=\"wp-image-11880\" srcset=\"https:\/\/www.purpan.fr\/wp-content\/uploads\/2025\/04\/G232358-1024x683.jpg 1024w, https:\/\/www.purpan.fr\/wp-content\/uploads\/2025\/04\/G232358-300x200.jpg 300w, https:\/\/www.purpan.fr\/wp-content\/uploads\/2025\/04\/G232358-768x512.jpg 768w, https:\/\/www.purpan.fr\/wp-content\/uploads\/2025\/04\/G232358-1536x1024.jpg 1536w, https:\/\/www.purpan.fr\/wp-content\/uploads\/2025\/04\/G232358-2048x1365.jpg 2048w\" sizes=\"(max-width: 1024px) 100vw, 1024px\" \/><\/figure>\n<\/div>\n<\/div>\n<\/div><\/div><\/div><\/div><\/div>\n\n\n\n<div class=\"wp-block-getwid-section has-background-color-yellow has-height-undefined\"><div class=\"wp-block-getwid-section__wrapper\"><div class=\"wp-block-getwid-section__inner-wrapper\"><div class=\"wp-block-getwid-section__background-holder\"><div class=\"wp-block-getwid-section__background has-background has-jaune-background-color\"><\/div><div class=\"wp-block-getwid-section__foreground\"><\/div><\/div><div class=\"wp-block-getwid-section__content\"><div class=\"wp-block-getwid-section__inner-content\">\n<div class=\"wp-block-columns is-layout-flex wp-container-core-columns-is-layout-9d6595d7 wp-block-columns-is-layout-flex\">\n<div class=\"wp-block-column is-layout-flow wp-block-column-is-layout-flow\">\n<h2 class=\"wp-block-heading\">Chiffres cl\u00e9s<\/h2>\n\n\n\n<div class=\"wp-block-getwid-counter\"><div class=\"wp-block-getwid-counter__wrapper\" data-start=\"0\" data-end=\"11800\" data-decimal-places=\"0\" data-duration=\"3\" data-use-easing=\"true\" data-use-grouping=\"true\" data-separator=\",\" data-decimal=\".\" data-easing-fn=\"outExpo\" data-numerals=\"default\"><span class=\"wp-block-getwid-counter__number\">0<\/span><p class=\"wp-block-getwid-counter__suffix\">Ouvrages<\/p><\/div><\/div>\n<\/div>\n\n\n\n<div class=\"wp-block-column is-layout-flow wp-block-column-is-layout-flow\">\n<div class=\"wp-block-getwid-counter\"><div class=\"wp-block-getwid-counter__wrapper\" data-start=\"0\" data-end=\"109\" data-decimal-places=\"0\" data-duration=\"3\" data-use-easing=\"true\" data-use-grouping=\"true\" data-separator=\",\" data-decimal=\".\" data-easing-fn=\"outExpo\" data-numerals=\"default\"><p class=\"wp-block-getwid-counter__prefix\"><br><br><br><br><br><\/p><span class=\"wp-block-getwid-counter__number\">0<\/span><p class=\"wp-block-getwid-counter__suffix\">Jeux<\/p><\/div><\/div>\n<\/div>\n\n\n\n<div class=\"wp-block-column is-layout-flow wp-block-column-is-layout-flow\">\n<div class=\"wp-block-getwid-counter\"><div class=\"wp-block-getwid-counter__wrapper\" data-start=\"0\" data-end=\"146\" data-decimal-places=\"0\" data-duration=\"3\" data-use-easing=\"true\" data-use-grouping=\"true\" data-separator=\",\" data-decimal=\".\" data-easing-fn=\"outExpo\" data-numerals=\"default\"><p class=\"wp-block-getwid-counter__prefix\"><br><br><br><br><br><\/p><span class=\"wp-block-getwid-counter__number\">0<\/span><p class=\"wp-block-getwid-counter__suffix\">Abonnements en cours<\/p><\/div><\/div>\n<\/div>\n<\/div>\n\n\n\n<div class=\"wp-block-columns is-layout-flex wp-container-core-columns-is-layout-9d6595d7 wp-block-columns-is-layout-flex\">\n<div class=\"wp-block-column is-layout-flow wp-block-column-is-layout-flow\"><\/div>\n<\/div>\n<\/div><\/div><\/div><\/div><\/div>\n\n\n\n<div class=\"wp-block-getwid-section has-background-color-green has-height-undefined\"><div class=\"wp-block-getwid-section__wrapper\"><div class=\"wp-block-getwid-section__inner-wrapper\"><div class=\"wp-block-getwid-section__background-holder\"><div class=\"wp-block-getwid-section__background has-background has-vert-bleu-background-color\"><\/div><div class=\"wp-block-getwid-section__foreground\"><\/div><\/div><div class=\"wp-block-getwid-section__content\"><div class=\"wp-block-getwid-section__inner-content\">\n<div class=\"wp-block-columns is-layout-flex wp-container-core-columns-is-layout-9d6595d7 wp-block-columns-is-layout-flex\">\n<div class=\"wp-block-column is-layout-flow wp-block-column-is-layout-flow\">\n<h2 class=\"wp-block-heading\">Contact<\/h2>\n\n\n\n<p>Cliquez sur le lien ci-dessous pour contacter l&#8217;\u00e9quipe charg\u00e9e du centre de documentation.<\/p>\n\n\n\n<div class=\"wp-block-buttons is-layout-flex wp-block-buttons-is-layout-flex\">\n<div class=\"wp-block-button\"><a class=\"wp-block-button__link wp-element-button\" href=\"mailto:centrededoc@purpan.fr\">Contacter le centre de documentation<\/a><\/div>\n<\/div>\n<\/div>\n\n\n\n<div class=\"wp-block-column is-layout-flow wp-block-column-is-layout-flow\">\n<figure class=\"wp-block-image size-large\"><img decoding=\"async\" width=\"1024\" height=\"683\" src=\"https:\/\/www.purpan.fr\/wp-content\/uploads\/2025\/04\/G232384-1024x683.jpg\" alt=\"\" class=\"wp-image-12026\" srcset=\"https:\/\/www.purpan.fr\/wp-content\/uploads\/2025\/04\/G232384-1024x683.jpg 1024w, https:\/\/www.purpan.fr\/wp-content\/uploads\/2025\/04\/G232384-300x200.jpg 300w, https:\/\/www.purpan.fr\/wp-content\/uploads\/2025\/04\/G232384-768x512.jpg 768w, https:\/\/www.purpan.fr\/wp-content\/uploads\/2025\/04\/G232384-1536x1024.jpg 1536w, https:\/\/www.purpan.fr\/wp-content\/uploads\/2025\/04\/G232384-2048x1365.jpg 2048w\" sizes=\"(max-width: 1024px) 100vw, 1024px\" \/><\/figure>\n<\/div>\n<\/div>\n<\/div><\/div><\/div><\/div><\/div>\n\n\n\n<p><\/p>\n","protected":false},"excerpt":{"rendered":"","protected":false},"author":5,"featured_media":0,"parent":0,"menu_order":13,"comment_status":"closed","ping_status":"closed","template":"","meta":{"inline_featured_image":false,"footnotes":""},"class_list":["post-11913","page","type-page","status-publish","hentry"],"_links":{"self":[{"href":"https:\/\/www.purpan.fr\/en\/wp-json\/wp\/v2\/pages\/11913","targetHints":{"allow":["GET"]}}],"collection":[{"href":"https:\/\/www.purpan.fr\/en\/wp-json\/wp\/v2\/pages"}],"about":[{"href":"https:\/\/www.purpan.fr\/en\/wp-json\/wp\/v2\/types\/page"}],"author":[{"embeddable":true,"href":"https:\/\/www.purpan.fr\/en\/wp-json\/wp\/v2\/users\/5"}],"replies":[{"embeddable":true,"href":"https:\/\/www.purpan.fr\/en\/wp-json\/wp\/v2\/comments?post=11913"}],"version-history":[{"count":18,"href":"https:\/\/www.purpan.fr\/en\/wp-json\/wp\/v2\/pages\/11913\/revisions"}],"predecessor-version":[{"id":13214,"href":"https:\/\/www.purpan.fr\/en\/wp-json\/wp\/v2\/pages\/11913\/revisions\/13214"}],"wp:attachment":[{"href":"https:\/\/www.purpan.fr\/en\/wp-json\/wp\/v2\/media?parent=11913"}],"curies":[{"name":"wp","href":"https:\/\/api.w.org\/{rel}","templated":true}]}}