{"id":11663,"date":"2025-07-10T16:41:04","date_gmt":"2025-07-10T14:41:04","guid":{"rendered":"https:\/\/www.purpan.fr\/?page_id=11663"},"modified":"2025-07-10T16:41:06","modified_gmt":"2025-07-10T14:41:06","slug":"cursus-ingenieur-et-double-diplome","status":"publish","type":"page","link":"https:\/\/www.purpan.fr\/en\/cursus-ingenieur-et-double-diplome\/","title":{"rendered":"Cursus Ing\u00e9nieur et Double Dipl\u00f4me"},"content":{"rendered":"\n<div class=\"wp-block-getwid-section\"><div class=\"wp-block-getwid-section__wrapper\"><div class=\"wp-block-getwid-section__inner-wrapper\"><div class=\"wp-block-getwid-section__background-holder\"><div class=\"wp-block-getwid-section__background\"><\/div><div class=\"wp-block-getwid-section__foreground\"><\/div><\/div><div class=\"wp-block-getwid-section__content\"><div class=\"wp-block-getwid-section__inner-content\">\n<div class=\"wp-block-columns is-layout-flex wp-container-core-columns-is-layout-9d6595d7 wp-block-columns-is-layout-flex\">\n<div class=\"wp-block-column is-layout-flow wp-block-column-is-layout-flow\">\n<p>Le double dipl\u00f4me constitue l\u2019un des parcours d\u2019excellence propos\u00e9s par PURPAN. Destin\u00e9 aux \u00e9tudiant(e)s du cycle ing\u00e9nieur, cette personnalisation du cursus permet d\u2019obtenir, en plus du dipl\u00f4me d\u2019ing\u00e9nieur de PURPAN, un second dipl\u00f4me d\u00e9livr\u00e9 par une universit\u00e9 partenaire, en France ou \u00e0 l\u2019international. Les doubles-dipl\u00f4mes constituent un <strong>atout diff\u00e9renciant majeur<\/strong> lors des entretiens d\u2019embauche ou dans une poursuite de carri\u00e8re, notamment \u00e0 l\u2019international.<\/p>\n\n\n\n<p>Acc\u00e9der \u00e0 un double dipl\u00f4me implique des choix de parcours sp\u00e9cifiques d\u00e8s la 4e ann\u00e9e et prolonge la scolarit\u00e9 de <strong>un semestre \u00e0 un an<\/strong> (soit une formation sur <strong>5 ans et demi \u00e0 6 ans<\/strong>). Ce chemin d\u2019excellence modifie \u00e9galement le calendrier acad\u00e9mique habituel de fin de cursus.<br><strong>Bon \u00e0 savoir <\/strong>: si un semestre est ajout\u00e9, il n\u2019y a pas de d\u00e9calage de diplomation&nbsp;: les \u00e9tudiant(e)s sont dipl\u00f4m\u00e9(e)s avec leur promotion de d\u00e9part. Si c\u2019est une ann\u00e9e, il y a un d\u00e9calage de diplomation&nbsp;: les \u00e9tudiant(e)s sont dipl\u00f4m\u00e9(e)s avec la promotion suivante.<\/p>\n\n\n\n<p>Pour bien comprendre comment un double-dipl\u00f4me impacte le parcours \u00e0 PURPAN, nous vous invitons \u00e0 simuler votre parcours via notre web-app &#8220;Mon Parcours \u00e0 PURPAN&#8221;<\/p>\n\n\n\n<div class=\"wp-block-buttons is-layout-flex wp-block-buttons-is-layout-flex\">\n<div class=\"wp-block-button\"><a class=\"wp-block-button__link wp-element-button\" href=\"https:\/\/monparcours.purpan.fr\/\" target=\"_blank\" rel=\"noreferrer noopener\">D\u00e9couvrir &#8220;Mon Parcours \u00e0 PURPAN&#8221;<\/a><\/div>\n<\/div>\n<\/div>\n\n\n\n<div class=\"wp-block-column is-layout-flow wp-block-column-is-layout-flow\"><div class=\"anchor-summary\" style=\"background-image: url('https:\/\/www.purpan.fr\/wp-content\/uploads\/2025\/07\/1031_PURPAN_G248440-1-scaled.jpg')\">\n    <div>\n        <strong>Summary<\/strong>\n        \n        <ul id=\"anchor-summary__list\">\n            \n        <\/ul>\n    <\/div>\n<\/div><\/div>\n<\/div>\n<\/div><\/div><\/div><\/div><\/div>\n\n\n\n<div class=\"wp-block-getwid-section has-background-color-green has-height-undefined\"><div class=\"wp-block-getwid-section__wrapper\"><div class=\"wp-block-getwid-section__inner-wrapper\"><div class=\"wp-block-getwid-section__background-holder\"><div class=\"wp-block-getwid-section__background\"><\/div><div class=\"wp-block-getwid-section__foreground\"><\/div><\/div><div class=\"wp-block-getwid-section__content\"><div class=\"wp-block-getwid-section__inner-content\">\n<div class=\"wp-block-columns is-layout-flex wp-container-core-columns-is-layout-9d6595d7 wp-block-columns-is-layout-flex\">\n<div class=\"wp-block-column is-layout-flow wp-block-column-is-layout-flow\">\n<h2 class=\"wp-block-heading\">Les doubles-dipl\u00f4mes en france<\/h2>\n\n\n\n<div class=\"wp-block-columns is-layout-flex wp-container-core-columns-is-layout-9d6595d7 wp-block-columns-is-layout-flex\">\n<div class=\"wp-block-column is-layout-flow wp-block-column-is-layout-flow\">\n<p>PURPAN propose plusieurs partenariats avec des \u00e9coles et universit\u00e9s fran\u00e7aises. Ces doubles-dipl\u00f4mes permettent d\u2019approfondir une sp\u00e9cialisation (\u00e9conomie, gestion, environnement, agroalimentaire\u2026) tout en renfor\u00e7ant la reconnaissance acad\u00e9mique du parcours en France.<\/p>\n\n\n\n<p>D\u00e9couvrez la liste des structures et des doubles-dipl\u00f4mes associ\u00e9s ci-dessous :<\/p>\n\n\n\n<details class=\"wp-block-details has-blanc-color has-text-color has-link-color wp-elements-8c2fa45a566529b765bd5fe831e91b9f is-layout-flow wp-block-details-is-layout-flow\"><summary>Toulouse Business School (TBS)<\/summary>\n<ul class=\"wp-block-list\">\n<li class=\"has-small-font-size\">Marketing &amp; International Business<\/li>\n\n\n\n<li>Business Analytics, Big Data, IA et Transformation Digitale<\/li>\n\n\n\n<li>Audit et contr\u00f4le<\/li>\n\n\n\n<li>Finance et banque<\/li>\n\n\n\n<li>Conseil, strat\u00e9gie, RH et entrepreneuriat<\/li>\n\n\n\n<li>Supply chain, a\u00e9ronautique<\/li>\n\n\n\n<li>Ing\u00e9nierie<\/li>\n\n\n\n<li>Arts, Humanit\u00e9s &amp; Sciences Politiques<\/li>\n<\/ul>\n\n\n\n<p><\/p>\n<\/details>\n\n\n\n<details class=\"wp-block-details has-blanc-color has-text-color has-link-color wp-elements-0b7c945351af9ac2357cdefb85f897d9 is-layout-flow wp-block-details-is-layout-flow\"><summary>Toulouse School of Management (TSM) &#8211; Universit\u00e9 Toulouse 1 Capitole (accessible en 5e ann\u00e9e)<\/summary>\n<ul class=\"wp-block-list\">\n<li>Master Strat\u00e9gie parcours Management de l&#8217;Innovation<\/li>\n\n\n\n<li>Master Strat\u00e9gie parcours Management International<\/li>\n\n\n\n<li>Master Management parcours Administration des Entreprises<\/li>\n\n\n\n<li>Master en Marketing<\/li>\n<\/ul>\n\n\n\n<p><\/p>\n<\/details>\n\n\n\n<details class=\"wp-block-details has-blanc-color has-text-color has-link-color wp-elements-bcc26a61506358ba64e3ff805e7bcef7 is-layout-flow wp-block-details-is-layout-flow\"><summary>Universit\u00e9 Toulouse 2 Jean Jaur\u00e8s et l&#8217;ENSFEA (\u00c9cole Nationale Sup\u00e9rieure de Formation de l&#8217;Enseignement Agricole) <\/summary>\n<p>Master Gestion des Territoires et D\u00e9veloppement Local Parcours Ruralit\u00e9 dans les Nords et les Suds<\/p>\n<\/details>\n\n\n\n<details class=\"wp-block-details has-blanc-color has-text-color has-link-color wp-elements-71a1e31364a788e6a4476282abfc80eb is-layout-flow wp-block-details-is-layout-flow\"><summary>ENSFEA (\u00c9cole Nationale Sup\u00e9rieure de Formation de l&#8217;Enseignement Agricole)<\/summary>\n<p>Master M\u00e9tiers de l&#8217;Enseignement, de l&#8217;\u00c9ducation, de la Formation<\/p>\n<\/details>\n\n\n\n<details class=\"wp-block-details has-blanc-color has-text-color has-link-color wp-elements-579bed3b8a0b4e32e38fbefd2df39447 is-layout-flow wp-block-details-is-layout-flow\"><summary>Science Po Toulouse<\/summary>\n<p><\/p>\n<\/details>\n<\/div>\n\n\n\n<div class=\"wp-block-column is-layout-flow wp-block-column-is-layout-flow\">\n<figure class=\"wp-block-embed is-type-video is-provider-youtube wp-block-embed-youtube wp-embed-aspect-16-9 wp-has-aspect-ratio\"><div class=\"wp-block-embed__wrapper\">\n<script>document.addEventListener('DOMContentLoaded', function() {(tarteaucitron.job = tarteaucitron.job || []).push('youtube');});<\/script><div class=\"youtube_player\" videoID=\"7fMb7Tncn2I\" width=\"100%\" height=\"100%\" style=\"height:50vw\" theme=\"light\" rel=\"0\" controls=\"1\" showinfo=\"1\" autoplay=\"0\"><\/div>\n<\/div><figcaption class=\"wp-element-caption\">Les doubles-dipl\u00f4mes avec la Toulouse School of Management<\/figcaption><\/figure>\n<\/div>\n<\/div>\n<\/div>\n<\/div>\n<\/div><\/div><\/div><\/div><\/div>\n\n\n\n<div class=\"wp-block-getwid-section has-background-color-yellow has-height-undefined\"><div class=\"wp-block-getwid-section__wrapper\"><div class=\"wp-block-getwid-section__inner-wrapper\"><div class=\"wp-block-getwid-section__background-holder\"><div class=\"wp-block-getwid-section__background\"><\/div><div class=\"wp-block-getwid-section__foreground\"><\/div><\/div><div class=\"wp-block-getwid-section__content\"><div class=\"wp-block-getwid-section__inner-content\">\n<div class=\"wp-block-columns is-layout-flex wp-container-core-columns-is-layout-9d6595d7 wp-block-columns-is-layout-flex\">\n<div class=\"wp-block-column is-layout-flow wp-block-column-is-layout-flow\">\n<figure class=\"wp-block-embed is-type-video is-provider-youtube wp-block-embed-youtube wp-embed-aspect-16-9 wp-has-aspect-ratio\"><div class=\"wp-block-embed__wrapper\">\n<script>document.addEventListener('DOMContentLoaded', function() {(tarteaucitron.job = tarteaucitron.job || []).push('youtube');});<\/script><div class=\"youtube_player\" videoID=\"iOBMpomDR5I\" width=\"100%\" height=\"100%\" style=\"height:50vw\" theme=\"light\" rel=\"0\" controls=\"1\" showinfo=\"1\" autoplay=\"0\"><\/div>\n<\/div><figcaption class=\"wp-element-caption\">Agathe vous raconte son double-dipl\u00f4me en agro-\u00e9cologie \u00e0 l&#8217;universit\u00e9 Norv\u00e9gienne de Biologie.<\/figcaption><\/figure>\n<\/div>\n\n\n\n<div class=\"wp-block-column is-layout-flow wp-block-column-is-layout-flow\">\n<h2 class=\"wp-block-heading\">Les doubles-dipl\u00f4mes \u00e0 l&#8217;international<\/h2>\n\n\n\n<p>Dans la continuit\u00e9 du cursus A4 en universit\u00e9 \u00e9trang\u00e8re, certain(e)s \u00e9tudiant(e)s peuvent postuler \u00e0 un double-dipl\u00f4me dans une universit\u00e9 partenaire hors de France. Ces parcours permettent d\u2019acqu\u00e9rir une double comp\u00e9tence interculturelle tr\u00e8s valoris\u00e9e \u00e0 l\u2019international.<\/p>\n\n\n\n<p>10 accords ont \u00e9t\u00e9 sp\u00e9cialement conclus dans ce but avec certaines universit\u00e9s :<\/p>\n\n\n\n<p><strong>Am\u00e9rique du Nord<\/strong><br>Kansas State University (U.S.A.)<br>University of Illinois (U.S.A.)<br>Purdue University (U.S.A.)<br><br><strong>Am\u00e9rique du Sud<\/strong><br>ESALQ S\u00e3o Paulo (Br\u00e9sil)<br>PUC PR (Br\u00e9sil)<br>PUC Santiago (Chili)<br><br><strong>Europe<\/strong><br>Hoheinheim (Allemagne) &#8211; MSc in Organic Agriculture and Food Systems (Coordonn\u00e9 par l&#8217;ISARA)<br>Wageningen (Pays-Bas) &#8211; MSc Resilient Farming and Food Systems (Coordonn\u00e9 par l&#8217;ISARA)<br>NMBU AAS (Norv\u00e8ge) &#8211; MSc Agroecology (Coordonn\u00e9 par l&#8217;ISARA)<\/p>\n<\/div>\n<\/div>\n<\/div><\/div><\/div><\/div><\/div>\n\n\n\n<div class=\"wp-block-getwid-section\"><div class=\"wp-block-getwid-section__wrapper\"><div class=\"wp-block-getwid-section__inner-wrapper\"><div class=\"wp-block-getwid-section__background-holder\"><div class=\"wp-block-getwid-section__background\"><\/div><div class=\"wp-block-getwid-section__foreground\"><\/div><\/div><div class=\"wp-block-getwid-section__content\"><div class=\"wp-block-getwid-section__inner-content\">\n<div class=\"wp-block-columns is-layout-flex wp-container-core-columns-is-layout-9d6595d7 wp-block-columns-is-layout-flex\">\n<div class=\"wp-block-column is-layout-flow wp-block-column-is-layout-flow\">\n<h2 class=\"wp-block-heading\">Comment effectuer un double-dipl\u00f4me ?<\/h2>\n\n\n\n<p>L\u2019acc\u00e8s aux doubles-dipl\u00f4mes est <strong>s\u00e9lectif<\/strong> et <strong>r\u00e9serv\u00e9<\/strong> aux \u00e9tudiant(e)s :<br>&#8211; ayant effectu\u00e9 un semestre \u00e0 l\u2019\u00e9tranger en 4e ann\u00e9e (pour les doubles-dipl\u00f4mes internationaux),<br>&#8211; pr\u00e9sentant un excellent dossier acad\u00e9mique depuis le d\u00e9but de la formation.<\/p>\n\n\n\n<p><strong>Modalit\u00e9s de candidature<\/strong><br>La s\u00e9lection se fait au sein de PURPAN :<br>&#8211; Dossier de candidature : lettre de motivation, CV\u2026<br>&#8211; Analyse des r\u00e9sultats acad\u00e9miques<br>&#8211; Entretien de motivation<\/p>\n\n\n\n<p>L\u2019ensemble est \u00e9valu\u00e9 par une commission interne. L\u2019universit\u00e9\/l&#8217;\u00e9cole partenaire valide \u00e9galement les candidatures.<\/p>\n<\/div>\n\n\n\n<div class=\"wp-block-column is-layout-flow wp-block-column-is-layout-flow\">\n<figure class=\"wp-block-image size-large\"><img decoding=\"async\" width=\"1024\" height=\"683\" src=\"https:\/\/www.purpan.fr\/wp-content\/uploads\/2025\/07\/G232482-1024x683.jpg\" alt=\"\" class=\"wp-image-12658\" srcset=\"https:\/\/www.purpan.fr\/wp-content\/uploads\/2025\/07\/G232482-1024x683.jpg 1024w, https:\/\/www.purpan.fr\/wp-content\/uploads\/2025\/07\/G232482-300x200.jpg 300w, https:\/\/www.purpan.fr\/wp-content\/uploads\/2025\/07\/G232482-768x512.jpg 768w, https:\/\/www.purpan.fr\/wp-content\/uploads\/2025\/07\/G232482-1536x1024.jpg 1536w, https:\/\/www.purpan.fr\/wp-content\/uploads\/2025\/07\/G232482-2048x1365.jpg 2048w\" sizes=\"(max-width: 1024px) 100vw, 1024px\" \/><\/figure>\n<\/div>\n<\/div>\n<\/div><\/div><\/div><\/div><\/div>\n","protected":false},"excerpt":{"rendered":"","protected":false},"author":5,"featured_media":0,"parent":0,"menu_order":14,"comment_status":"closed","ping_status":"closed","template":"","meta":{"inline_featured_image":false,"footnotes":""},"class_list":["post-11663","page","type-page","status-publish","hentry"],"_links":{"self":[{"href":"https:\/\/www.purpan.fr\/en\/wp-json\/wp\/v2\/pages\/11663","targetHints":{"allow":["GET"]}}],"collection":[{"href":"https:\/\/www.purpan.fr\/en\/wp-json\/wp\/v2\/pages"}],"about":[{"href":"https:\/\/www.purpan.fr\/en\/wp-json\/wp\/v2\/types\/page"}],"author":[{"embeddable":true,"href":"https:\/\/www.purpan.fr\/en\/wp-json\/wp\/v2\/users\/5"}],"replies":[{"embeddable":true,"href":"https:\/\/www.purpan.fr\/en\/wp-json\/wp\/v2\/comments?post=11663"}],"version-history":[{"count":11,"href":"https:\/\/www.purpan.fr\/en\/wp-json\/wp\/v2\/pages\/11663\/revisions"}],"predecessor-version":[{"id":12723,"href":"https:\/\/www.purpan.fr\/en\/wp-json\/wp\/v2\/pages\/11663\/revisions\/12723"}],"wp:attachment":[{"href":"https:\/\/www.purpan.fr\/en\/wp-json\/wp\/v2\/media?parent=11663"}],"curies":[{"name":"wp","href":"https:\/\/api.w.org\/{rel}","templated":true}]}}